{"id":87761,"date":"2022-11-09T13:09:36","date_gmt":"2022-11-09T12:09:36","guid":{"rendered":"https:\/\/houtdraaiwerken-penkits.nl\/shop\/unkategorisiert\/kaetzchen-fuellfederhalter-und-tintenroller-sets\/"},"modified":"2026-03-02T14:54:47","modified_gmt":"2026-03-02T13:54:47","slug":"kaetzchen-fuellfederhalter-und-tintenroller-sets","status":"publish","type":"product","link":"https:\/\/houtdraaiwerken-penkits.nl\/de\/shop\/stift-kits\/fullfederhalter-und-tintenroller-sets\/katzchen-fullfederhalter-und-tintenroller-sets\/kaetzchen-fuellfederhalter-und-tintenroller-sets\/","title":{"rendered":"K\u00e4tzchen-F\u00fcllfederhalter und Tintenroller-Sets"},"content":{"rendered":"<p>Erforderliche zus\u00e4tzliche Materialien:<\/p>\n<p><a href=\"https:\/\/www.houtdraaiwerken-penkits.nl\/shop\/busjes-sets\/bu478-fp-rp\/bu478-fp-rp\/\">BU478FP\/RP<\/a> Buchsen<strong> Bitte beachten Sie, dass diese Buchsen nicht mit denen des Kugelschreiber-Sets oder des Bleistift-Sets identisch sind!!!!<\/strong><\/p>\n<p><a href=\"https:\/\/www.houtdraaiwerken-penkits.nl\/shop\/gereedschap-en-boren\/boren\/rsdb117\/rsdb117\/\">RSDB117<\/a> 11,7 mm Bohrer<\/p>\n<p><a href=\"https:\/\/www.houtdraaiwerken-penkits.nl\/shop\/gereedschap-en-boren\/boren\/rsdb25-64-boor\/\">RSDB25\/64<\/a> Bohrer<\/p>\n<p><a href=\"https:\/\/www.houtdraaiwerken-penkits.nl\/shop\/gereedschap-en-boren\/gereedschap\/pen-mills\/pm107\/pm015pen-mills-hss-dia-9-9mm-l9-5cm-for-10-45mm-pen-tubes\/\">PM107<\/a> &amp; <a href=\"https:\/\/www.houtdraaiwerken-penkits.nl\/shop\/gereedschap-en-boren\/gereedschap\/pen-mills\/pm014\/pm014pen-mills-hss-dia-9-15mm-l9-5cm-for-10mm-pen-tubes\/\">PM014<\/a> Stiftm\u00fchlen<\/p>\n<p>Bitte beachten Sie, dass Sie f\u00fcr eine Stiftm\u00fchle auch einen Fr\u00e4ser <a href=\"https:\/\/houtdraaiwerken-penkits.nl\/de\/shop\/werkzeuge\/stiftmuehlen-fraeser\/pm006-de\/pm006-3-4-schneidkopf-mit-6-schneiden-fuer-pen-muehlen\/\">PM006<\/a> oder <a href=\"https:\/\/houtdraaiwerken-penkits.nl\/de\/shop\/werkzeuge\/stiftmuehlen-fraeser\/pm002-de\/pm002-3-4-schneidkopf-mit-4-schneidkanten-fuer-pen-mills\/\">PM002<\/a> ben\u00f6tigen. Der Fr\u00e4ser passt auf jede Stiftm\u00fchle.<\/p>\n","protected":false},"excerpt":{"rendered":"<p>K\u00e4tzchen-F\u00fcllfederhalter und Tintenroller-Sets<\/p>\n","protected":false},"featured_media":64443,"comment_status":"open","ping_status":"closed","template":"","meta":{"_et_pb_use_builder":"","_et_pb_old_content":"","_et_gb_content_width":""},"product_brand":[],"product_cat":[8168],"product_tag":[5339,5343,5341,5342,5340,2201],"class_list":{"0":"post-87761","1":"product","2":"type-product","3":"status-publish","4":"has-post-thumbnail","6":"product_cat-katzchen-fullfederhalter-und-tintenroller-sets","7":"product_tag-grose-jr-gentleman-fullfederhalter-rollerball-kits","8":"product_tag-katzchen-stift-kit","9":"product_tag-pferde-fullfederhalter-bausatz","10":"product_tag-pferde-rollerball-stift-set","11":"product_tag-pferdestall-bausatz","12":"product_tag-stift-kits","14":"first","15":"instock","16":"taxable","17":"shipping-taxable","18":"purchasable","19":"product-type-variable"},"_links":{"self":[{"href":"https:\/\/houtdraaiwerken-penkits.nl\/de\/wp-json\/wp\/v2\/product\/87761","targetHints":{"allow":["GET"]}}],"collection":[{"href":"https:\/\/houtdraaiwerken-penkits.nl\/de\/wp-json\/wp\/v2\/product"}],"about":[{"href":"https:\/\/houtdraaiwerken-penkits.nl\/de\/wp-json\/wp\/v2\/types\/product"}],"replies":[{"embeddable":true,"href":"https:\/\/houtdraaiwerken-penkits.nl\/de\/wp-json\/wp\/v2\/comments?post=87761"}],"wp:featuredmedia":[{"embeddable":true,"href":"https:\/\/houtdraaiwerken-penkits.nl\/de\/wp-json\/wp\/v2\/media\/64443"}],"wp:attachment":[{"href":"https:\/\/houtdraaiwerken-penkits.nl\/de\/wp-json\/wp\/v2\/media?parent=87761"}],"wp:term":[{"taxonomy":"product_brand","embeddable":true,"href":"https:\/\/houtdraaiwerken-penkits.nl\/de\/wp-json\/wp\/v2\/product_brand?post=87761"},{"taxonomy":"product_cat","embeddable":true,"href":"https:\/\/houtdraaiwerken-penkits.nl\/de\/wp-json\/wp\/v2\/product_cat?post=87761"},{"taxonomy":"product_tag","embeddable":true,"href":"https:\/\/houtdraaiwerken-penkits.nl\/de\/wp-json\/wp\/v2\/product_tag?post=87761"}],"curies":[{"name":"wp","href":"https:\/\/api.w.org\/{rel}","templated":true}]}}