{"id":87903,"date":"2022-09-08T10:44:53","date_gmt":"2022-09-08T08:44:53","guid":{"rendered":"https:\/\/houtdraaiwerken-penkits.nl\/shop\/unkategorisiert\/bt2009-stiftroehrchen-fuer-bravo-stift-sets\/"},"modified":"2022-09-08T10:44:53","modified_gmt":"2022-09-08T08:44:53","slug":"bt2009-stiftroehrchen-fuer-bravo-stift-sets","status":"publish","type":"product","link":"https:\/\/houtdraaiwerken-penkits.nl\/de\/shop\/stiftrohre\/bt2009-stiftrohrchen-fur-bravo-stift-sets\/bt2009-stiftroehrchen-fuer-bravo-stift-sets\/","title":{"rendered":"BT2009 Stiftr\u00f6hrchen f\u00fcr Bravo-Stift-Sets"},"content":{"rendered":"","protected":false},"excerpt":{"rendered":"<p>BT2009 Stiftr\u00f6hrchen f\u00fcr Bravo-Stiftsets. Preis pro St\u00fcck<\/p>\n<p>Gr\u00f6\u00dfe 8,5 x 0,25 x 94 mm<\/p>\n","protected":false},"featured_media":63838,"comment_status":"open","ping_status":"closed","template":"","meta":{"_et_pb_use_builder":"","_et_pb_old_content":"","_et_gb_content_width":""},"product_brand":[],"product_cat":[8233,3297],"product_tag":[3298],"class_list":{"0":"post-87903","1":"product","2":"type-product","3":"status-publish","4":"has-post-thumbnail","6":"product_cat-bt2009-stiftrohrchen-fur-bravo-stift-sets","7":"product_cat-stiftrohre","8":"product_tag-stiftrohr","10":"first","11":"instock","12":"taxable","13":"shipping-taxable","14":"purchasable","15":"product-type-simple"},"_links":{"self":[{"href":"https:\/\/houtdraaiwerken-penkits.nl\/de\/wp-json\/wp\/v2\/product\/87903","targetHints":{"allow":["GET"]}}],"collection":[{"href":"https:\/\/houtdraaiwerken-penkits.nl\/de\/wp-json\/wp\/v2\/product"}],"about":[{"href":"https:\/\/houtdraaiwerken-penkits.nl\/de\/wp-json\/wp\/v2\/types\/product"}],"replies":[{"embeddable":true,"href":"https:\/\/houtdraaiwerken-penkits.nl\/de\/wp-json\/wp\/v2\/comments?post=87903"}],"wp:featuredmedia":[{"embeddable":true,"href":"https:\/\/houtdraaiwerken-penkits.nl\/de\/wp-json\/wp\/v2\/media\/63838"}],"wp:attachment":[{"href":"https:\/\/houtdraaiwerken-penkits.nl\/de\/wp-json\/wp\/v2\/media?parent=87903"}],"wp:term":[{"taxonomy":"product_brand","embeddable":true,"href":"https:\/\/houtdraaiwerken-penkits.nl\/de\/wp-json\/wp\/v2\/product_brand?post=87903"},{"taxonomy":"product_cat","embeddable":true,"href":"https:\/\/houtdraaiwerken-penkits.nl\/de\/wp-json\/wp\/v2\/product_cat?post=87903"},{"taxonomy":"product_tag","embeddable":true,"href":"https:\/\/houtdraaiwerken-penkits.nl\/de\/wp-json\/wp\/v2\/product_tag?post=87903"}],"curies":[{"name":"wp","href":"https:\/\/api.w.org\/{rel}","templated":true}]}}