{"id":87947,"date":"2022-07-08T10:19:04","date_gmt":"2022-07-08T08:19:04","guid":{"rendered":"https:\/\/houtdraaiwerken-penkits.nl\/shop\/unkategorisiert\/fuellfederhalter-und-rollerball-kits-fuer-pferde\/"},"modified":"2025-05-23T13:10:13","modified_gmt":"2025-05-23T11:10:13","slug":"fuellfederhalter-und-rollerball-kits-fuer-pferde","status":"publish","type":"product","link":"https:\/\/houtdraaiwerken-penkits.nl\/de\/shop\/stift-kits\/fullfederhalter-und-tintenroller-sets\/fullfederhalter-und-rollerball-kits-fur-pferde\/fuellfederhalter-und-rollerball-kits-fuer-pferde\/","title":{"rendered":"F\u00fcller\/Rollerball-Kits Pferd"},"content":{"rendered":"<p>Erforderliche zus\u00e4tzliche Materialien:<\/p>\n<p><a href=\"https:\/\/houtdraaiwerken-penkits.nl\/de\/shop\/distanzringsatz\/bu478-fp-rp-de\/bu478-fp-rp\/\">BU478FP\/RP<\/a> Buchsen<strong> Bitte beachten Sie, dass diese Buchsen nicht mit denen des Kugelschreiber-Sets oder des Bleistift-Sets identisch sind!!!!<\/strong><\/p>\n<p><a href=\"https:\/\/houtdraaiwerken-penkits.nl\/de\/shop\/bohrer\/rsdb117-de\/rsdb117-bohrer-117-mm\/\">RSDB117<\/a> 11,7 mm Bohrer<\/p>\n<p><a href=\"https:\/\/houtdraaiwerken-penkits.nl\/de\/shop\/bohrer\/rsdb25-64-bohrer\/\">RSDB25\/64<\/a> Bohrer<\/p>\n<p><a href=\"https:\/\/houtdraaiwerken-penkits.nl\/de\/shop\/werkzeuge\/stiftmuehlen-fraeser\/pm107-stiftfraeser-hss-durchmesser10-7mm-laenge9-5cm-fuer-115-mm-stifthuelsen\/\">PM107<\/a> &amp; <a href=\"https:\/\/houtdraaiwerken-penkits.nl\/de\/shop\/werkzeuge\/stiftmuehlen-fraeser\/pm014-stiftfraeser-hss-durchmesser915mm-laenge95cm-fuer-10mm-stifthuelsen\/\">PM014<\/a> Stiftm\u00fchlen<\/p>\n<p>Bitte beachten Sie, dass Sie f\u00fcr eine Stiftm\u00fchle auch einen Fr\u00e4ser <a href=\"https:\/\/houtdraaiwerken-penkits.nl\/de\/shop\/werkzeuge\/stiftmuehlen-fraeser\/pm006-de\/pm006-3-4-schneidkopf-mit-6-schneiden-fuer-pen-muehlen\/\">PM006<\/a> oder <a href=\"https:\/\/houtdraaiwerken-penkits.nl\/de\/shop\/werkzeuge\/stiftmuehlen-fraeser\/pm002-de\/pm002-3-4-schneidkopf-mit-4-schneidkanten-fuer-pen-mills\/\">PM002<\/a> ben\u00f6tigen. Der Fr\u00e4ser passt auf jede Stiftm\u00fchle<\/p>\n","protected":false},"excerpt":{"rendered":"<p>Dieser Pferdestift-Bausatz wurde von mir selbst entworfen.<\/p>\n<p>Dies ist ein Schreibset mit dem Thema Pferd. Ein Hufeisen Form ist sowohl auf dem Ende an der Spitze eingraviert, und auch auf der Endkappe. Auf dem mittleren Band sind mehrere Bilder von Pferden und auf dem Clip ist ein Pferdekopf.<\/p>\n<p>Ein tolles Geschenk f\u00fcr Pferdeliebhaber!<\/p>\n","protected":false},"featured_media":65279,"comment_status":"open","ping_status":"closed","template":"","meta":{"_et_pb_use_builder":"","_et_pb_old_content":"","_et_gb_content_width":""},"product_brand":[],"product_cat":[8268,5138],"product_tag":[5339,5341,5342,5340,2201],"class_list":{"0":"post-87947","1":"product","2":"type-product","3":"status-publish","4":"has-post-thumbnail","6":"product_cat-fullfederhalter-und-rollerball-kits-fur-pferde","7":"product_cat-hpk-stift-kits","8":"product_tag-grose-jr-gentleman-fullfederhalter-rollerball-kits","9":"product_tag-pferde-fullfederhalter-bausatz","10":"product_tag-pferde-rollerball-stift-set","11":"product_tag-pferdestall-bausatz","12":"product_tag-stift-kits","14":"first","15":"instock","16":"taxable","17":"shipping-taxable","18":"purchasable","19":"product-type-variable"},"_links":{"self":[{"href":"https:\/\/houtdraaiwerken-penkits.nl\/de\/wp-json\/wp\/v2\/product\/87947","targetHints":{"allow":["GET"]}}],"collection":[{"href":"https:\/\/houtdraaiwerken-penkits.nl\/de\/wp-json\/wp\/v2\/product"}],"about":[{"href":"https:\/\/houtdraaiwerken-penkits.nl\/de\/wp-json\/wp\/v2\/types\/product"}],"replies":[{"embeddable":true,"href":"https:\/\/houtdraaiwerken-penkits.nl\/de\/wp-json\/wp\/v2\/comments?post=87947"}],"wp:featuredmedia":[{"embeddable":true,"href":"https:\/\/houtdraaiwerken-penkits.nl\/de\/wp-json\/wp\/v2\/media\/65279"}],"wp:attachment":[{"href":"https:\/\/houtdraaiwerken-penkits.nl\/de\/wp-json\/wp\/v2\/media?parent=87947"}],"wp:term":[{"taxonomy":"product_brand","embeddable":true,"href":"https:\/\/houtdraaiwerken-penkits.nl\/de\/wp-json\/wp\/v2\/product_brand?post=87947"},{"taxonomy":"product_cat","embeddable":true,"href":"https:\/\/houtdraaiwerken-penkits.nl\/de\/wp-json\/wp\/v2\/product_cat?post=87947"},{"taxonomy":"product_tag","embeddable":true,"href":"https:\/\/houtdraaiwerken-penkits.nl\/de\/wp-json\/wp\/v2\/product_tag?post=87947"}],"curies":[{"name":"wp","href":"https:\/\/api.w.org\/{rel}","templated":true}]}}