{"id":87956,"date":"2022-07-08T10:07:02","date_gmt":"2022-07-08T08:07:02","guid":{"rendered":"https:\/\/houtdraaiwerken-penkits.nl\/shop\/unkategorisiert\/bt478-pcl-roehrchen-set-fuer-die-druckbleistift-sets-horse-und-kitten\/"},"modified":"2025-05-23T12:32:50","modified_gmt":"2025-05-23T10:32:50","slug":"bt478-pcl-roehrchen-set-fuer-die-druckbleistift-sets-horse-und-kitten","status":"publish","type":"product","link":"https:\/\/houtdraaiwerken-penkits.nl\/de\/shop\/stiftrohre\/bt478-pcl-rohrchen-set-fur-horse-druckbleistift-sets\/bt478-pcl-roehrchen-set-fuer-die-druckbleistift-sets-horse-und-kitten\/","title":{"rendered":"BT478 PCL H\u00fclse-Set f\u00fcr die Druckbleistift-Sets Pferd und K\u00e4tzchen"},"content":{"rendered":"","protected":false},"excerpt":{"rendered":"<p>BT478 PCL H\u00fclse-Set f\u00fcr die Druckbleistift-Sets Pferd und K\u00e4tzchen. Pro 1 St\u00fcck<\/p>\n","protected":false},"featured_media":43556,"comment_status":"open","ping_status":"closed","template":"","meta":{"_et_pb_use_builder":"","_et_pb_old_content":"","_et_gb_content_width":""},"product_brand":[],"product_cat":[8271,3297],"product_tag":[3298],"class_list":{"0":"post-87956","1":"product","2":"type-product","3":"status-publish","4":"has-post-thumbnail","6":"product_cat-bt478-pcl-rohrchen-set-fur-horse-druckbleistift-sets","7":"product_cat-stiftrohre","8":"product_tag-stiftrohr","10":"first","11":"instock","12":"taxable","13":"shipping-taxable","14":"purchasable","15":"product-type-simple"},"_links":{"self":[{"href":"https:\/\/houtdraaiwerken-penkits.nl\/de\/wp-json\/wp\/v2\/product\/87956","targetHints":{"allow":["GET"]}}],"collection":[{"href":"https:\/\/houtdraaiwerken-penkits.nl\/de\/wp-json\/wp\/v2\/product"}],"about":[{"href":"https:\/\/houtdraaiwerken-penkits.nl\/de\/wp-json\/wp\/v2\/types\/product"}],"replies":[{"embeddable":true,"href":"https:\/\/houtdraaiwerken-penkits.nl\/de\/wp-json\/wp\/v2\/comments?post=87956"}],"wp:featuredmedia":[{"embeddable":true,"href":"https:\/\/houtdraaiwerken-penkits.nl\/de\/wp-json\/wp\/v2\/media\/43556"}],"wp:attachment":[{"href":"https:\/\/houtdraaiwerken-penkits.nl\/de\/wp-json\/wp\/v2\/media?parent=87956"}],"wp:term":[{"taxonomy":"product_brand","embeddable":true,"href":"https:\/\/houtdraaiwerken-penkits.nl\/de\/wp-json\/wp\/v2\/product_brand?post=87956"},{"taxonomy":"product_cat","embeddable":true,"href":"https:\/\/houtdraaiwerken-penkits.nl\/de\/wp-json\/wp\/v2\/product_cat?post=87956"},{"taxonomy":"product_tag","embeddable":true,"href":"https:\/\/houtdraaiwerken-penkits.nl\/de\/wp-json\/wp\/v2\/product_tag?post=87956"}],"curies":[{"name":"wp","href":"https:\/\/api.w.org\/{rel}","templated":true}]}}