{"id":93095,"date":"2025-05-28T14:00:32","date_gmt":"2025-05-28T12:00:32","guid":{"rendered":"https:\/\/houtdraaiwerken-penkits.nl\/?post_type=product&#038;p=93095"},"modified":"2025-12-15T19:36:33","modified_gmt":"2025-12-15T18:36:33","slug":"kugelschreiber-sets","status":"publish","type":"product","link":"https:\/\/houtdraaiwerken-penkits.nl\/de\/shop\/stift-kits\/hpk-stift-kits\/kugelschreiber-sets\/","title":{"rendered":"Sword Kugelschreiber-Sets"},"content":{"rendered":"<p>Erforderliche zus\u00e4tzliche Materialien:<\/p>\n<p><a href=\"https:\/\/houtdraaiwerken-penkits.nl\/de\/shop\/distanzringsatz\/bu3010-distanzringsatz\/bu3010\/\">BU3010<\/a>\u00a0Distanzring<\/p>\n<p><a href=\"https:\/\/houtdraaiwerken-penkits.nl\/de\/shop\/bohrer\/db3-8-de\/db3-8-bohrer-3-8\/\">DB3\/8<\/a>\u00a0Bohrer 3\/8\u201c<\/p>\n<p><a href=\"https:\/\/houtdraaiwerken-penkits.nl\/de\/shop\/werkzeuge\/stiftmuehlen-fraeser\/pm013-stiftfraeser-hss-o8-64mm-l9-5cm-fuer-3-8-stiftrohre\/\">PM013\u00a0<\/a>R\u00e4umerschafts<\/p>\n<p>Bitte beachten Sie, dass Sie f\u00fcr eine R\u00e4umerschafts auch einen Fr\u00e4ser\u00a0<a href=\"https:\/\/houtdraaiwerken-penkits.nl\/de\/shop\/werkzeuge\/stiftmuehlen-fraeser\/pm006-de\/pm006-3-4-schneidkopf-mit-6-schneiden-fuer-pen-muehlen\/\">PM006<\/a>\u00a0oder\u00a0<a href=\"https:\/\/houtdraaiwerken-penkits.nl\/de\/shop\/werkzeuge\/stiftmuehlen-fraeser\/pm002-de\/pm002-3-4-schneidkopf-mit-4-schneidkanten-fuer-pen-mills\/\">PM002<\/a>\u00a0ben\u00f6tigen. Der Fr\u00e4ser passt in jede R\u00e4umerschafts<\/p>\n","protected":false},"excerpt":{"rendered":"<p>Kugelschreiber-Sets<\/p>\n<p>Dieses Sword-Stifteset ist exklusiv bei (HPK) houtdraaiwerken-penkits.nl erh\u00e4ltlich.<\/p>\n<p>Das Stifteset wird mit einer Parker-Mine geliefert.<\/p>\n<p>Hergestellt in Taiwan<\/p>\n","protected":false},"featured_media":93077,"comment_status":"closed","ping_status":"closed","template":"","meta":{"_et_pb_use_builder":"","_et_pb_old_content":"","_et_gb_content_width":""},"product_brand":[],"product_cat":[5138,3352,5137],"product_tag":[],"class_list":{"0":"post-93095","1":"product","2":"type-product","3":"status-publish","4":"has-post-thumbnail","6":"product_cat-hpk-stift-kits","7":"product_cat-kugelschreiber-kits","8":"product_cat-stiftbausatze-made-in-taiwan","10":"first","11":"instock","12":"taxable","13":"shipping-taxable","14":"purchasable","15":"product-type-variable"},"_links":{"self":[{"href":"https:\/\/houtdraaiwerken-penkits.nl\/de\/wp-json\/wp\/v2\/product\/93095","targetHints":{"allow":["GET"]}}],"collection":[{"href":"https:\/\/houtdraaiwerken-penkits.nl\/de\/wp-json\/wp\/v2\/product"}],"about":[{"href":"https:\/\/houtdraaiwerken-penkits.nl\/de\/wp-json\/wp\/v2\/types\/product"}],"replies":[{"embeddable":true,"href":"https:\/\/houtdraaiwerken-penkits.nl\/de\/wp-json\/wp\/v2\/comments?post=93095"}],"wp:featuredmedia":[{"embeddable":true,"href":"https:\/\/houtdraaiwerken-penkits.nl\/de\/wp-json\/wp\/v2\/media\/93077"}],"wp:attachment":[{"href":"https:\/\/houtdraaiwerken-penkits.nl\/de\/wp-json\/wp\/v2\/media?parent=93095"}],"wp:term":[{"taxonomy":"product_brand","embeddable":true,"href":"https:\/\/houtdraaiwerken-penkits.nl\/de\/wp-json\/wp\/v2\/product_brand?post=93095"},{"taxonomy":"product_cat","embeddable":true,"href":"https:\/\/houtdraaiwerken-penkits.nl\/de\/wp-json\/wp\/v2\/product_cat?post=93095"},{"taxonomy":"product_tag","embeddable":true,"href":"https:\/\/houtdraaiwerken-penkits.nl\/de\/wp-json\/wp\/v2\/product_tag?post=93095"}],"curies":[{"name":"wp","href":"https:\/\/api.w.org\/{rel}","templated":true}]}}