{"id":85791,"date":"2021-05-12T11:55:47","date_gmt":"2021-05-12T09:55:47","guid":{"rendered":"https:\/\/houtdraaiwerken-penkits.nl\/shop\/uncategorized\/nibs-bock-250\/"},"modified":"2021-05-12T11:55:47","modified_gmt":"2021-05-12T09:55:47","slug":"nibs-bock-250","status":"publish","type":"product","link":"https:\/\/houtdraaiwerken-penkits.nl\/en\/shop\/refills-ink-nibs\/nibs-bock-250-en\/nibs-bock-250\/","title":{"rendered":"Nibs Bock 250"},"content":{"rendered":"<p>This bock nib allows you to upgrade the following fountain pen kits. Large Jr. Gentleman pen kit, Love pen kit.  <\/p>\n<p>The nib can be replaced by grasping the old nib with a cloth and then unscrewing it. Grasp the new nib with a cloth and screw it back in. <\/p>\n<p>&nbsp;<\/p>\n<p>With this bock nib you can upgrade the following fountain pen kits. Large jr. Gentleman penkit, Love penkit. <\/p>\n<p>The nib can be replaced by grasping the old nib with a cloth and then loosening it. Grab the new nib with a cloth and screw it back in <\/p>\n<p>&nbsp;<\/p>\n<p>Mit dieser Bockfeder k\u00f6nnen Sie die folgenden F\u00fcllfederhalter-Kits aufr\u00fcsten. Large jr. Gentleman penkit, Love penkit.  <\/p>\n<p>Die Feder kann ersetzt werden, indem die alte Feder mit einem Tuch ergriffen und dann gel\u00f6st wird. Nehmen Sie die neue Feder mit einem Tuch und schrauben Sie sie wieder ein. <\/p>\n","protected":false},"excerpt":{"rendered":"<p>This bock nib allows you to upgrade the following fountain pen kits. Large Jr. Gentleman pen kit, Love pen kit. The nib can be replaced by grasping the old nib with a cloth and then unscrewing it. Grasp the new nib with a cloth and screw it back in. &nbsp; With this bock nib you [&hellip;]<\/p>\n","protected":false},"featured_media":56526,"comment_status":"closed","ping_status":"closed","template":"","meta":{"_et_pb_use_builder":"","_et_pb_old_content":"","_et_gb_content_width":""},"product_brand":[],"product_cat":[7221],"product_tag":[],"class_list":{"0":"post-85791","1":"product","2":"type-product","3":"status-publish","4":"has-post-thumbnail","6":"product_cat-nibs-bock-250-en","8":"first","9":"outofstock","10":"taxable","11":"shipping-taxable","12":"purchasable","13":"product-type-variable"},"_links":{"self":[{"href":"https:\/\/houtdraaiwerken-penkits.nl\/en\/wp-json\/wp\/v2\/product\/85791","targetHints":{"allow":["GET"]}}],"collection":[{"href":"https:\/\/houtdraaiwerken-penkits.nl\/en\/wp-json\/wp\/v2\/product"}],"about":[{"href":"https:\/\/houtdraaiwerken-penkits.nl\/en\/wp-json\/wp\/v2\/types\/product"}],"replies":[{"embeddable":true,"href":"https:\/\/houtdraaiwerken-penkits.nl\/en\/wp-json\/wp\/v2\/comments?post=85791"}],"wp:featuredmedia":[{"embeddable":true,"href":"https:\/\/houtdraaiwerken-penkits.nl\/en\/wp-json\/wp\/v2\/media\/56526"}],"wp:attachment":[{"href":"https:\/\/houtdraaiwerken-penkits.nl\/en\/wp-json\/wp\/v2\/media?parent=85791"}],"wp:term":[{"taxonomy":"product_brand","embeddable":true,"href":"https:\/\/houtdraaiwerken-penkits.nl\/en\/wp-json\/wp\/v2\/product_brand?post=85791"},{"taxonomy":"product_cat","embeddable":true,"href":"https:\/\/houtdraaiwerken-penkits.nl\/en\/wp-json\/wp\/v2\/product_cat?post=85791"},{"taxonomy":"product_tag","embeddable":true,"href":"https:\/\/houtdraaiwerken-penkits.nl\/en\/wp-json\/wp\/v2\/product_tag?post=85791"}],"curies":[{"name":"wp","href":"https:\/\/api.w.org\/{rel}","templated":true}]}}