{"id":86789,"date":"2021-08-27T09:14:28","date_gmt":"2021-08-27T07:14:28","guid":{"rendered":"https:\/\/houtdraaiwerken-penkits.nl\/shop\/uncategorized\/shellawax-250ml\/"},"modified":"2026-04-07T11:01:49","modified_gmt":"2026-04-07T09:01:49","slug":"shellawax-250ml","status":"publish","type":"product","link":"https:\/\/houtdraaiwerken-penkits.nl\/en\/shop\/sandpaper-glue-and-finishing\/shellawax-en\/shellawax-250ml\/","title":{"rendered":"Shellawax 250ml"},"content":{"rendered":"<p align=\"left\">Shellawax is a &#8220;foolproof,&#8221; one-coat finish product developed specifically for lathe use. It is (to our knowledge) the fastest and easiest-to-use product on the market that instantly gives an unprecedentedly beautiful shine to all wooden objects. It is used with the lathe turned on and, as a result of friction and heat, forms one with the wood. It dries instantly so the workpiece can therefore be handled immediately. Shellawax is also reasonably resistant to water, alcohol and the like after complete curing (over a period of about 3 weeks). Because Shellawax penetrates deep into the wood and forms a single entity with it, it is not a finish that lies on top of the wood but a permanent finish in the wood, making a Shellawax finish much more difficult to damage than, say, a traditional lacquer finish.     <\/p>\n<p align=\"left\"><b>What does it consist of?<\/b><\/p>\n<p align=\"left\">Shellawax is, as the name suggests, a combination of (hard) shellac and various types of wax including carnauba and beeswax. It is a product specially developed for finishing turned and carved wooden, plastic and stone objects where the main application is the fast and very beautiful finishing of woodturning. <\/p>\n<p align=\"left\"><b>How does it work?<\/b><\/p>\n<p align=\"left\">The hardener in the product is activated by the heat released during the application of Shellawax. Once the surface is dry (almost immediately), a process begins by which the Shellawax bonds to the wood and causes the finish to cure. While the complete curing process takes about 3 weeks, the products can be fully handled immediately after application without danger of slowing down the curing process. Alcohol, water and the like can interfere with the process so carefully finished turnings should certainly not come into contact with them for the first few weeks.   <\/p>\n<p>&nbsp;<\/p>\n<p>[Shellawax is a &#8220;foolproof&#8221;, one-layer finishing product that has been specially developed for use on the lathe. It is (to our knowledge) the fastest and easiest to use product on the market that immediately gives an unprecedented beautiful shine to all wooden objects. It is used with the lathe turned on and forms one unit with the wood due to friction and heat. It dries immediately so that the workpiece can also be handled immediately. After complete curing (during a period of approximately 3 weeks), Shellawax is also reasonably resistant to water, alcohol and the like. Because Shellawax penetrates deep into the wood and forms a whole with it, it is not a finishing layer that lies on the wood, but a permanent finish in the wood, making a Shellawax finish much more difficult to damage than, for example, a traditional lacquer layer.     <\/p>\n<p>What does it consist of?<\/p>\n<p>Shellawax is, as the name suggests, a combination of (hard) shellac and various types of wax, including carnauba and beeswax. It is a product that has been specially developed for finishing turned and cut wooden, plastic and stone objects, where the main application is the fast and very nice finishing of wood turning. <\/p>\n<p>How does it work?<\/p>\n<p>The hardener in the product is activated by the heat released during the application of Shellawax. Once the surface is dry (almost instantaneously) a process begins that allows the Shellawax to bond with the wood and harden the finish. Although the complete curing process takes approximately 3 weeks, the products can be fully tackled immediately after application without the risk of delaying the curing process. Alcohol, water and the like can disrupt the process, so do not let carefully finished turning work come into contact with it for the first few weeks.   <\/p>\n<p>[:de]Shellawax ist ein &#8220;narrensicheres&#8221;, einschichtiges Veredelungsprodukt, das speziell f\u00fcr den Einsatz auf der Drehmaschine entwickelt wurde. Es ist (unseres Wissens) das am schnellsten und am einfachsten zu verwendende Produkt auf dem Markt, das allen Holzgegenst\u00e4nden sofort einen beispiellos sch\u00f6nen Glanz verleiht. Es wird bei eingeschalteter Drehmaschine verwendet und bildet durch Reibung und Hitze eine Einheit mit dem Holz. Es trocknet sofort, so dass das Werkst\u00fcck auch sofort gehandhabt werden kann. Nach vollst\u00e4ndiger Aush\u00e4rtung (\u00fcber einen Zeitraum von ca. 3 Wochen) ist Shellawax auch einigerma\u00dfen best\u00e4ndig gegen Wasser, Alkohol und dergleichen. Da Shellawax tief in das Holz eindringt und mit diesem ein Ganzes bildet, liegt keine Deckschicht auf dem Holz, sondern eine dauerhafte Beschichtung im Holz, wodurch eine Shellawax-Lackierung viel schwerer zu besch\u00e4digen ist als beispielsweise eine herk\u00f6mmliche Lackschicht.     <\/p>\n<p>Woraus besteht es?<\/p>\n<p>Shellawax ist, wie der Name schon sagt, eine Kombination aus (hartem) Schellack und verschiedenen Wachsarten, darunter Carnauba- und Bienenwachs. Es ist ein Produkt, das speziell f\u00fcr die Endbearbeitung von gedrechselten und geschnittenen Holz-, Kunststoff- und Steinobjekten entwickelt wurde, bei denen die Hauptanwendung die schnelle und sehr sch\u00f6ne Endbearbeitung von Holzdreharbeiten ist. <\/p>\n<p>Wie funktioniert es?<\/p>\n<p>Der H\u00e4rter im Produkt wird durch die beim Auftragen von Shellawax freigesetzte W\u00e4rme aktiviert. Sobald die Oberfl\u00e4che trocken ist (fast sofort), beginnt ein Prozess, der es dem Shellawax erm\u00f6glicht, sich mit dem Holz zu verbinden und die Oberfl\u00e4che zu h\u00e4rten. Obwohl der komplette Aush\u00e4rtungsprozess ca. 3 Wochen dauert, k\u00f6nnen die Produkte sofort nach dem Auftragen vollst\u00e4ndig in Angriff genommen werden, ohne dass die Gefahr einer Verz\u00f6gerung des Aush\u00e4rtungsprozesses besteht. Alkohol, Wasser und \u00e4hnliches k\u00f6nnen den Prozess st\u00f6ren, deshalb in den ersten Wochen sorgf\u00e4ltig fertige Dreharbeiten nicht damit in Ber\u00fchrung kommen lassen.   <\/p>\n","protected":false},"excerpt":{"rendered":"<p>Shellawax 250ml<\/p>\n","protected":false},"featured_media":57414,"comment_status":"open","ping_status":"closed","template":"","meta":{"_et_pb_use_builder":"","_et_pb_old_content":"","_et_gb_content_width":""},"product_brand":[],"product_cat":[7710],"product_tag":[6106,7385],"class_list":{"0":"post-86789","1":"product","2":"type-product","3":"status-publish","4":"has-post-thumbnail","6":"product_cat-shellawax-en","7":"product_tag-aussie-oil-250ml-en","8":"product_tag-shellawax-liquid-en","10":"first","11":"instock","12":"taxable","13":"shipping-taxable","14":"purchasable","15":"product-type-simple"},"_links":{"self":[{"href":"https:\/\/houtdraaiwerken-penkits.nl\/en\/wp-json\/wp\/v2\/product\/86789","targetHints":{"allow":["GET"]}}],"collection":[{"href":"https:\/\/houtdraaiwerken-penkits.nl\/en\/wp-json\/wp\/v2\/product"}],"about":[{"href":"https:\/\/houtdraaiwerken-penkits.nl\/en\/wp-json\/wp\/v2\/types\/product"}],"replies":[{"embeddable":true,"href":"https:\/\/houtdraaiwerken-penkits.nl\/en\/wp-json\/wp\/v2\/comments?post=86789"}],"wp:featuredmedia":[{"embeddable":true,"href":"https:\/\/houtdraaiwerken-penkits.nl\/en\/wp-json\/wp\/v2\/media\/57414"}],"wp:attachment":[{"href":"https:\/\/houtdraaiwerken-penkits.nl\/en\/wp-json\/wp\/v2\/media?parent=86789"}],"wp:term":[{"taxonomy":"product_brand","embeddable":true,"href":"https:\/\/houtdraaiwerken-penkits.nl\/en\/wp-json\/wp\/v2\/product_brand?post=86789"},{"taxonomy":"product_cat","embeddable":true,"href":"https:\/\/houtdraaiwerken-penkits.nl\/en\/wp-json\/wp\/v2\/product_cat?post=86789"},{"taxonomy":"product_tag","embeddable":true,"href":"https:\/\/houtdraaiwerken-penkits.nl\/en\/wp-json\/wp\/v2\/product_tag?post=86789"}],"curies":[{"name":"wp","href":"https:\/\/api.w.org\/{rel}","templated":true}]}}