{"id":86855,"date":"2022-06-02T15:36:29","date_gmt":"2022-06-02T13:36:29","guid":{"rendered":"https:\/\/houtdraaiwerken-penkits.nl\/shop\/uncategorized\/eee-ultrashine-250ml\/"},"modified":"2022-06-02T15:36:29","modified_gmt":"2022-06-02T13:36:29","slug":"eee-ultrashine-250ml","status":"publish","type":"product","link":"https:\/\/houtdraaiwerken-penkits.nl\/en\/shop\/sandpaper-glue-and-finishing\/eee-ultrashine-250ml-en\/eee-ultrashine-250ml\/","title":{"rendered":"EEE-Ultrashine 250ml"},"content":{"rendered":"<p>[:nl]EEE-Ultrashine is a polish specially developed for use in combination with the Shellawax products but also has a large number of applications outside of that. When used in combination with Shellawax products it not only gives a beautifully smooth surface but also saves a lot of sanding work. The way of working is as follows:<br \/>\nSand the workpiece to a minimum of 400 grit<br \/>\nApply some EEE-Ultrashine to a cloth and process it as if it were ordinary<br \/>\nsandpaper.<br \/>\nThe effect you achieve in one go is equal to the result you would get if you sanded manually to 2000 grit. If you manually sand to 1500-grit instead of 400-grit and then apply EEE-Ultrashine, you will achieve the same effect in one pass as you would get when sanding to 4000-grit<br \/>\nIf the sanding achieved in this way is satisfactory, finish the workpiece preferably with one of the Shellawax products to obtain a beautiful, lasting gloss.<br \/>\nBy using EEE-Ultrashine, you achieve the following 3 effects:<br \/>\nThe sanding powder present in the paste, as it were, sand the tops of the mountains of sanding scratches from the 400 grit (or the finer grit you used last). So this is the same effect as you would get by manually sanding finer.<br \/>\nDuring the sanding process a kind of &#8220;paste&#8221; is created which is a mix of the EEE-Ultrashine ingerdients and the sanding dust created in point 1. This &#8220;pulp&#8221; automatically enters the pores and fills the valleys of the sanding scratches. In addition to removing the tops of the scratches as described in point 1, the valleys in between are also filled. This effect is the one achieved in the traditional polishing process through &#8220;pumicing&#8221;.<br \/>\nThe last effect you achieve with EEE-Ultrashine is that the workpiece, due to the presence of a little wax in the paste, already begins to shine a little. The shining itself is not important during the preparation, but the effect is that if there are still scratches in the workpiece that you had not noticed before, they will be visible now and you can remove them before applying the actual finishing coat. No surprises afterwards!<br \/>\nBesides preparing wooden workpieces for a<br \/>\nShellawax finish, EEE-Ultrashine can also be used for, among other things:      <\/p>\n<p>Polishing of plastic turnings (for example, pins). In this case, EEE-Ultrashine forms the final finish and no further treatment is required. <\/p>\n<p>Polishing (turning of) bone.<\/p>\n<p>Polishing (turning of) stone.<\/p>\n<p>Polishing shells.<\/p>\n<p>Polishing various metals.<\/p>\n<p>Polishing Tagua nuts.<\/p>\n<p>Cleaning all kinds of dirty plastics such as Trespa, plastic windows, caravans, polyester, fascias and the like.<\/p>\n<p>Polishing varnish and other paint finishes.<\/p>\n<p>Optimizing polishing.<\/p>\n<p>In all cases, try out a piece on an inconspicuous area first to see if your application does indeed give the desired results!<\/p>\n<p>For even more information about this product, please visit the <a href=\"http:\/\/www.ubeaut.com.au\/ubhome.htm\" target=\"_blank\" rel=\"noopener noreferrer\">manufacturer&#8217;s website U-Beaut enterprises <\/a>[:en]EEE-Ultrashine is a polishing agent that has been specially developed for use in combination with Shellawax products, but also has a large number of applications outside of it. When used in combination with the Shellawax products, it not only gives a beautifully smooth surface, but this product also saves a lot of sanding. The way of working is as follows:<br \/>\nSand the workpiece to at least grit 400<br \/>\nApply some EEE-Ultrashine and process it as if it were normal<br \/>\nsandpaper.<br \/>\nThe effect you achieve in one go is the same as the result you would get if you sanded manually to 2000 grit. If you sand manually to grit 1500 instead of grit 400 and then apply EEE-Ultrashine, you will achieve the same effect in one stroke as you would get with sanding to grit 4000<br \/>\nIf the sanding work achieved in this way is satisfactory, you should preferably finish the workpiece with one of the Shellawax products to get a beautiful, lasting shine.<br \/>\nBy using EEE-Ultrashine you achieve the following 3 effects:<br \/>\nThe abrasive powder present in the paste will, as it were, abrade the tops of the mountains of the 400 grit sanding scratches (or the finer grit you last used). So this is the same effect as you would get by finer sanding by hand.<br \/>\nDuring sanding, a kind of &#8220;slurry&#8221; is created which is a mix of the EEE-Ultrashine ingredients and the sanding dust made in point 1. This &#8220;slurry&#8221; automatically ends up in the pores, so that the valleys of the sanding scratches are also filled. Besides that, as described in point 1, the tops of the mountains are also removed, the valleys in between are also filled. This effect is the effect that is achieved in the traditional polishing process by means of &#8220;pumming&#8221;.<br \/>\nThe last effect that you achieve with EEE-Ultrashine is that the workpiece starts to shine a bit due to the presence of a little wax in the paste. The shine in itself is not important during preparation, but the effect of this is that if there are still scratches in the workpiece that you had not noticed before, they will now at least become visible so that you can still see them. before applying the actual finishing coat. So no surprises afterwards!<br \/>\nExcept for preparing wooden workpieces for a<br \/>\nShellawax finish, EEE-Ultrashine can also be used for:   <\/p>\n<p>Polishing plastic lathes (for example pens). In that case, EEE-Ultrashine forms the final finish and no additional treatment is required. <\/p>\n<p>Polishing (turning of) bone.<\/p>\n<p>Polishing (turning) stone.<\/p>\n<p>polishing shells.<\/p>\n<p>Polishing various metals.<\/p>\n<p>Polishing Tagua nuts.<\/p>\n<p>Cleaning all kinds of dirty plastics such as Trespa, plastic windows, caravans, polyester, fascia boards and the like.<\/p>\n<p>Polishing varnish and other lacquer finishes.<\/p>\n<p>Optimizing polishing work.<\/p>\n<p>In all cases, first try out a piece in an inconspicuous place to see if your application indeed gives the desired result![:de]EEE-Ultrashine ist ein Poliermittel, das speziell f\u00fcr den Einsatz in Kombination mit Shellawax-Produkten entwickelt wurde, aber auch dar\u00fcber hinaus eine Vielzahl von Anwendungen findet. In Kombination mit den Shellawax-Produkten ergibt es nicht nur eine sch\u00f6n glatte Oberfl\u00e4che, sondern dieses Produkt spart auch viel Schleifarbeit. Die Arbeitsweise ist wie folgt:<br \/>\nSchleifen Sie das Werkst\u00fcck auf mindestens K\u00f6rnung 400<br \/>\nTragen Sie etwas EEE-Ultrashine auf und verarbeiten Sie es wie normal<br \/>\nSandpapier.<br \/>\nDer Effekt, den Sie auf einmal erzielen, entspricht dem Ergebnis, das Sie erzielen w\u00fcrden, wenn Sie manuell mit einer K\u00f6rnung von 2000 schleifen w\u00fcrden. Wenn Sie von Hand auf K\u00f6rnung 1500 anstatt auf K\u00f6rnung 400 schleifen und dann EEE-Ultrashine auftragen, erzielen Sie in einem Zug den gleichen Effekt wie beim Schleifen auf K\u00f6rnung 4000<br \/>\nIst die so erzielte Schleifarbeit zufriedenstellend, sollten Sie das Werkst\u00fcck vorzugsweise mit einem der Shellawax-Produkte nachbearbeiten, um einen sch\u00f6nen, dauerhaften Glanz zu erhalten.<br \/>\nDurch die Verwendung von EEE-Ultrashine erzielen Sie folgende 3 Wirkungen:<br \/>\nDas in der Paste enthaltene Scheuerpulver schleift sozusagen die Gipfel der Berge der Schleifkratzer der K\u00f6rnung 400 (oder der zuletzt verwendeten feineren K\u00f6rnung). Dies ist also derselbe Effekt, den Sie durch feineres Schleifen von Hand erzielen w\u00fcrden.<br \/>\nBeim Schleifen entsteht eine Art &#8220;Schlamm&#8221;, der eine Mischung aus den EEE-Ultrashine-Zutaten und dem unter Punkt 1 hergestellten Schleifstaub ist. Dieser &#8220;Schlamm&#8221; landet automatisch in den Poren, sodass auch die T\u00e4ler der Schleifriefen aufgef\u00fcllt werden. Au\u00dferdem werden, wie in Punkt 1 beschrieben, auch die Gipfel der Berge abgetragen, die T\u00e4ler dazwischen ebenfalls aufgef\u00fcllt. Dieser Effekt ist der Effekt, der im traditionellen Polierverfahren durch &#8220;Pumpen&#8221; erzielt wird.<br \/>\nDer letzte Effekt, den Sie mit EEE-Ultrashine erzielen, ist, dass das Werkst\u00fcck durch etwas Wachs in der Paste leicht zu gl\u00e4nzen beginnt. Der Glanz an sich ist bei der Vorbereitung nicht wichtig, aber der Effekt ist, dass wenn noch Kratzer im Werkst\u00fcck vorhanden sind, die Ihnen vorher nicht aufgefallen sind, diese jetzt zumindest sichtbar werden, so dass Sie sie noch sehen k\u00f6nnen eigentlicher Endanstrich. Also keine \u00dcberraschungen hinterher!<br \/>\nAu\u00dfer zum Vorbereiten von Holzwerkst\u00fccken f\u00fcr a<br \/>\nShellawax Finish, EEE-Ultrashine kann auch verwendet werden f\u00fcr:       <\/p>\n<p>Polieren von Kunststoffdrehmaschinen (z. B. Stifte). In diesem Fall bildet EEE-Ultrashine den endg\u00fcltigen Abschluss und es ist keine zus\u00e4tzliche Behandlung erforderlich. <\/p>\n<p>Polieren (Drehen) von Knochen.<\/p>\n<p>Polieren (Drehen) von Steinen.<\/p>\n<p>Polieren von Muscheln.<\/p>\n<p>Polieren verschiedener Metalle.<\/p>\n<p>Polieren von Tagua-N\u00fcssen.<\/p>\n<p>Reinigung aller Arten von verschmutzten Kunststoffen wie Trespa, Kunststofffenster, Wohnwagen, Polyester, Stirnbretter und dergleichen.<\/p>\n<p>Polierlack und andere Lackierungen.<\/p>\n<p>Polierarbeiten optimieren.<\/p>\n<p>Probieren Sie in jedem Fall zuerst ein St\u00fcck an einer unauff\u00e4lligen Stelle aus, um zu sehen, ob Ihre Anwendung tats\u00e4chlich das gew\u00fcnschte Ergebnis liefert![:]<\/p>\n","protected":false},"excerpt":{"rendered":"<p>EEE-Ultrashine 250ml<\/p>\n","protected":false},"featured_media":63363,"comment_status":"open","ping_status":"closed","template":"","meta":{"_et_pb_use_builder":"","_et_pb_old_content":"","_et_gb_content_width":""},"product_brand":[],"product_cat":[7745],"product_tag":[6106,7386,7385],"class_list":{"0":"post-86855","1":"product","2":"type-product","3":"status-publish","4":"has-post-thumbnail","6":"product_cat-eee-ultrashine-250ml-en","7":"product_tag-aussie-oil-250ml-en","8":"product_tag-shellawax-cream-250ml-en","9":"product_tag-shellawax-liquid-en","11":"first","12":"outofstock","13":"taxable","14":"shipping-taxable","15":"purchasable","16":"product-type-simple"},"_links":{"self":[{"href":"https:\/\/houtdraaiwerken-penkits.nl\/en\/wp-json\/wp\/v2\/product\/86855","targetHints":{"allow":["GET"]}}],"collection":[{"href":"https:\/\/houtdraaiwerken-penkits.nl\/en\/wp-json\/wp\/v2\/product"}],"about":[{"href":"https:\/\/houtdraaiwerken-penkits.nl\/en\/wp-json\/wp\/v2\/types\/product"}],"replies":[{"embeddable":true,"href":"https:\/\/houtdraaiwerken-penkits.nl\/en\/wp-json\/wp\/v2\/comments?post=86855"}],"wp:featuredmedia":[{"embeddable":true,"href":"https:\/\/houtdraaiwerken-penkits.nl\/en\/wp-json\/wp\/v2\/media\/63363"}],"wp:attachment":[{"href":"https:\/\/houtdraaiwerken-penkits.nl\/en\/wp-json\/wp\/v2\/media?parent=86855"}],"wp:term":[{"taxonomy":"product_brand","embeddable":true,"href":"https:\/\/houtdraaiwerken-penkits.nl\/en\/wp-json\/wp\/v2\/product_brand?post=86855"},{"taxonomy":"product_cat","embeddable":true,"href":"https:\/\/houtdraaiwerken-penkits.nl\/en\/wp-json\/wp\/v2\/product_cat?post=86855"},{"taxonomy":"product_tag","embeddable":true,"href":"https:\/\/houtdraaiwerken-penkits.nl\/en\/wp-json\/wp\/v2\/product_tag?post=86855"}],"curies":[{"name":"wp","href":"https:\/\/api.w.org\/{rel}","templated":true}]}}