{"id":74278,"date":"2016-05-24T22:32:08","date_gmt":"2016-05-24T20:32:08","guid":{"rendered":"https:\/\/houtdraaiwerken-penkits.nl\/conditions-generales-dutilisation\/"},"modified":"2025-05-07T13:02:12","modified_gmt":"2025-05-07T11:02:12","slug":"conditions-generales-dutilisation","status":"publish","type":"page","link":"https:\/\/houtdraaiwerken-penkits.nl\/fr\/conditions-generales-dutilisation\/","title":{"rendered":"Conditions g\u00e9n\u00e9rales d&rsquo;utilisation"},"content":{"rendered":"<p>[et_pb_section fb_built=\u00a0\u00bb1&Prime; _builder_version=\u00a0\u00bb4.16&Prime; global_colors_info=\u00a0\u00bb{}\u00a0\u00bb][et_pb_row _builder_version=\u00a0\u00bb4.16&Prime; background_size=\u00a0\u00bbinitial\u00a0\u00bb background_position=\u00a0\u00bbtop_left\u00a0\u00bb background_repeat=\u00a0\u00bbrepeat\u00a0\u00bb global_colors_info=\u00a0\u00bb{}\u00a0\u00bb][et_pb_column type=\u00a0\u00bb4_4&Prime; _builder_version=\u00a0\u00bb4.16&Prime; custom_padding=\u00a0\u00bb|||\u00a0\u00bb global_colors_info=\u00a0\u00bb{}\u00a0\u00bb custom_padding__hover=\u00a0\u00bb|||\u00a0\u00bb][et_pb_text _builder_version=\u00a0\u00bb4.27.0&Prime; background_size=\u00a0\u00bbinitial\u00a0\u00bb background_position=\u00a0\u00bbtop_left\u00a0\u00bb background_repeat=\u00a0\u00bbrepeat\u00a0\u00bb hover_enabled=\u00a0\u00bb0&Prime; global_colors_info=\u00a0\u00bb{}\u00a0\u00bb sticky_enabled=\u00a0\u00bb0&Prime;]<\/p>\n<p>Conditions g\u00e9n\u00e9rales d&rsquo;utilisation<\/p>\n<p>Vous pouvez lire ici nos conditions g\u00e9n\u00e9rales d&rsquo;utilisation de la boutique en ligne. Le gouvernement n&rsquo;est pas le seul \u00e0 \u00e9dicter des r\u00e8gles pour garantir la s\u00e9curit\u00e9 de vos achats. En tant que propri\u00e9taire d&rsquo;une boutique en ligne, nous souhaitons \u00e9galement vous informer de nos conditions. En acceptant les conditions g\u00e9n\u00e9rales de vente de la boutique en ligne, un accord est conclu entre nous et vous en tant que client. Mais avant d&rsquo;accepter nos conditions g\u00e9n\u00e9rales, nous vous demandons de les lire attentivement et de prendre connaissance de nos m\u00e9thodes de travail. Vous \u00e9viterez ainsi des situations d\u00e9sagr\u00e9ables ! Si vous avez des questions concernant nos conditions g\u00e9n\u00e9rales, n&rsquo;h\u00e9sitez pas \u00e0 nous contacter.      <\/p>\n<p>Article 1 - Boutique en ligne<\/p>\n<p>1.1.<\/p>\n<p>La boutique en ligne est inscrite \u00e0 la Chambre de commerce et paie sa contribution l\u00e9gale au bureau des imp\u00f4ts. Vous trouverez notre num\u00e9ro de chambre de commerce et notre num\u00e9ro de TVA sur notre site web. Vous y trouverez \u00e9galement nos coordonn\u00e9es.  <\/p>\n<p>1.2.<\/p>\n<p>Nous nous engageons \u00e0 am\u00e9liorer en permanence la s\u00e9curit\u00e9 de vos donn\u00e9es. En cas d&rsquo;utilisation abusive par des pirates informatiques, nous le signalerons \u00e0 la police. <\/p>\n<p>1.3.<\/p>\n<p>Nous ne fournissons jamais vos donn\u00e9es personnelles \u00e0 des tiers. Si nous transmettons vos donn\u00e9es personnelles \u00e0 des tiers, nous vous demanderons toujours votre consentement pr\u00e9alable. Vous pouvez en savoir plus sur notre <a href=\"https:\/\/www.houtdraaiwerken-penkits.nl\/wp-content\/uploads\/2018\/06\/privacy_statement_21-05-2018.pdf\">AVG<\/a> en cliquant sur ce lien.  <\/p>\n<p>1.4.<\/p>\n<p>Depuis le 5 juin 2012, notre boutique en ligne doit obtenir votre consentement pr\u00e9alable concernant les cookies. Vous trouverez plus d&rsquo;informations \u00e0 ce sujet dans notre Politique en mati\u00e8re de cookies. <\/p>\n<p>1.5.<\/p>\n<p>Nous sommes tenus de signaler \u00e0 la police tout soup\u00e7on d&rsquo;abus ou de fraude.<\/p>\n<p>1.6.<\/p>\n<p>Le magasin a souscrit une assurance responsabilit\u00e9 professionnelle pour se couvrir contre toute responsabilit\u00e9 injustifi\u00e9e invoqu\u00e9e par un client.<\/p>\n<p>1.7.<\/p>\n<p>Notre objectif est de vous fournir un excellent service \u00e0 tout moment. Lorsque vous <\/p>\n<p>Si vous avez des doutes sur l&rsquo;achat d&rsquo;un produit, notre personnel se fera un plaisir de vous aider.<\/p>\n<p>Article 2 - D\u00e9lai de gr\u00e2ce<\/p>\n<p>2.1.<\/p>\n<p>Vous disposez d&rsquo;un d\u00e9lai de r\u00e9flexion de 14 jours apr\u00e8s l&rsquo;achat d&rsquo;un produit particulier. Si vous souhaitez annuler votre commande pendant ce d\u00e9lai, vous pouvez le faire \u00e0 tout moment. <\/p>\n<p>Si vous n&rsquo;\u00eates pas satisfait de votre achat, vous pouvez nous renvoyer le produit sans avoir \u00e0 le payer vous-m\u00eame. Vous ne payez que les frais d&rsquo;exp\u00e9dition pour le retour du produit en question. Si vous avez d\u00e9j\u00e0 effectu\u00e9 un paiement, vous recevrez une facture de cr\u00e9dit et le montant que vous avez pay\u00e9 vous sera rembours\u00e9 sur votre num\u00e9ro de compte.  <\/p>\n<p>2.2.<\/p>\n<p>Les produits qui nous sont retourn\u00e9s doivent \u00eatre accompagn\u00e9s de leur<\/p>\n<p>l&#8217;emballage.<\/p>\n<p>Article 3 - L&rsquo;accord<\/p>\n<p>3.1.<\/p>\n<p>L&rsquo;accord entre le magasin en ligne et le client est d\u00e9finitif lorsque le client a indiqu\u00e9 son accord avec les conditions g\u00e9n\u00e9rales et que le client a effectu\u00e9 un paiement via iDEAL ou par virement bancaire. Apr\u00e8s l&rsquo;expiration du d\u00e9lai de r\u00e9flexion de 14 jours et la r\u00e9ception du paiement par la boutique en ligne, le client devient propri\u00e9taire du produit en question. <\/p>\n<p>3.2.<\/p>\n<p>L&rsquo;accord a \u00e9t\u00e9 \u00e9tabli par voie \u00e9lectronique, en remplissant le formulaire<\/p>\n<p>les champs obligatoires et accepter les termes et conditions.<\/p>\n<p>3.3.<\/p>\n<p>En tant que client, vous \u00eates tenu de vous acquitter de votre obligation de paiement aupr\u00e8s de la boutique en ligne. Si vous ne payez pas dans le d\u00e9lai imparti, nous vous enverrons un rappel. Si vous n&rsquo;avez toujours pas pay\u00e9 apr\u00e8s 14 jours, des frais vous seront factur\u00e9s. Si, apr\u00e8s plusieurs rappels, vous n&rsquo;avez toujours pas pay\u00e9 le montant d\u00fb, nous confierons le recouvrement \u00e0 une agence de recouvrement.   <\/p>\n<p>3.4.<\/p>\n<p>Apr\u00e8s avoir effectu\u00e9 votre achat, nous vous enverrons une confirmation \u00e9crite de votre achat par courrier \u00e9lectronique. Cette confirmation mentionne le produit que vous avez achet\u00e9, son co\u00fbt et l&rsquo;adresse \u00e0 laquelle vous pouvez adresser vos r\u00e9clamations et commentaires. <\/p>\n<p>3.5.<\/p>\n<p>Nous sommes tenus de vous livrer le produit ou l&rsquo;article dans un d\u00e9lai de 30 jours. Si, en raison de circonstances impr\u00e9vues, l&rsquo;article n&rsquo;est pas disponible dans ce d\u00e9lai, nous vous en informerons par \u00e9crit. \u00c0 l&rsquo;expiration de ces 30 jours, nous vous rembourserons le prix d&rsquo;achat d\u00e9j\u00e0 pay\u00e9.  <\/p>\n<p>3.6.<\/p>\n<p>La livraison des produits \u00e0 l&rsquo;\u00e9tranger peut prendre plus de temps que la livraison aux Pays-Bas. Les frais d&rsquo;exp\u00e9dition vers une adresse \u00e0 l&rsquo;\u00e9tranger sont visibles lorsque vous proc\u00e9dez \u00e0 l&rsquo;achat du produit. <\/p>\n<p>Article<\/p>\n<p>4 - Le prix<\/p>\n<p>4.1.<\/p>\n<p>Les prix indiqu\u00e9s sur notre boutique en ligne incluent toujours la TVA.<\/p>\n<p>Le co\u00fbt \u00e0 payer pour l&rsquo;exp\u00e9dition du produit sera visible lorsque vous aurez ajout\u00e9 le produit \u00e0 votre panier.<\/p>\n<p>4.2.<\/p>\n<p>Le prix indiqu\u00e9 avec le produit sur le site web ne peut pas changer pendant votre achat. Vous payez le montant indiqu\u00e9 avec le produit et qui vous est \u00e9galement confirm\u00e9 si vous acceptez l&rsquo;achat par voie \u00e9lectronique. Dans ce cas, le prix d&rsquo;achat sera \u00e0 nouveau mentionn\u00e9.  <\/p>\n<p>4.3.<\/p>\n<p>Si vous achetez un produit pendant une p\u00e9riode o\u00f9 aucune promotion n&rsquo;est en cours, vous ne pourrez pas non plus b\u00e9n\u00e9ficier d&rsquo;une r\u00e9duction par la suite.<\/p>\n<p>Article 5 - R\u00e9clamations et garantie<\/p>\n<p>5.1.<\/p>\n<p>Les r\u00e9clamations concernant la livraison doivent d&rsquo;abord nous \u00eatre signal\u00e9es par e-mail ou par t\u00e9l\u00e9phone.<\/p>\n<p>5.2.<\/p>\n<p>Les r\u00e9clamations concernant le produit lui-m\u00eame doivent nous \u00eatre communiqu\u00e9es par \u00e9crit. Veuillez d\u00e9crire votre r\u00e9clamation de la mani\u00e8re la plus pr\u00e9cise possible. Nous contacterons le fabricant ou le grossiste en votre nom et agirons en tant qu&rsquo;interm\u00e9diaire. Si cela est possible, nous r\u00e9soudrons le probl\u00e8me nous-m\u00eames.   <\/p>\n<p>5.3.<\/p>\n<p>Nous traitons g\u00e9n\u00e9ralement les plaintes dans un d\u00e9lai de 14 jours. Les plaintes sont toujours trait\u00e9es par \u00e9crit. Nous voulons vous fournir un excellent service \u00e0 tout moment.  <\/p>\n<p>5.4.<\/p>\n<p>Une garantie s&rsquo;applique \u00e0 tous les produits que nous vous fournissons. La dur\u00e9e de cette garantie d\u00e9pend enti\u00e8rement du produit. Pour les produits consommables et utilitaires, nous ne pouvons offrir qu&rsquo;une garantie limit\u00e9e. Si vous constatez un d\u00e9faut dans l&rsquo;un de nos produits, veuillez nous en informer dans les 48 heures suivant la livraison.   <\/p>\n<p>5.5.<\/p>\n<p>Si le produit tombe en panne pendant la p\u00e9riode de garantie, nous vous remboursons l&rsquo;int\u00e9gralit\u00e9 du prix d&rsquo;achat. Cette disposition ne s&rsquo;applique toutefois pas en cas de dommages intentionnels ou d\u00e9lib\u00e9r\u00e9s. Nous vous demandons \u00e9galement de contacter votre compagnie d&rsquo;assurance si le dommage survient apr\u00e8s la p\u00e9riode de garantie. Il peut \u00eatre possible de faire appel \u00e0 l&rsquo;assurance du contenu. Dans les deux cas, aucun remboursement ne peut \u00eatre effectu\u00e9 en l&rsquo;absence de facture d&rsquo;achat. Apr\u00e8s l&rsquo;expiration de la p\u00e9riode de garantie, la valeur \u00e0 l&rsquo;\u00e9tat neuf devient \u00e9galement caduque en cas de dommage. Le paiement se fera alors sur la base de la valeur marchande actuelle.      <\/p>\n<p>Si vous acceptez les conditions g\u00e9n\u00e9rales du magasin en ligne, veuillez cocher la case. Aucun accord ne peut \u00eatre conclu sans cocher la case. Nous esp\u00e9rons que vous appr\u00e9cierez votre achat ! Si vous avez d&rsquo;autres questions, n&rsquo;h\u00e9sitez pas \u00e0 nous contacter.   <\/p>\n<p>[\/et_pb_text][\/et_pb_column][\/et_pb_row][\/et_pb_section]<\/p>\n","protected":false},"excerpt":{"rendered":"<p>Conditions g\u00e9n\u00e9rales d&rsquo;utilisation Vous pouvez lire ici nos conditions g\u00e9n\u00e9rales d&rsquo;utilisation de la boutique en ligne. Le gouvernement n&rsquo;est pas le seul \u00e0 \u00e9dicter des r\u00e8gles pour garantir la s\u00e9curit\u00e9 de vos achats. En tant que propri\u00e9taire d&rsquo;une boutique en ligne, nous souhaitons \u00e9galement vous informer de nos conditions. En acceptant les conditions g\u00e9n\u00e9rales de [&hellip;]<\/p>\n","protected":false},"author":1,"featured_media":0,"parent":0,"menu_order":0,"comment_status":"closed","ping_status":"closed","template":"","meta":{"_et_pb_use_builder":"on","_et_pb_old_content":"","_et_gb_content_width":"","footnotes":""},"class_list":["post-74278","page","type-page","status-publish","hentry"],"_links":{"self":[{"href":"https:\/\/houtdraaiwerken-penkits.nl\/fr\/wp-json\/wp\/v2\/pages\/74278","targetHints":{"allow":["GET"]}}],"collection":[{"href":"https:\/\/houtdraaiwerken-penkits.nl\/fr\/wp-json\/wp\/v2\/pages"}],"about":[{"href":"https:\/\/houtdraaiwerken-penkits.nl\/fr\/wp-json\/wp\/v2\/types\/page"}],"author":[{"embeddable":true,"href":"https:\/\/houtdraaiwerken-penkits.nl\/fr\/wp-json\/wp\/v2\/users\/1"}],"replies":[{"embeddable":true,"href":"https:\/\/houtdraaiwerken-penkits.nl\/fr\/wp-json\/wp\/v2\/comments?post=74278"}],"version-history":[{"count":0,"href":"https:\/\/houtdraaiwerken-penkits.nl\/fr\/wp-json\/wp\/v2\/pages\/74278\/revisions"}],"wp:attachment":[{"href":"https:\/\/houtdraaiwerken-penkits.nl\/fr\/wp-json\/wp\/v2\/media?parent=74278"}],"curies":[{"name":"wp","href":"https:\/\/api.w.org\/{rel}","templated":true}]}}