{"id":102525,"date":"2025-10-24T14:49:21","date_gmt":"2025-10-24T12:49:21","guid":{"rendered":"https:\/\/houtdraaiwerken-penkits.nl\/?post_type=product&#038;p=102525"},"modified":"2025-10-24T14:54:26","modified_gmt":"2025-10-24T12:54:26","slug":"ebauches-de-stylo-a-incrustation-de-caducee-unique-pour-un-kit-de-stylo-avec-tube-de-style-sierra-kopie","status":"publish","type":"product","link":"https:\/\/houtdraaiwerken-penkits.nl\/fr\/shop\/ebauches-dincrustation\/ebauches-de-stylo-a-incrustation-de-caducee-unique-pour-un-kit-de-stylo-avec-tube-de-style-sierra\/ebauches-de-stylo-a-incrustation-de-caducee-unique-pour-un-kit-de-stylo-avec-tube-de-style-sierra-kopie\/","title":{"rendered":"\u00c9bauches de stylos incrust\u00e9s de pi\u00e8ces d&rsquo;\u00e9checs pour un kit de stylos avec tube de style Sierra"},"content":{"rendered":"<p>Ces \u00e9bauches sont destin\u00e9es \u00e0 un kit de stylo qui utilise un tube mod\u00e8le Sierra.<\/p>\n<p>Cette \u00e9bauche est livr\u00e9e coll\u00e9e et avec le trou de taille 27\/64 pour le tube. Il ne vous reste donc plus qu\u2019\u00e0 coller le tube et \u00e0 tourner l\u2019\u00e9bauche. N\u2019utilisez pas de fraise pour \u00e9quarrir l\u2019extr\u00e9mit\u00e9, mais poncez-la \u00e0 l\u2019\u00e9querre.<\/p>\n<p>Le kit de stylo et le tube pour cette \u00e9bauche ne sont pas inclus dans le prix.<\/p>\n<p>Si vous souhaitez cette \u00e9bauche pour un autre kit de stylo, envoyez-moi un e-mail et je verrai si je peux la fabriquer pour vous.<\/p>\n","protected":false},"excerpt":{"rendered":"<p>Ces \u00e9bauches sont destin\u00e9es \u00e0 un kit de stylo qui utilise un tube mod\u00e8le Sierra. Cette \u00e9bauche est livr\u00e9e coll\u00e9e et avec le trou de taille 27\/64 pour le tube. Il ne vous reste donc plus qu\u2019\u00e0 coller le tube et \u00e0 tourner l\u2019\u00e9bauche. N\u2019utilisez pas de fraise pour \u00e9quarrir l\u2019extr\u00e9mit\u00e9, mais poncez-la \u00e0 l\u2019\u00e9querre. [&hellip;]<\/p>\n","protected":false},"featured_media":102548,"comment_status":"closed","ping_status":"closed","template":"","meta":{"_et_pb_use_builder":"","_et_pb_old_content":"","_et_gb_content_width":""},"product_brand":[],"product_cat":[8507,8511],"product_tag":[],"class_list":{"0":"post-102525","1":"product","2":"type-product","3":"status-publish","4":"has-post-thumbnail","6":"product_cat-ebauches-de-stylo-a-incrustation-de-caducee-unique-pour-un-kit-de-stylo-avec-tube-de-style-sierra","7":"product_cat-ebauches-de-stylos-incrustes-de-pieces-dechecs-pour-un-kit-de-stylos-avec-tube-de-style-sierra","9":"first","10":"instock","11":"taxable","12":"shipping-taxable","13":"purchasable","14":"product-type-variable"},"_links":{"self":[{"href":"https:\/\/houtdraaiwerken-penkits.nl\/fr\/wp-json\/wp\/v2\/product\/102525","targetHints":{"allow":["GET"]}}],"collection":[{"href":"https:\/\/houtdraaiwerken-penkits.nl\/fr\/wp-json\/wp\/v2\/product"}],"about":[{"href":"https:\/\/houtdraaiwerken-penkits.nl\/fr\/wp-json\/wp\/v2\/types\/product"}],"replies":[{"embeddable":true,"href":"https:\/\/houtdraaiwerken-penkits.nl\/fr\/wp-json\/wp\/v2\/comments?post=102525"}],"wp:featuredmedia":[{"embeddable":true,"href":"https:\/\/houtdraaiwerken-penkits.nl\/fr\/wp-json\/wp\/v2\/media\/102548"}],"wp:attachment":[{"href":"https:\/\/houtdraaiwerken-penkits.nl\/fr\/wp-json\/wp\/v2\/media?parent=102525"}],"wp:term":[{"taxonomy":"product_brand","embeddable":true,"href":"https:\/\/houtdraaiwerken-penkits.nl\/fr\/wp-json\/wp\/v2\/product_brand?post=102525"},{"taxonomy":"product_cat","embeddable":true,"href":"https:\/\/houtdraaiwerken-penkits.nl\/fr\/wp-json\/wp\/v2\/product_cat?post=102525"},{"taxonomy":"product_tag","embeddable":true,"href":"https:\/\/houtdraaiwerken-penkits.nl\/fr\/wp-json\/wp\/v2\/product_tag?post=102525"}],"curies":[{"name":"wp","href":"https:\/\/api.w.org\/{rel}","templated":true}]}}