{"id":103553,"date":"2026-01-28T11:57:13","date_gmt":"2026-01-28T10:57:13","guid":{"rendered":"https:\/\/houtdraaiwerken-penkits.nl\/?post_type=product&#038;p=103553"},"modified":"2026-03-19T07:10:57","modified_gmt":"2026-03-19T06:10:57","slug":"rn35-blanc-de-stylo-en-resine-avec-des-paillettes-dorees","status":"publish","type":"product","link":"https:\/\/houtdraaiwerken-penkits.nl\/fr\/shop\/ebauches-de-stylos-en-resine\/rn35-blanc-de-stylo-en-resine-avec-des-paillettes-dorees\/","title":{"rendered":"RN35 Blanc de stylo en r\u00e9sine Avec des paillettes dor\u00e9es"},"content":{"rendered":"","protected":false},"excerpt":{"rendered":"<p>Blanc de stylo en r\u00e9sine Avec des paillettes dor\u00e9es. Size: 2*2*12.5cm<\/p>\n","protected":false},"featured_media":103521,"comment_status":"closed","ping_status":"closed","template":"","meta":{"_et_pb_use_builder":"","_et_pb_old_content":"","_et_gb_content_width":""},"product_brand":[],"product_cat":[5913],"product_tag":[],"class_list":{"0":"post-103553","1":"product","2":"type-product","3":"status-publish","4":"has-post-thumbnail","6":"product_cat-ebauches-de-stylos-en-resine","8":"first","9":"instock","10":"taxable","11":"shipping-taxable","12":"purchasable","13":"product-type-variable"},"_links":{"self":[{"href":"https:\/\/houtdraaiwerken-penkits.nl\/fr\/wp-json\/wp\/v2\/product\/103553","targetHints":{"allow":["GET"]}}],"collection":[{"href":"https:\/\/houtdraaiwerken-penkits.nl\/fr\/wp-json\/wp\/v2\/product"}],"about":[{"href":"https:\/\/houtdraaiwerken-penkits.nl\/fr\/wp-json\/wp\/v2\/types\/product"}],"replies":[{"embeddable":true,"href":"https:\/\/houtdraaiwerken-penkits.nl\/fr\/wp-json\/wp\/v2\/comments?post=103553"}],"wp:featuredmedia":[{"embeddable":true,"href":"https:\/\/houtdraaiwerken-penkits.nl\/fr\/wp-json\/wp\/v2\/media\/103521"}],"wp:attachment":[{"href":"https:\/\/houtdraaiwerken-penkits.nl\/fr\/wp-json\/wp\/v2\/media?parent=103553"}],"wp:term":[{"taxonomy":"product_brand","embeddable":true,"href":"https:\/\/houtdraaiwerken-penkits.nl\/fr\/wp-json\/wp\/v2\/product_brand?post=103553"},{"taxonomy":"product_cat","embeddable":true,"href":"https:\/\/houtdraaiwerken-penkits.nl\/fr\/wp-json\/wp\/v2\/product_cat?post=103553"},{"taxonomy":"product_tag","embeddable":true,"href":"https:\/\/houtdraaiwerken-penkits.nl\/fr\/wp-json\/wp\/v2\/product_tag?post=103553"}],"curies":[{"name":"wp","href":"https:\/\/api.w.org\/{rel}","templated":true}]}}