{"id":103678,"date":"2026-01-28T15:53:04","date_gmt":"2026-01-28T14:53:04","guid":{"rendered":"https:\/\/houtdraaiwerken-penkits.nl\/?post_type=product&#038;p=103678"},"modified":"2026-01-28T16:53:45","modified_gmt":"2026-01-28T15:53:45","slug":"nc10-ebauches-de-stylos-en-resine-avec-des-pommes-de-pin","status":"publish","type":"product","link":"https:\/\/houtdraaiwerken-penkits.nl\/fr\/shop\/ebauches-de-stylos-en-resine\/nc10-ebauches-de-stylos-en-resine-avec-des-pommes-de-pin\/","title":{"rendered":"NC10 \u00c9bauches de stylos en r\u00e9sine avec des pommes de pin."},"content":{"rendered":"","protected":false},"excerpt":{"rendered":"<p>NC10 \u00c9bauches de stylos en r\u00e9sine avec des pommes de pin.. size 2x2x13 cm<\/p>\n","protected":false},"featured_media":103646,"comment_status":"closed","ping_status":"closed","template":"","meta":{"_et_pb_use_builder":"","_et_pb_old_content":"","_et_gb_content_width":""},"product_brand":[],"product_cat":[5913],"product_tag":[],"class_list":{"0":"post-103678","1":"product","2":"type-product","3":"status-publish","4":"has-post-thumbnail","6":"product_cat-ebauches-de-stylos-en-resine","8":"first","9":"instock","10":"taxable","11":"shipping-taxable","12":"purchasable","13":"product-type-variable"},"_links":{"self":[{"href":"https:\/\/houtdraaiwerken-penkits.nl\/fr\/wp-json\/wp\/v2\/product\/103678","targetHints":{"allow":["GET"]}}],"collection":[{"href":"https:\/\/houtdraaiwerken-penkits.nl\/fr\/wp-json\/wp\/v2\/product"}],"about":[{"href":"https:\/\/houtdraaiwerken-penkits.nl\/fr\/wp-json\/wp\/v2\/types\/product"}],"replies":[{"embeddable":true,"href":"https:\/\/houtdraaiwerken-penkits.nl\/fr\/wp-json\/wp\/v2\/comments?post=103678"}],"wp:featuredmedia":[{"embeddable":true,"href":"https:\/\/houtdraaiwerken-penkits.nl\/fr\/wp-json\/wp\/v2\/media\/103646"}],"wp:attachment":[{"href":"https:\/\/houtdraaiwerken-penkits.nl\/fr\/wp-json\/wp\/v2\/media?parent=103678"}],"wp:term":[{"taxonomy":"product_brand","embeddable":true,"href":"https:\/\/houtdraaiwerken-penkits.nl\/fr\/wp-json\/wp\/v2\/product_brand?post=103678"},{"taxonomy":"product_cat","embeddable":true,"href":"https:\/\/houtdraaiwerken-penkits.nl\/fr\/wp-json\/wp\/v2\/product_cat?post=103678"},{"taxonomy":"product_tag","embeddable":true,"href":"https:\/\/houtdraaiwerken-penkits.nl\/fr\/wp-json\/wp\/v2\/product_tag?post=103678"}],"curies":[{"name":"wp","href":"https:\/\/api.w.org\/{rel}","templated":true}]}}