{"id":75463,"date":"2016-05-17T20:25:44","date_gmt":"2016-05-17T18:25:44","guid":{"rendered":"https:\/\/houtdraaiwerken-penkits.nl\/shop\/non%20class\u00e9\/mandrin-de-stylo-a-cone-morse-mk1\/"},"modified":"2025-05-07T14:31:17","modified_gmt":"2025-05-07T12:31:17","slug":"mandrin-de-stylo-a-cone-morse-mk1","status":"publish","type":"product","link":"https:\/\/houtdraaiwerken-penkits.nl\/fr\/shop\/outils\/mandrins-et-accessoires\/mtm1-fr\/mandrin-de-stylo-a-cone-morse-mk1\/","title":{"rendered":"Mandrin de stylo \u00e0 c\u00f4ne morse MK1"},"content":{"rendered":"","protected":false},"excerpt":{"rendered":"<p>Mandrin de stylo \u00e0 c\u00f4ne morse MK1<\/p>\n","protected":false},"featured_media":41177,"comment_status":"open","ping_status":"closed","template":"","meta":{"_et_pb_use_builder":"","_et_pb_old_content":"","_et_gb_content_width":""},"product_brand":[],"product_cat":[2297,2295],"product_tag":[2299],"class_list":{"0":"post-75463","1":"product","2":"type-product","3":"status-publish","4":"has-post-thumbnail","6":"product_cat-mtm1-fr","7":"product_cat-outils","8":"product_tag-mandrin-de-stylo","10":"first","11":"instock","12":"taxable","13":"shipping-taxable","14":"purchasable","15":"product-type-simple"},"_links":{"self":[{"href":"https:\/\/houtdraaiwerken-penkits.nl\/fr\/wp-json\/wp\/v2\/product\/75463","targetHints":{"allow":["GET"]}}],"collection":[{"href":"https:\/\/houtdraaiwerken-penkits.nl\/fr\/wp-json\/wp\/v2\/product"}],"about":[{"href":"https:\/\/houtdraaiwerken-penkits.nl\/fr\/wp-json\/wp\/v2\/types\/product"}],"replies":[{"embeddable":true,"href":"https:\/\/houtdraaiwerken-penkits.nl\/fr\/wp-json\/wp\/v2\/comments?post=75463"}],"wp:featuredmedia":[{"embeddable":true,"href":"https:\/\/houtdraaiwerken-penkits.nl\/fr\/wp-json\/wp\/v2\/media\/41177"}],"wp:attachment":[{"href":"https:\/\/houtdraaiwerken-penkits.nl\/fr\/wp-json\/wp\/v2\/media?parent=75463"}],"wp:term":[{"taxonomy":"product_brand","embeddable":true,"href":"https:\/\/houtdraaiwerken-penkits.nl\/fr\/wp-json\/wp\/v2\/product_brand?post=75463"},{"taxonomy":"product_cat","embeddable":true,"href":"https:\/\/houtdraaiwerken-penkits.nl\/fr\/wp-json\/wp\/v2\/product_cat?post=75463"},{"taxonomy":"product_tag","embeddable":true,"href":"https:\/\/houtdraaiwerken-penkits.nl\/fr\/wp-json\/wp\/v2\/product_tag?post=75463"}],"curies":[{"name":"wp","href":"https:\/\/api.w.org\/{rel}","templated":true}]}}