{"id":75699,"date":"2016-05-11T22:14:44","date_gmt":"2016-05-11T20:14:44","guid":{"rendered":"https:\/\/houtdraaiwerken-penkits.nl\/shop\/non%20class\u00e9\/pm011-fraise-a-stylo-hss-dia-6-18mm-l9-5cm-pour-tube-de-stylo-de-7mm\/"},"modified":"2026-03-15T20:36:53","modified_gmt":"2026-03-15T19:36:53","slug":"pm011-fraise-a-stylo-hss-dia-6-18mm-l9-5cm-pour-tube-de-stylo-de-7mm","status":"publish","type":"product","link":"https:\/\/houtdraaiwerken-penkits.nl\/fr\/shop\/outils\/calibreur\/pm011-fraise-a-stylo-hss-dia-6-18mm-l9-5cm-pour-tube-de-stylo-de-7mm\/","title":{"rendered":"PM011 Calibreur \u00e0 stylo HSS, Dia. 6.18mm, L:9.5cm. pour tube de stylo de 7mm"},"content":{"rendered":"","protected":false},"excerpt":{"rendered":"<p>Calibreur \u00e0 stylo HSS, Dia. 6.18mm, L:9.5cm. pour tube de stylo de 7 mm. Pour redresser l&rsquo;extr\u00e9mit\u00e9 du bois par rapport au tube.<\/p>\n","protected":false},"featured_media":41081,"comment_status":"open","ping_status":"closed","template":"","meta":{"_et_pb_use_builder":"","_et_pb_old_content":"","_et_gb_content_width":""},"product_brand":[],"product_cat":[8427,2295,2769],"product_tag":[2770,2489,2771],"class_list":{"0":"post-75699","1":"product","2":"type-product","3":"status-publish","4":"has-post-thumbnail","6":"product_cat-calibreur","7":"product_cat-outils","8":"product_cat-pm011-fr","9":"product_tag-diametre-618-mm","10":"product_tag-fraises-a-plume-hss","11":"product_tag-l95cm-pour-tube-de-stylo-de-7-mm","13":"first","14":"instock","15":"taxable","16":"shipping-taxable","17":"purchasable","18":"product-type-simple"},"_links":{"self":[{"href":"https:\/\/houtdraaiwerken-penkits.nl\/fr\/wp-json\/wp\/v2\/product\/75699","targetHints":{"allow":["GET"]}}],"collection":[{"href":"https:\/\/houtdraaiwerken-penkits.nl\/fr\/wp-json\/wp\/v2\/product"}],"about":[{"href":"https:\/\/houtdraaiwerken-penkits.nl\/fr\/wp-json\/wp\/v2\/types\/product"}],"replies":[{"embeddable":true,"href":"https:\/\/houtdraaiwerken-penkits.nl\/fr\/wp-json\/wp\/v2\/comments?post=75699"}],"wp:featuredmedia":[{"embeddable":true,"href":"https:\/\/houtdraaiwerken-penkits.nl\/fr\/wp-json\/wp\/v2\/media\/41081"}],"wp:attachment":[{"href":"https:\/\/houtdraaiwerken-penkits.nl\/fr\/wp-json\/wp\/v2\/media?parent=75699"}],"wp:term":[{"taxonomy":"product_brand","embeddable":true,"href":"https:\/\/houtdraaiwerken-penkits.nl\/fr\/wp-json\/wp\/v2\/product_brand?post=75699"},{"taxonomy":"product_cat","embeddable":true,"href":"https:\/\/houtdraaiwerken-penkits.nl\/fr\/wp-json\/wp\/v2\/product_cat?post=75699"},{"taxonomy":"product_tag","embeddable":true,"href":"https:\/\/houtdraaiwerken-penkits.nl\/fr\/wp-json\/wp\/v2\/product_tag?post=75699"}],"curies":[{"name":"wp","href":"https:\/\/api.w.org\/{rel}","templated":true}]}}