{"id":75710,"date":"2016-06-12T12:57:17","date_gmt":"2016-06-12T10:57:17","guid":{"rendered":"https:\/\/houtdraaiwerken-penkits.nl\/shop\/non%20class\u00e9\/dhb4-stylo-acrylique-vierge\/"},"modified":"2026-02-28T15:05:42","modified_gmt":"2026-02-28T14:05:42","slug":"dhb4-stylo-acrylique-vierge","status":"publish","type":"product","link":"https:\/\/houtdraaiwerken-penkits.nl\/fr\/shop\/ebauches-de-stylos\/ebauches-de-stylos-en-acrylique\/dhb4-stylo-acrylique-vierge\/","title":{"rendered":"DHB4 Stylo acrylique vierge"},"content":{"rendered":"<p>La couleur peut varier l\u00e9g\u00e8rement par rapport \u00e0 la photo.<\/p>\n<p>&nbsp;<\/p>\n<p>&nbsp;<\/p>\n","protected":false},"excerpt":{"rendered":"<p>DHB4 Stylo en acrylique vierge<\/p>\n<p>taille : 20mm x 20mm x130mm<\/p>\n<p>Vert fonc\u00e9 avec des lignes noires.<\/p>\n","protected":false},"featured_media":42353,"comment_status":"open","ping_status":"closed","template":"","meta":{"_et_pb_use_builder":"","_et_pb_old_content":"","_et_gb_content_width":""},"product_brand":[],"product_cat":[2797,2796,4918],"product_tag":[2798,2799],"class_list":{"0":"post-75710","1":"product","2":"type-product","3":"status-publish","4":"has-post-thumbnail","6":"product_cat-dhb4-stylo-acrylique-vierge","7":"product_cat-ebauches-de-stylos","8":"product_cat-ebauches-de-stylos-en-acrylique","9":"product_tag-stylo-en-acrylique-vierge","10":"product_tag-stylo-en-acrylique-vierge-fr","12":"first","13":"instock","14":"taxable","15":"shipping-taxable","16":"purchasable","17":"product-type-simple"},"_links":{"self":[{"href":"https:\/\/houtdraaiwerken-penkits.nl\/fr\/wp-json\/wp\/v2\/product\/75710","targetHints":{"allow":["GET"]}}],"collection":[{"href":"https:\/\/houtdraaiwerken-penkits.nl\/fr\/wp-json\/wp\/v2\/product"}],"about":[{"href":"https:\/\/houtdraaiwerken-penkits.nl\/fr\/wp-json\/wp\/v2\/types\/product"}],"replies":[{"embeddable":true,"href":"https:\/\/houtdraaiwerken-penkits.nl\/fr\/wp-json\/wp\/v2\/comments?post=75710"}],"wp:featuredmedia":[{"embeddable":true,"href":"https:\/\/houtdraaiwerken-penkits.nl\/fr\/wp-json\/wp\/v2\/media\/42353"}],"wp:attachment":[{"href":"https:\/\/houtdraaiwerken-penkits.nl\/fr\/wp-json\/wp\/v2\/media?parent=75710"}],"wp:term":[{"taxonomy":"product_brand","embeddable":true,"href":"https:\/\/houtdraaiwerken-penkits.nl\/fr\/wp-json\/wp\/v2\/product_brand?post=75710"},{"taxonomy":"product_cat","embeddable":true,"href":"https:\/\/houtdraaiwerken-penkits.nl\/fr\/wp-json\/wp\/v2\/product_cat?post=75710"},{"taxonomy":"product_tag","embeddable":true,"href":"https:\/\/houtdraaiwerken-penkits.nl\/fr\/wp-json\/wp\/v2\/product_tag?post=75710"}],"curies":[{"name":"wp","href":"https:\/\/api.w.org\/{rel}","templated":true}]}}