{"id":75976,"date":"2016-06-04T14:09:23","date_gmt":"2016-06-04T12:09:23","guid":{"rendered":"https:\/\/houtdraaiwerken-penkits.nl\/shop\/non%20class\u00e9\/pb005-blanc-de-stylo-en-erable-a-oeil-doiseau\/"},"modified":"2025-05-07T15:04:47","modified_gmt":"2025-05-07T13:04:47","slug":"pb005-blanc-de-stylo-en-erable-a-oeil-doiseau","status":"publish","type":"product","link":"https:\/\/houtdraaiwerken-penkits.nl\/fr\/shop\/ebauches-de-stylos\/bois-pour-stylos\/pb005-ebauches-de-stylos-en-erable-mouchete\/pb005-blanc-de-stylo-en-erable-a-oeil-doiseau\/","title":{"rendered":"PB005 Blanc de stylo en \u00e9rable \u00e0 \u0153il d&rsquo;oiseau"},"content":{"rendered":"<p>La couleur peut varier l\u00e9g\u00e8rement par rapport \u00e0 la photo.<\/p>\n<p>&nbsp;<\/p>\n<p>&nbsp;<\/p>\n","protected":false},"excerpt":{"rendered":"<p>PB005 Plume en \u00e9rable plane 2 x 2 x 13 cm<\/p>\n<p>Prix par pi\u00e8ce<\/p>\n","protected":false},"featured_media":41813,"comment_status":"open","ping_status":"closed","template":"","meta":{"_et_pb_use_builder":"","_et_pb_old_content":"","_et_gb_content_width":""},"product_brand":[],"product_cat":[3070,3097],"product_tag":[2988,2798],"class_list":{"0":"post-75976","1":"product","2":"type-product","3":"status-publish","4":"has-post-thumbnail","6":"product_cat-bois-pour-stylos","7":"product_cat-pb005-ebauches-de-stylos-en-erable-mouchete","8":"product_tag-ebauches-de-stylos-en-bois","9":"product_tag-stylo-en-acrylique-vierge","11":"first","12":"instock","13":"taxable","14":"shipping-taxable","15":"purchasable","16":"product-type-simple"},"_links":{"self":[{"href":"https:\/\/houtdraaiwerken-penkits.nl\/fr\/wp-json\/wp\/v2\/product\/75976","targetHints":{"allow":["GET"]}}],"collection":[{"href":"https:\/\/houtdraaiwerken-penkits.nl\/fr\/wp-json\/wp\/v2\/product"}],"about":[{"href":"https:\/\/houtdraaiwerken-penkits.nl\/fr\/wp-json\/wp\/v2\/types\/product"}],"replies":[{"embeddable":true,"href":"https:\/\/houtdraaiwerken-penkits.nl\/fr\/wp-json\/wp\/v2\/comments?post=75976"}],"wp:featuredmedia":[{"embeddable":true,"href":"https:\/\/houtdraaiwerken-penkits.nl\/fr\/wp-json\/wp\/v2\/media\/41813"}],"wp:attachment":[{"href":"https:\/\/houtdraaiwerken-penkits.nl\/fr\/wp-json\/wp\/v2\/media?parent=75976"}],"wp:term":[{"taxonomy":"product_brand","embeddable":true,"href":"https:\/\/houtdraaiwerken-penkits.nl\/fr\/wp-json\/wp\/v2\/product_brand?post=75976"},{"taxonomy":"product_cat","embeddable":true,"href":"https:\/\/houtdraaiwerken-penkits.nl\/fr\/wp-json\/wp\/v2\/product_cat?post=75976"},{"taxonomy":"product_tag","embeddable":true,"href":"https:\/\/houtdraaiwerken-penkits.nl\/fr\/wp-json\/wp\/v2\/product_tag?post=75976"}],"curies":[{"name":"wp","href":"https:\/\/api.w.org\/{rel}","templated":true}]}}