{"id":76438,"date":"2016-07-01T22:28:54","date_gmt":"2016-07-01T20:28:54","guid":{"rendered":"https:\/\/houtdraaiwerken-penkits.nl\/shop\/non%20class\u00e9\/kits-porte-cles-boite-a-pilules-a-compartiment-secret\/"},"modified":"2026-04-04T18:34:32","modified_gmt":"2026-04-04T16:34:32","slug":"kits-porte-cles-boite-a-pilules-a-compartiment-secret","status":"publish","type":"product","link":"https:\/\/houtdraaiwerken-penkits.nl\/fr\/shop\/autres-kits\/kits-de-porte-cles\/kits-porte-cles-boite-a-pilules-a-compartiment-secret\/","title":{"rendered":"Kits porte-cl\u00e9s bo\u00eete \u00e0 pilules \u00e0 compartiment secret"},"content":{"rendered":"<p>Mat\u00e9riel suppl\u00e9mentaire n\u00e9cessaire :<\/p>\n<p><a href=\"https:\/\/houtdraaiwerken-penkits.nl\/shop\/busjes-sets\/bu49\/bu49\/\">BU49<\/a> Bushings<\/p>\n<p><a href=\"https:\/\/www.houtdraaiwerken-penkits.nl\/shop\/gereedschap-en-boren\/boren\/db-9-16-boor\/db-9-16-boor\/\">DB 9\/16&Prime;<\/a> drill 14.28 mm drill bit<\/p>\n","protected":false},"excerpt":{"rendered":"<p>Kits porte-cl\u00e9s bo\u00eete \u00e0 pilules \u00e0 compartiment secret<\/p>\n","protected":false},"featured_media":42749,"comment_status":"open","ping_status":"closed","template":"","meta":{"_et_pb_use_builder":"","_et_pb_old_content":"","_et_gb_content_width":""},"product_brand":[],"product_cat":[2255,3499,3498],"product_tag":[3500,2213,2212],"class_list":{"0":"post-76438","1":"product","2":"type-product","3":"status-publish","4":"has-post-thumbnail","6":"product_cat-autres-kits","7":"product_cat-kits-de-porte-cles","8":"product_cat-kits-porte-cles-boite-a-pilules-a-compartiment-secret","9":"product_tag-kits-de-couteaux-compacts-pour-porte-cles","10":"product_tag-kits-de-projets","11":"product_tag-kits-de-stylos","13":"first","14":"instock","15":"taxable","16":"shipping-taxable","17":"purchasable","18":"product-type-variable"},"_links":{"self":[{"href":"https:\/\/houtdraaiwerken-penkits.nl\/fr\/wp-json\/wp\/v2\/product\/76438","targetHints":{"allow":["GET"]}}],"collection":[{"href":"https:\/\/houtdraaiwerken-penkits.nl\/fr\/wp-json\/wp\/v2\/product"}],"about":[{"href":"https:\/\/houtdraaiwerken-penkits.nl\/fr\/wp-json\/wp\/v2\/types\/product"}],"replies":[{"embeddable":true,"href":"https:\/\/houtdraaiwerken-penkits.nl\/fr\/wp-json\/wp\/v2\/comments?post=76438"}],"wp:featuredmedia":[{"embeddable":true,"href":"https:\/\/houtdraaiwerken-penkits.nl\/fr\/wp-json\/wp\/v2\/media\/42749"}],"wp:attachment":[{"href":"https:\/\/houtdraaiwerken-penkits.nl\/fr\/wp-json\/wp\/v2\/media?parent=76438"}],"wp:term":[{"taxonomy":"product_brand","embeddable":true,"href":"https:\/\/houtdraaiwerken-penkits.nl\/fr\/wp-json\/wp\/v2\/product_brand?post=76438"},{"taxonomy":"product_cat","embeddable":true,"href":"https:\/\/houtdraaiwerken-penkits.nl\/fr\/wp-json\/wp\/v2\/product_cat?post=76438"},{"taxonomy":"product_tag","embeddable":true,"href":"https:\/\/houtdraaiwerken-penkits.nl\/fr\/wp-json\/wp\/v2\/product_tag?post=76438"}],"curies":[{"name":"wp","href":"https:\/\/api.w.org\/{rel}","templated":true}]}}