{"id":76666,"date":"2016-09-28T17:11:55","date_gmt":"2016-09-28T15:11:55","guid":{"rendered":"https:\/\/houtdraaiwerken-penkits.nl\/shop\/non%20class\u00e9\/feuilles-de-papier-de-verre-spads10\/"},"modified":"2026-01-05T15:29:24","modified_gmt":"2026-01-05T14:29:24","slug":"feuilles-de-papier-de-verre-spads10","status":"publish","type":"product","link":"https:\/\/houtdraaiwerken-penkits.nl\/fr\/shop\/outils\/spads10-feuilles-abrasives\/feuilles-de-papier-de-verre-spads10\/","title":{"rendered":"Feuilles de papier de verre SPADS10"},"content":{"rendered":"","protected":false},"excerpt":{"rendered":"<p>Les feuilles de papier de verre peuvent \u00e9galement \u00eatre utilis\u00e9es humides. <\/p>\n<p>Le prix est bas\u00e9 sur un paquet de 10 grains diff\u00e9rents.<\/p>\n<p>#180, #240, #320, #400, #600, #800, #1000, #1200, #1500, #2000<\/p>\n<p>Taille d&rsquo;une feuille : 230*280mm<\/p>\n","protected":false},"featured_media":43891,"comment_status":"open","ping_status":"closed","template":"","meta":{"_et_pb_use_builder":"","_et_pb_old_content":"","_et_gb_content_width":""},"product_brand":[],"product_cat":[3705,3703],"product_tag":[3707],"class_list":{"0":"post-76666","1":"product","2":"type-product","3":"status-publish","4":"has-post-thumbnail","6":"product_cat-papier-de-verre-colle-et-finition","7":"product_cat-spads10-feuilles-abrasives","8":"product_tag-tampons-abrasifs-a-micro-maille","10":"first","11":"instock","12":"taxable","13":"shipping-taxable","14":"purchasable","15":"product-type-simple"},"_links":{"self":[{"href":"https:\/\/houtdraaiwerken-penkits.nl\/fr\/wp-json\/wp\/v2\/product\/76666","targetHints":{"allow":["GET"]}}],"collection":[{"href":"https:\/\/houtdraaiwerken-penkits.nl\/fr\/wp-json\/wp\/v2\/product"}],"about":[{"href":"https:\/\/houtdraaiwerken-penkits.nl\/fr\/wp-json\/wp\/v2\/types\/product"}],"replies":[{"embeddable":true,"href":"https:\/\/houtdraaiwerken-penkits.nl\/fr\/wp-json\/wp\/v2\/comments?post=76666"}],"wp:featuredmedia":[{"embeddable":true,"href":"https:\/\/houtdraaiwerken-penkits.nl\/fr\/wp-json\/wp\/v2\/media\/43891"}],"wp:attachment":[{"href":"https:\/\/houtdraaiwerken-penkits.nl\/fr\/wp-json\/wp\/v2\/media?parent=76666"}],"wp:term":[{"taxonomy":"product_brand","embeddable":true,"href":"https:\/\/houtdraaiwerken-penkits.nl\/fr\/wp-json\/wp\/v2\/product_brand?post=76666"},{"taxonomy":"product_cat","embeddable":true,"href":"https:\/\/houtdraaiwerken-penkits.nl\/fr\/wp-json\/wp\/v2\/product_cat?post=76666"},{"taxonomy":"product_tag","embeddable":true,"href":"https:\/\/houtdraaiwerken-penkits.nl\/fr\/wp-json\/wp\/v2\/product_tag?post=76666"}],"curies":[{"name":"wp","href":"https:\/\/api.w.org\/{rel}","templated":true}]}}