{"id":77206,"date":"2016-12-23T19:49:44","date_gmt":"2016-12-23T18:49:44","guid":{"rendered":"https:\/\/houtdraaiwerken-penkits.nl\/shop\/non%20class\u00e9\/boite-a-crayons-en-plastique-carree\/"},"modified":"2025-05-07T16:30:38","modified_gmt":"2025-05-07T14:30:38","slug":"boite-a-crayons-en-plastique-carree","status":"publish","type":"product","link":"https:\/\/houtdraaiwerken-penkits.nl\/fr\/shop\/boite-a-stylos-en-plastique-carree\/boite-a-crayons-en-plastique-carree\/","title":{"rendered":"[Bo\u00eete \u00e0 crayons en plastique carr\u00e9e"},"content":{"rendered":"","protected":false},"excerpt":{"rendered":"<p>Bo\u00eete \u00e0 crayons en plastique. 15,5*2,5*2,5cm. <\/p>\n","protected":false},"featured_media":44995,"comment_status":"open","ping_status":"closed","template":"","meta":{"_et_pb_use_builder":"","_et_pb_old_content":"","_et_gb_content_width":""},"product_brand":[],"product_cat":[4151,5103],"product_tag":[3506,2213,2212],"class_list":{"0":"post-77206","1":"product","2":"type-product","3":"status-publish","4":"has-post-thumbnail","6":"product_cat-boite-a-stylos-en-plastique-carree","7":"product_cat-coffrets-pour-stylos","8":"product_tag-boite-a-stylos-en-plastique","9":"product_tag-kits-de-projets","10":"product_tag-kits-de-stylos","12":"first","13":"instock","14":"taxable","15":"shipping-taxable","16":"purchasable","17":"product-type-simple"},"_links":{"self":[{"href":"https:\/\/houtdraaiwerken-penkits.nl\/fr\/wp-json\/wp\/v2\/product\/77206","targetHints":{"allow":["GET"]}}],"collection":[{"href":"https:\/\/houtdraaiwerken-penkits.nl\/fr\/wp-json\/wp\/v2\/product"}],"about":[{"href":"https:\/\/houtdraaiwerken-penkits.nl\/fr\/wp-json\/wp\/v2\/types\/product"}],"replies":[{"embeddable":true,"href":"https:\/\/houtdraaiwerken-penkits.nl\/fr\/wp-json\/wp\/v2\/comments?post=77206"}],"wp:featuredmedia":[{"embeddable":true,"href":"https:\/\/houtdraaiwerken-penkits.nl\/fr\/wp-json\/wp\/v2\/media\/44995"}],"wp:attachment":[{"href":"https:\/\/houtdraaiwerken-penkits.nl\/fr\/wp-json\/wp\/v2\/media?parent=77206"}],"wp:term":[{"taxonomy":"product_brand","embeddable":true,"href":"https:\/\/houtdraaiwerken-penkits.nl\/fr\/wp-json\/wp\/v2\/product_brand?post=77206"},{"taxonomy":"product_cat","embeddable":true,"href":"https:\/\/houtdraaiwerken-penkits.nl\/fr\/wp-json\/wp\/v2\/product_cat?post=77206"},{"taxonomy":"product_tag","embeddable":true,"href":"https:\/\/houtdraaiwerken-penkits.nl\/fr\/wp-json\/wp\/v2\/product_tag?post=77206"}],"curies":[{"name":"wp","href":"https:\/\/api.w.org\/{rel}","templated":true}]}}