{"id":77227,"date":"2016-12-22T22:40:55","date_gmt":"2016-12-22T21:40:55","guid":{"rendered":"https:\/\/houtdraaiwerken-penkits.nl\/shop\/non%20class\u00e9\/cam66-stylo-en-acrylique-vierge\/"},"modified":"2025-05-07T16:31:47","modified_gmt":"2025-05-07T14:31:47","slug":"cam66-stylo-en-acrylique-vierge","status":"publish","type":"product","link":"https:\/\/houtdraaiwerken-penkits.nl\/fr\/shop\/ebauches-de-stylos\/ebauches-de-stylos-en-acrylique\/cam66-stylo-en-acrylique-vierge\/","title":{"rendered":"CAM66 Stylo en acrylique vierge"},"content":{"rendered":"<p>La couleur peut varier l\u00e9g\u00e8rement par rapport \u00e0 la photo.<\/p>\n","protected":false},"excerpt":{"rendered":"<p>CAM66 Stylo en acrylique vierge<\/p>\n","protected":false},"featured_media":44959,"comment_status":"open","ping_status":"closed","template":"","meta":{"_et_pb_use_builder":"","_et_pb_old_content":"","_et_gb_content_width":""},"product_brand":[],"product_cat":[4173,2796,4918],"product_tag":[2798],"class_list":{"0":"post-77227","1":"product","2":"type-product","3":"status-publish","4":"has-post-thumbnail","6":"product_cat-cam66-stylo-en-acrylique-vierge","7":"product_cat-ebauches-de-stylos","8":"product_cat-ebauches-de-stylos-en-acrylique","9":"product_tag-stylo-en-acrylique-vierge","11":"first","12":"instock","13":"taxable","14":"shipping-taxable","15":"purchasable","16":"product-type-simple"},"_links":{"self":[{"href":"https:\/\/houtdraaiwerken-penkits.nl\/fr\/wp-json\/wp\/v2\/product\/77227","targetHints":{"allow":["GET"]}}],"collection":[{"href":"https:\/\/houtdraaiwerken-penkits.nl\/fr\/wp-json\/wp\/v2\/product"}],"about":[{"href":"https:\/\/houtdraaiwerken-penkits.nl\/fr\/wp-json\/wp\/v2\/types\/product"}],"replies":[{"embeddable":true,"href":"https:\/\/houtdraaiwerken-penkits.nl\/fr\/wp-json\/wp\/v2\/comments?post=77227"}],"wp:featuredmedia":[{"embeddable":true,"href":"https:\/\/houtdraaiwerken-penkits.nl\/fr\/wp-json\/wp\/v2\/media\/44959"}],"wp:attachment":[{"href":"https:\/\/houtdraaiwerken-penkits.nl\/fr\/wp-json\/wp\/v2\/media?parent=77227"}],"wp:term":[{"taxonomy":"product_brand","embeddable":true,"href":"https:\/\/houtdraaiwerken-penkits.nl\/fr\/wp-json\/wp\/v2\/product_brand?post=77227"},{"taxonomy":"product_cat","embeddable":true,"href":"https:\/\/houtdraaiwerken-penkits.nl\/fr\/wp-json\/wp\/v2\/product_cat?post=77227"},{"taxonomy":"product_tag","embeddable":true,"href":"https:\/\/houtdraaiwerken-penkits.nl\/fr\/wp-json\/wp\/v2\/product_tag?post=77227"}],"curies":[{"name":"wp","href":"https:\/\/api.w.org\/{rel}","templated":true}]}}