{"id":77311,"date":"2016-12-14T20:12:12","date_gmt":"2016-12-14T19:12:12","guid":{"rendered":"https:\/\/houtdraaiwerken-penkits.nl\/shop\/non%20class\u00e9\/kits-de-stylos-a-cigare\/"},"modified":"2026-04-24T20:59:55","modified_gmt":"2026-04-24T18:59:55","slug":"kits-de-stylos-a-cigare","status":"publish","type":"product","link":"https:\/\/houtdraaiwerken-penkits.nl\/fr\/shop\/kits-de-stylos\/kits-de-stylos-a-encliqueter\/kit-stylo-a-cigare-chrome-metal-gun\/kits-de-stylos-a-cigare\/","title":{"rendered":"Kits de stylos \u00e0 cigare"},"content":{"rendered":"<p>le mat\u00e9riel n\u00e9cessaire :<\/p>\n<p><a href=\"https:\/\/houtdraaiwerken-penkits.nl\/shop\/busjes-sets\/bu6\/bu6\/\">BU6<\/a> Bagues<\/p>\n<p><a href=\"https:\/\/houtdraaiwerken-penkits.nl\/shop\/gereedschap-en-boren\/boren\/db010\/db010\/\">DB010<\/a> m\u00e8che 10mm<\/p>\n<p>Fraise \u00e0 stylo <a href=\"https:\/\/houtdraaiwerken-penkits.nl\/pt-pt\/shop\/ferramentas\/pm014-moinhos-de-caneta-hss-dia-9-15mm-l9-5cm-para-tubos-de-caneta-de-10-mm\/\">PM014<\/a>. Veuillez noter que pour une fraise \u00e0 stylo, vous avez \u00e9galement besoin d&rsquo;une fraise <a href=\"https:\/\/houtdraaiwerken-penkits.nl\/shop\/gereedschap-en-boren\/gereedschap\/pen-mills\/pm006\/pm006pen-mills-34-cutter-head-with-6-edges\/\">PM006<\/a> ou <a href=\"https:\/\/houtdraaiwerken-penkits.nl\/shop\/gereedschap-en-boren\/gereedschap\/pen-mills\/pm002\/pm002pen-mills-34-cutter-head-with-4-edges\/\">PM002<\/a>. La fraise s&rsquo;adapte \u00e0 toutes les tailles de fraises \u00e0 stylo. <\/p>\n","protected":false},"excerpt":{"rendered":"<p>Kits de stylos \u00e0 cigare<\/p>\n","protected":false},"featured_media":44707,"comment_status":"open","ping_status":"closed","template":"","meta":{"_et_pb_use_builder":"","_et_pb_old_content":"","_et_gb_content_width":""},"product_brand":[],"product_cat":[4247,3551,3023],"product_tag":[3555,2212,2939],"class_list":{"0":"post-77311","1":"product","2":"type-product","3":"status-publish","4":"has-post-thumbnail","6":"product_cat-kit-stylo-a-cigare-chrome-metal-gun","7":"product_cat-kits-de-stylos","8":"product_cat-kits-de-stylos-a-encliqueter","9":"product_tag-kit-stylo-a-bille-en-metal-arme","10":"product_tag-kits-de-stylos","11":"product_tag-kits-de-stylos-fr","13":"first","14":"instock","15":"taxable","16":"shipping-taxable","17":"purchasable","18":"product-type-variable"},"_links":{"self":[{"href":"https:\/\/houtdraaiwerken-penkits.nl\/fr\/wp-json\/wp\/v2\/product\/77311","targetHints":{"allow":["GET"]}}],"collection":[{"href":"https:\/\/houtdraaiwerken-penkits.nl\/fr\/wp-json\/wp\/v2\/product"}],"about":[{"href":"https:\/\/houtdraaiwerken-penkits.nl\/fr\/wp-json\/wp\/v2\/types\/product"}],"replies":[{"embeddable":true,"href":"https:\/\/houtdraaiwerken-penkits.nl\/fr\/wp-json\/wp\/v2\/comments?post=77311"}],"wp:featuredmedia":[{"embeddable":true,"href":"https:\/\/houtdraaiwerken-penkits.nl\/fr\/wp-json\/wp\/v2\/media\/44707"}],"wp:attachment":[{"href":"https:\/\/houtdraaiwerken-penkits.nl\/fr\/wp-json\/wp\/v2\/media?parent=77311"}],"wp:term":[{"taxonomy":"product_brand","embeddable":true,"href":"https:\/\/houtdraaiwerken-penkits.nl\/fr\/wp-json\/wp\/v2\/product_brand?post=77311"},{"taxonomy":"product_cat","embeddable":true,"href":"https:\/\/houtdraaiwerken-penkits.nl\/fr\/wp-json\/wp\/v2\/product_cat?post=77311"},{"taxonomy":"product_tag","embeddable":true,"href":"https:\/\/houtdraaiwerken-penkits.nl\/fr\/wp-json\/wp\/v2\/product_tag?post=77311"}],"curies":[{"name":"wp","href":"https:\/\/api.w.org\/{rel}","templated":true}]}}