{"id":77492,"date":"2017-07-21T18:14:38","date_gmt":"2017-07-21T16:14:38","guid":{"rendered":"https:\/\/houtdraaiwerken-penkits.nl\/shop\/non%20class\u00e9\/tube-pour-tubes-de-stylos-de-125-mm\/"},"modified":"2025-05-07T16:48:03","modified_gmt":"2025-05-07T14:48:03","slug":"tube-pour-tubes-de-stylos-de-125-mm","status":"publish","type":"product","link":"https:\/\/houtdraaiwerken-penkits.nl\/fr\/shop\/outils\/mandrins-et-accessoires\/tube-pour-12\/tube-pour-tubes-de-stylos-de-125-mm\/","title":{"rendered":"Tube pour tubes de stylos de 12,5 mm"},"content":{"rendered":"","protected":false},"excerpt":{"rendered":"<p>Tube pour tubes de stylo de 12,5 mm au grand mandrin \u00e0 extr\u00e9mit\u00e9 ferm\u00e9e. Le tube est de 30 cm de long. <\/p>\n","protected":false},"featured_media":46231,"comment_status":"open","ping_status":"closed","template":"","meta":{"_et_pb_use_builder":"","_et_pb_old_content":"","_et_gb_content_width":""},"product_brand":[],"product_cat":[4393,4394],"product_tag":[],"class_list":{"0":"post-77492","1":"product","2":"type-product","3":"status-publish","4":"has-post-thumbnail","6":"product_cat-tube-pour-12","7":"product_cat-tubes-de-stylo-de-5-mm","9":"first","10":"outofstock","11":"taxable","12":"shipping-taxable","13":"purchasable","14":"product-type-simple"},"_links":{"self":[{"href":"https:\/\/houtdraaiwerken-penkits.nl\/fr\/wp-json\/wp\/v2\/product\/77492","targetHints":{"allow":["GET"]}}],"collection":[{"href":"https:\/\/houtdraaiwerken-penkits.nl\/fr\/wp-json\/wp\/v2\/product"}],"about":[{"href":"https:\/\/houtdraaiwerken-penkits.nl\/fr\/wp-json\/wp\/v2\/types\/product"}],"replies":[{"embeddable":true,"href":"https:\/\/houtdraaiwerken-penkits.nl\/fr\/wp-json\/wp\/v2\/comments?post=77492"}],"wp:featuredmedia":[{"embeddable":true,"href":"https:\/\/houtdraaiwerken-penkits.nl\/fr\/wp-json\/wp\/v2\/media\/46231"}],"wp:attachment":[{"href":"https:\/\/houtdraaiwerken-penkits.nl\/fr\/wp-json\/wp\/v2\/media?parent=77492"}],"wp:term":[{"taxonomy":"product_brand","embeddable":true,"href":"https:\/\/houtdraaiwerken-penkits.nl\/fr\/wp-json\/wp\/v2\/product_brand?post=77492"},{"taxonomy":"product_cat","embeddable":true,"href":"https:\/\/houtdraaiwerken-penkits.nl\/fr\/wp-json\/wp\/v2\/product_cat?post=77492"},{"taxonomy":"product_tag","embeddable":true,"href":"https:\/\/houtdraaiwerken-penkits.nl\/fr\/wp-json\/wp\/v2\/product_tag?post=77492"}],"curies":[{"name":"wp","href":"https:\/\/api.w.org\/{rel}","templated":true}]}}