{"id":78021,"date":"2024-10-24T10:59:11","date_gmt":"2024-10-24T08:59:11","guid":{"rendered":"https:\/\/houtdraaiwerken-penkits.nl\/shop\/non%20class\u00e9\/trousses-de-crayons-amarant-everlasting\/"},"modified":"2026-03-26T08:31:49","modified_gmt":"2026-03-26T07:31:49","slug":"trousses-de-crayons-amarant-everlasting","status":"publish","type":"product","link":"https:\/\/houtdraaiwerken-penkits.nl\/fr\/shop\/kits-de-stylos\/kits-de-crayons\/trousses-de-crayons-amarant-everlasting\/","title":{"rendered":"Kit de crayons Amarant Everlasting"},"content":{"rendered":"<p>Mat\u00e9riel n\u00e9cessaire :<\/p>\n<p><a href=\"https:\/\/houtdraaiwerken-penkits.nl\/fr\/shop\/jeu-dentretoises\/bu-8724-fr\/bu8724-pour-les-kits-de-crayons-amaranth-everlasting\/\">BU8724<\/a> Entretoises<\/p>\n<p><a href=\"https:\/\/houtdraaiwerken-penkits.nl\/fr\/shop\/perceuse\/db007-fr\/db007-meche-de-7-mm\/\">db007<\/a> M\u00e8che<\/p>\n<p><a href=\"https:\/\/houtdraaiwerken-penkits.nl\/fr\/shop\/perceuse\/rsdb077-fr\/rsdb077-meche-77-mm\/\">RSDB077<\/a> M\u00e8che<\/p>\n<p><a href=\"https:\/\/houtdraaiwerken-penkits.nl\/fr\/shop\/outils\/calibreur\/pm011-fraise-a-stylo-hss-dia-6-18mm-l9-5cm-pour-tube-de-stylo-de-7mm\/\">PM011<\/a> Calibreur<\/p>\n<p>Veuillez noter que pour une fraise \u00e0 stylo, vous avez \u00e9galement besoin d\u2019une fraise\u00a0<a href=\"https:\/\/houtdraaiwerken-penkits.nl\/fr\/shop\/outils\/calibreur\/pm006-fr\/pm006-tete-de-coupe-3-4-a-6-tranchants-pour-fraises-pen\/\">PM006<\/a>\u00a0ou\u00a0<a href=\"https:\/\/houtdraaiwerken-penkits.nl\/fr\/shop\/outils\/calibreur\/pm002-fr\/nlpm002-tete-de-coupe-3-4-avec-4-aretes-de-coupe-pour-fraises-pen\/\">PM002<\/a>. La fraise s\u2019adapte \u00e0 toutes les tailles de fraises \u00e0 stylo.<\/p>\n","protected":false},"excerpt":{"rendered":"<p>Le kit de crayon Amarant Everlasting est une conception interne et est disponible exclusivement aupr\u00e8s de (HPK) <span class=\"skiptranslate\">houtdraaiwerken-penkits<\/span>.nl La pointe est con\u00e7ue avec une interface \u00e0 vis, qui peut \u00eatre facilement remplac\u00e9e. Il n&rsquo;est pas n\u00e9cessaire de tailler ce crayon. Ce crayon est principalement utilis\u00e9 pour des projets artistiques tels que le dessin et l&rsquo;esquisse.<br \/>\nLorsque vous n&rsquo;utilisez pas le crayon, vous pouvez retourner le capuchon sur la pointe pour prot\u00e9ger la mine du crayon. Pendant l&rsquo;utilisation, vous pouvez tourner le capuchon \u00e0 l&rsquo;arri\u00e8re sur la gomme.<\/p>\n","protected":false},"featured_media":72428,"comment_status":"closed","ping_status":"closed","template":"","meta":{"_et_pb_use_builder":"off","_et_pb_old_content":"Mat\u00e9riel suppl\u00e9mentaire requis :\r\n\r\n<a href=\"https:\/\/houtdraaiwerken-penkits.nl\/shop\/busjes-sets\/bu-8724\/bu-8724-voor-amarant-everlasting-pencil-kits\/\">BU8724<\/a> Douille\r\n\r\n db007 Foret\r\n\r\n<a href=\"https:\/\/houtdraaiwerken-penkits.nl\/shop\/gereedschap-en-boren\/boren\/rsdb077\/rsdb077-boor-77-mm\/\">RSDB077<\/a> Foret\r\n\r\n<a href=\"https:\/\/houtdraaiwerken-penkits.nl\/shop\/gereedschap-en-boren\/gereedschap\/pen-mills\/pm011\/pm011pen-mills-hss-dia-6-18mm-l9-5cm-for-7mm-pen-tube\/\">PM011<\/a> Moulin \u00e0 plume","_et_gb_content_width":""},"product_brand":[],"product_cat":[4457,4695,5145],"product_tag":[],"class_list":{"0":"post-78021","1":"product","2":"type-product","3":"status-publish","4":"has-post-thumbnail","6":"product_cat-kits-de-crayons","7":"product_cat-kits-de-crayons-amarant-everlasting","8":"product_cat-kits-de-stylos-hpk","10":"first","11":"instock","12":"taxable","13":"shipping-taxable","14":"purchasable","15":"product-type-variable"},"_links":{"self":[{"href":"https:\/\/houtdraaiwerken-penkits.nl\/fr\/wp-json\/wp\/v2\/product\/78021","targetHints":{"allow":["GET"]}}],"collection":[{"href":"https:\/\/houtdraaiwerken-penkits.nl\/fr\/wp-json\/wp\/v2\/product"}],"about":[{"href":"https:\/\/houtdraaiwerken-penkits.nl\/fr\/wp-json\/wp\/v2\/types\/product"}],"replies":[{"embeddable":true,"href":"https:\/\/houtdraaiwerken-penkits.nl\/fr\/wp-json\/wp\/v2\/comments?post=78021"}],"wp:featuredmedia":[{"embeddable":true,"href":"https:\/\/houtdraaiwerken-penkits.nl\/fr\/wp-json\/wp\/v2\/media\/72428"}],"wp:attachment":[{"href":"https:\/\/houtdraaiwerken-penkits.nl\/fr\/wp-json\/wp\/v2\/media?parent=78021"}],"wp:term":[{"taxonomy":"product_brand","embeddable":true,"href":"https:\/\/houtdraaiwerken-penkits.nl\/fr\/wp-json\/wp\/v2\/product_brand?post=78021"},{"taxonomy":"product_cat","embeddable":true,"href":"https:\/\/houtdraaiwerken-penkits.nl\/fr\/wp-json\/wp\/v2\/product_cat?post=78021"},{"taxonomy":"product_tag","embeddable":true,"href":"https:\/\/houtdraaiwerken-penkits.nl\/fr\/wp-json\/wp\/v2\/product_tag?post=78021"}],"curies":[{"name":"wp","href":"https:\/\/api.w.org\/{rel}","templated":true}]}}