{"id":79621,"date":"2016-04-13T00:05:12","date_gmt":"2016-04-12T22:05:12","guid":{"rendered":"https:\/\/houtdraaiwerken-penkits.nl\/shop\/non%20class\u00e9\/slimline-kits-de-stylos\/"},"modified":"2026-04-13T18:39:08","modified_gmt":"2026-04-13T16:39:08","slug":"slimline-kits-de-stylos","status":"publish","type":"product","link":"https:\/\/houtdraaiwerken-penkits.nl\/fr\/shop\/kits-de-stylos\/kits-biros-fr\/slimline-stylo\/slimline-kits-de-stylos\/","title":{"rendered":"Slimline kits de stylos bille"},"content":{"rendered":"<p>Mat\u00e9riel suppl\u00e9mentaire n\u00e9cessaire :<\/p>\n<p><a href=\"https:\/\/houtdraaiwerken-penkits.nl\/fr\/shop\/jeu-dentretoises\/bu3-fr\/bu3\/\">BU3<\/a>\u00a0Entretoises<\/p>\n<p><a href=\"https:\/\/houtdraaiwerken-penkits.nl\/fr\/shop\/perceuse\/db007-fr\/db007-meche-de-7-mm\/\">DB007<\/a>\u00a0M\u00e8che<\/p>\n<p><a href=\"https:\/\/houtdraaiwerken-penkits.nl\/fr\/shop\/outils\/calibreur\/pm011-fraise-a-stylo-hss-dia-6-18mm-l9-5cm-pour-tube-de-stylo-de-7mm\/\">PM011<\/a>\u00a0Calibreur<\/p>\n<p>Veuillez noter que pour une fraise \u00e0 stylo, vous avez \u00e9galement besoin d\u2019une fraise\u00a0<a href=\"https:\/\/houtdraaiwerken-penkits.nl\/fr\/shop\/outils\/calibreur\/pm006-fr\/pm006-tete-de-coupe-3-4-a-6-tranchants-pour-fraises-pen\/\">PM006<\/a>\u00a0ou\u00a0<a href=\"https:\/\/houtdraaiwerken-penkits.nl\/fr\/shop\/outils\/calibreur\/pm002-fr\/nlpm002-tete-de-coupe-3-4-avec-4-aretes-de-coupe-pour-fraises-pen\/\">PM002<\/a>. La fraise s\u2019adapte \u00e0 toutes les tailles de fraises \u00e0 stylo.<\/p>\n","protected":false},"excerpt":{"rendered":"<p>Stylo attrayant et simple, le Slimline kits de stylos bille est un excellent point de d\u00e9part pour les d\u00e9butants.<\/p>\n","protected":false},"featured_media":39221,"comment_status":"open","ping_status":"closed","template":"","meta":{"_et_pb_use_builder":"off","_et_pb_old_content":"Benodigde bijkomende materialen:\r\n\r\nbushing set <a href=\"https:\/\/houtdraaiwerken-penkits.nl\/shop\/bushing\/bu3\/\">BU3<\/a>\r\n\r\n<a href=\"https:\/\/houtdraaiwerken-penkits.nl\/shop\/tools-drills\/drills\/db007\/\">DB007<\/a> \u00a0boor\r\n\r\n<a href=\"https:\/\/houtdraaiwerken-penkits.nl\/shop\/gereedschap-en-boren\/gereedschap\/pm011pen-mills-hss-dia-6-18mm-l9-5cm-for-7mm-pen-tube\/\">PM011<\/a> pen mill.\u00a0Let op\u00a0voor een pen mill heeft u ook een cutter nodig <a href=\"https:\/\/houtdraaiwerken-penkits.nl\/shop\/gereedschap-en-boren\/gereedschap\/pm006pen-mills-34-cutter-head-with-6-edges\/\">PM006<\/a>\u00a0of <a href=\"https:\/\/houtdraaiwerken-penkits.nl\/shop\/gereedschap-en-boren\/gereedschap\/pm002pen-mills-34-cutter-head-with-4-edges\/\">PM002<\/a>\u00a0De cutter past op elke afmeting pen mill.","_et_gb_content_width":""},"product_brand":[],"product_cat":[3340,4861],"product_tag":[2939,3343],"class_list":{"0":"post-79621","1":"product","2":"type-product","3":"status-publish","4":"has-post-thumbnail","6":"product_cat-kits-biros-fr","7":"product_cat-slimline-stylo","8":"product_tag-kits-de-stylos-fr","9":"product_tag-kits-de-stylos-minces","11":"first","12":"instock","13":"taxable","14":"shipping-taxable","15":"purchasable","16":"product-type-variable"},"_links":{"self":[{"href":"https:\/\/houtdraaiwerken-penkits.nl\/fr\/wp-json\/wp\/v2\/product\/79621","targetHints":{"allow":["GET"]}}],"collection":[{"href":"https:\/\/houtdraaiwerken-penkits.nl\/fr\/wp-json\/wp\/v2\/product"}],"about":[{"href":"https:\/\/houtdraaiwerken-penkits.nl\/fr\/wp-json\/wp\/v2\/types\/product"}],"replies":[{"embeddable":true,"href":"https:\/\/houtdraaiwerken-penkits.nl\/fr\/wp-json\/wp\/v2\/comments?post=79621"}],"wp:featuredmedia":[{"embeddable":true,"href":"https:\/\/houtdraaiwerken-penkits.nl\/fr\/wp-json\/wp\/v2\/media\/39221"}],"wp:attachment":[{"href":"https:\/\/houtdraaiwerken-penkits.nl\/fr\/wp-json\/wp\/v2\/media?parent=79621"}],"wp:term":[{"taxonomy":"product_brand","embeddable":true,"href":"https:\/\/houtdraaiwerken-penkits.nl\/fr\/wp-json\/wp\/v2\/product_brand?post=79621"},{"taxonomy":"product_cat","embeddable":true,"href":"https:\/\/houtdraaiwerken-penkits.nl\/fr\/wp-json\/wp\/v2\/product_cat?post=79621"},{"taxonomy":"product_tag","embeddable":true,"href":"https:\/\/houtdraaiwerken-penkits.nl\/fr\/wp-json\/wp\/v2\/product_tag?post=79621"}],"curies":[{"name":"wp","href":"https:\/\/api.w.org\/{rel}","templated":true}]}}