{"id":80290,"date":"2023-01-30T11:39:02","date_gmt":"2023-01-30T10:39:02","guid":{"rendered":"https:\/\/houtdraaiwerken-penkits.nl\/shop\/non class\u00e9\/kits-de-mini-ciseaux\/"},"modified":"2025-09-16T07:27:50","modified_gmt":"2025-09-16T05:27:50","slug":"kits-de-mini-ciseaux","status":"publish","type":"product","link":"https:\/\/houtdraaiwerken-penkits.nl\/fr\/shop\/autres-kits\/divers-kits\/mini-kits-de-ciseaux\/kits-de-mini-ciseaux\/","title":{"rendered":"Kits de mini-ciseaux"},"content":{"rendered":"<p>Mat\u00e9riel suppl\u00e9mentaire n\u00e9cessaire :<\/p>\n<p><a href=\"https:\/\/www.houtdraaiwerken-penkits.nl\/shop\/busjes-sets\/bu552\/bu552\/\">BU552<\/a> Bagues<\/p>\n<p><a href=\"https:\/\/www.houtdraaiwerken-penkits.nl\/shop\/gereedschap-en-boren\/boren\/rsdb1132\/rsdb1132boor-87mm\/\">RSDB11\/32<\/a> 11\/32 Perceuse<\/p>\n<p><a href=\"https:\/\/www.houtdraaiwerken-penkits.nl\/shop\/gereedschap-en-boren\/gereedschap\/pen-mills\/pm012\/pm012pen-mills-hss-dia-7-2mm-l9-5cm-for-8mm-pen-tubes\/\">PM012<\/a> fraise \u00e0 stylo<\/p>\n","protected":false},"excerpt":{"rendered":"<p>Kits de mini-ciseaux<\/p>\n","protected":false},"featured_media":66125,"comment_status":"closed","ping_status":"closed","template":"","meta":{"_et_pb_use_builder":"on","_et_pb_old_content":"Mat\u00e9riel suppl\u00e9mentaire n\u00e9cessaire :\n\n<a href=\"https:\/\/www.houtdraaiwerken-penkits.nl\/shop\/busjes-sets\/bu552\/bu552\/\">BU552<\/a> Bagues\n\n<a href=\"https:\/\/www.houtdraaiwerken-penkits.nl\/shop\/gereedschap-en-boren\/boren\/rsdb1132\/rsdb1132boor-87mm\/\">RSDB11\/32<\/a> 11\/32 Perceuse\n\n<a href=\"https:\/\/www.houtdraaiwerken-penkits.nl\/shop\/gereedschap-en-boren\/gereedschap\/pen-mills\/pm012\/pm012pen-mills-hss-dia-7-2mm-l9-5cm-for-8mm-pen-tubes\/\">PM012<\/a> fraise \u00e0 stylo","_et_gb_content_width":""},"product_brand":[],"product_cat":[5035],"product_tag":[],"class_list":{"0":"post-80290","1":"product","2":"type-product","3":"status-publish","4":"has-post-thumbnail","6":"product_cat-mini-kits-de-ciseaux","8":"first","9":"instock","10":"taxable","11":"shipping-taxable","12":"purchasable","13":"product-type-variable"},"_links":{"self":[{"href":"https:\/\/houtdraaiwerken-penkits.nl\/fr\/wp-json\/wp\/v2\/product\/80290","targetHints":{"allow":["GET"]}}],"collection":[{"href":"https:\/\/houtdraaiwerken-penkits.nl\/fr\/wp-json\/wp\/v2\/product"}],"about":[{"href":"https:\/\/houtdraaiwerken-penkits.nl\/fr\/wp-json\/wp\/v2\/types\/product"}],"replies":[{"embeddable":true,"href":"https:\/\/houtdraaiwerken-penkits.nl\/fr\/wp-json\/wp\/v2\/comments?post=80290"}],"wp:featuredmedia":[{"embeddable":true,"href":"https:\/\/houtdraaiwerken-penkits.nl\/fr\/wp-json\/wp\/v2\/media\/66125"}],"wp:attachment":[{"href":"https:\/\/houtdraaiwerken-penkits.nl\/fr\/wp-json\/wp\/v2\/media?parent=80290"}],"wp:term":[{"taxonomy":"product_brand","embeddable":true,"href":"https:\/\/houtdraaiwerken-penkits.nl\/fr\/wp-json\/wp\/v2\/product_brand?post=80290"},{"taxonomy":"product_cat","embeddable":true,"href":"https:\/\/houtdraaiwerken-penkits.nl\/fr\/wp-json\/wp\/v2\/product_cat?post=80290"},{"taxonomy":"product_tag","embeddable":true,"href":"https:\/\/houtdraaiwerken-penkits.nl\/fr\/wp-json\/wp\/v2\/product_tag?post=80290"}],"curies":[{"name":"wp","href":"https:\/\/api.w.org\/{rel}","templated":true}]}}