{"id":80356,"date":"2023-01-22T14:45:52","date_gmt":"2023-01-22T13:45:52","guid":{"rendered":"https:\/\/houtdraaiwerken-penkits.nl\/shop\/non class\u00e9\/kits-de-stylos-twist-pour-infirmieres\/"},"modified":"2025-09-28T16:39:13","modified_gmt":"2025-09-28T14:39:13","slug":"kits-de-stylos-twist-pour-infirmieres","status":"publish","type":"product","link":"https:\/\/houtdraaiwerken-penkits.nl\/fr\/shop\/kits-de-stylos\/kits-biros-fr\/kits-de-stylos-twist-pour-infirmieres\/kits-de-stylos-twist-pour-infirmieres\/","title":{"rendered":"Kits de stylos twist pour infirmi\u00e8res"},"content":{"rendered":"<p>Mat\u00e9riel suppl\u00e9mentaire requis :<\/p>\n<p>Bague <a href=\"https:\/\/houtdraaiwerken-penkits.nl\/fr\/shop\/jeu-dentretoises\/bu40-fr\/bu40\/\">BU40<\/a> <\/p>\n<p><a href=\"https:\/\/www.houtdraaiwerken-penkits.nl\/shop\/gereedschap-en-boren\/boren\/rsdb27-64-boor\/rsdb27-64-boor\/\">RSDB27\/64<\/a> M\u00e8che<\/p>\n<p>Fraise \u00e0 stylo <a href=\"https:\/\/houtdraaiwerken-penkits.nl\/fr\/shop\/outils\/pm015-fraises-a-stylo-hss-dia-9-9mm-l9-5cm-pour-tubes-de-stylos-de-10-45mm\/\">PM015<\/a>. Veuillez noter que pour une fraise \u00e0 stylo, vous avez \u00e9galement besoin d&rsquo;une fraise <a href=\"https:\/\/houtdraaiwerken-penkits.nl\/shop\/gereedschap\/pen-mills\/pm006\/pm006pen-mills-34-cutter-head-with-6-edges\/\">PM006<\/a> ou <a href=\"https:\/\/houtdraaiwerken-penkits.nl\/shop\/gereedschap\/pen-mills\/pm002\/pm002pen-mills-34-cutter-head-with-4-edges\/\">PM002<\/a>. La fraise s&rsquo;adapte \u00e0 toutes les tailles de fraises \u00e0 stylo. <\/p>\n","protected":false},"excerpt":{"rendered":"<p>Kits de stylos twist pour infirmi\u00e8res<\/p>\n","protected":false},"featured_media":66048,"comment_status":"open","ping_status":"closed","template":"","meta":{"_et_pb_use_builder":"","_et_pb_old_content":"","_et_gb_content_width":""},"product_brand":[],"product_cat":[3340,5090],"product_tag":[2212,2939,3289],"class_list":{"0":"post-80356","1":"product","2":"type-product","3":"status-publish","4":"has-post-thumbnail","6":"product_cat-kits-biros-fr","7":"product_cat-kits-de-stylos-twist-pour-infirmieres","8":"product_tag-kits-de-stylos","9":"product_tag-kits-de-stylos-fr","10":"product_tag-kits-de-stylos-sierra","12":"first","13":"instock","14":"taxable","15":"shipping-taxable","16":"purchasable","17":"product-type-variable"},"_links":{"self":[{"href":"https:\/\/houtdraaiwerken-penkits.nl\/fr\/wp-json\/wp\/v2\/product\/80356","targetHints":{"allow":["GET"]}}],"collection":[{"href":"https:\/\/houtdraaiwerken-penkits.nl\/fr\/wp-json\/wp\/v2\/product"}],"about":[{"href":"https:\/\/houtdraaiwerken-penkits.nl\/fr\/wp-json\/wp\/v2\/types\/product"}],"replies":[{"embeddable":true,"href":"https:\/\/houtdraaiwerken-penkits.nl\/fr\/wp-json\/wp\/v2\/comments?post=80356"}],"wp:featuredmedia":[{"embeddable":true,"href":"https:\/\/houtdraaiwerken-penkits.nl\/fr\/wp-json\/wp\/v2\/media\/66048"}],"wp:attachment":[{"href":"https:\/\/houtdraaiwerken-penkits.nl\/fr\/wp-json\/wp\/v2\/media?parent=80356"}],"wp:term":[{"taxonomy":"product_brand","embeddable":true,"href":"https:\/\/houtdraaiwerken-penkits.nl\/fr\/wp-json\/wp\/v2\/product_brand?post=80356"},{"taxonomy":"product_cat","embeddable":true,"href":"https:\/\/houtdraaiwerken-penkits.nl\/fr\/wp-json\/wp\/v2\/product_cat?post=80356"},{"taxonomy":"product_tag","embeddable":true,"href":"https:\/\/houtdraaiwerken-penkits.nl\/fr\/wp-json\/wp\/v2\/product_tag?post=80356"}],"curies":[{"name":"wp","href":"https:\/\/api.w.org\/{rel}","templated":true}]}}