{"id":80531,"date":"2024-06-18T13:42:52","date_gmt":"2024-06-18T11:42:52","guid":{"rendered":"https:\/\/houtdraaiwerken-penkits.nl\/shop\/non class\u00e9\/rotur-mandrin-pour-stylo-colle-deluxe-mk1\/"},"modified":"2024-06-18T13:42:52","modified_gmt":"2024-06-18T11:42:52","slug":"rotur-mandrin-pour-stylo-colle-deluxe-mk1","status":"publish","type":"product","link":"https:\/\/houtdraaiwerken-penkits.nl\/fr\/shop\/outils\/mandrins-et-accessoires\/rotur-mandrin-pour-stylo-colle-deluxe-mk1\/rotur-mandrin-pour-stylo-colle-deluxe-mk1\/","title":{"rendered":"Rotur Mandrin pour stylo coll\u00e9 Deluxe MK1"},"content":{"rendered":"<p>Le nouveau mandrin \u00e0 stylo coll\u00e9 est con\u00e7u au Royaume-Uni pour les tourneurs de stylos professionnels. Il est tr\u00e8s similaire au mandrin universel pour stylos, mais dans ce mandrin, la tige se fixe avec pr\u00e9cision en serrant la t\u00eate contre la pince de serrage du porte-mandrin, ce qui permet de cacher la pince de serrage \u00e0 l&rsquo;abri de la poussi\u00e8re. Ce mandrin est donc d&rsquo;une tr\u00e8s grande qualit\u00e9.  <\/p>\n<p>Ce mandrin est \u00e9quip\u00e9 d&rsquo;une prise MK1. La longueur de l&rsquo;arbre est r\u00e9glable. <\/p>\n<p>Contenu :<br \/>\n1x porte-mandrin MK1<br \/>\n1x arbre de diam\u00e8tre 6,2 mm<br \/>\n1x cl\u00e9 plate<br \/>\n1x cl\u00e9 Allen<br \/>\n4x entretoises coniques<br \/>\n3x entretoises standard 7 mm<br \/>\n2x contre-\u00e9crou<\/p>\n","protected":false},"excerpt":{"rendered":"<p>Le nouveau mandrin \u00e0 stylo coll\u00e9 est con\u00e7u au Royaume-Uni pour les tourneurs de stylos professionnels. Il est tr\u00e8s similaire au mandrin universel pour stylos, mais dans ce mandrin, la tige se fixe avec pr\u00e9cision en serrant la t\u00eate contre la pince de serrage du porte-mandrin, ce qui permet de cacher la pince de serrage [&hellip;]<\/p>\n","protected":false},"featured_media":57055,"comment_status":"closed","ping_status":"closed","template":"","meta":{"_et_pb_use_builder":"","_et_pb_old_content":"","_et_gb_content_width":""},"product_brand":[],"product_cat":[3131,5212],"product_tag":[5180],"class_list":{"0":"post-80531","1":"product","2":"type-product","3":"status-publish","4":"has-post-thumbnail","6":"product_cat-mandrins-et-accessoires","7":"product_cat-rotur-mandrin-pour-stylo-colle-deluxe-mk1","8":"product_tag-rotur-mandrin-pour-stylo-colle-deluxe-mk2","10":"first","11":"instock","12":"taxable","13":"shipping-taxable","14":"purchasable","15":"product-type-simple"},"_links":{"self":[{"href":"https:\/\/houtdraaiwerken-penkits.nl\/fr\/wp-json\/wp\/v2\/product\/80531","targetHints":{"allow":["GET"]}}],"collection":[{"href":"https:\/\/houtdraaiwerken-penkits.nl\/fr\/wp-json\/wp\/v2\/product"}],"about":[{"href":"https:\/\/houtdraaiwerken-penkits.nl\/fr\/wp-json\/wp\/v2\/types\/product"}],"replies":[{"embeddable":true,"href":"https:\/\/houtdraaiwerken-penkits.nl\/fr\/wp-json\/wp\/v2\/comments?post=80531"}],"wp:featuredmedia":[{"embeddable":true,"href":"https:\/\/houtdraaiwerken-penkits.nl\/fr\/wp-json\/wp\/v2\/media\/57055"}],"wp:attachment":[{"href":"https:\/\/houtdraaiwerken-penkits.nl\/fr\/wp-json\/wp\/v2\/media?parent=80531"}],"wp:term":[{"taxonomy":"product_brand","embeddable":true,"href":"https:\/\/houtdraaiwerken-penkits.nl\/fr\/wp-json\/wp\/v2\/product_brand?post=80531"},{"taxonomy":"product_cat","embeddable":true,"href":"https:\/\/houtdraaiwerken-penkits.nl\/fr\/wp-json\/wp\/v2\/product_cat?post=80531"},{"taxonomy":"product_tag","embeddable":true,"href":"https:\/\/houtdraaiwerken-penkits.nl\/fr\/wp-json\/wp\/v2\/product_tag?post=80531"}],"curies":[{"name":"wp","href":"https:\/\/api.w.org\/{rel}","templated":true}]}}