{"id":80598,"date":"2024-04-05T10:52:59","date_gmt":"2024-04-05T08:52:59","guid":{"rendered":"https:\/\/houtdraaiwerken-penkits.nl\/shop\/non class\u00e9\/pendentif-en-chaine-avec-incrustation-de-25-mm-avec-bord-travaille\/"},"modified":"2025-10-31T06:57:52","modified_gmt":"2025-10-31T05:57:52","slug":"pendentif-en-chaine-avec-incrustation-de-25-mm-avec-bord-travaille","status":"publish","type":"product","link":"https:\/\/houtdraaiwerken-penkits.nl\/fr\/shop\/autres-kits\/bijoux\/chaine-pendentif-25mm-incrustee\/pendentif-en-chaine-avec-incrustation-de-25-mm-avec-bord-travaille\/","title":{"rendered":"Pendentif en cha\u00eene avec incrustation de 25 mm. Avec bord travaill\u00e9"},"content":{"rendered":"","protected":false},"excerpt":{"rendered":"<p>Pendentif en cha\u00eene de 25 mm avec incrustation. Avec bord usin\u00e9.  Prix par pi\u00e8ce.<\/p>\n<p>&nbsp;<\/p>\n","protected":false},"featured_media":71075,"comment_status":"open","ping_status":"closed","template":"","meta":{"_et_pb_use_builder":"","_et_pb_old_content":"","_et_gb_content_width":""},"product_brand":[],"product_cat":[2255,5239,5250,5254],"product_tag":[5243,2939,2212,5245],"class_list":{"0":"post-80598","1":"product","2":"type-product","3":"status-publish","4":"has-post-thumbnail","6":"product_cat-autres-kits","7":"product_cat-bijoux","8":"product_cat-chaine-pendentif-25mm-incrustee","9":"product_cat-pendentif-en-chaine-avec-incrustation-de-25-mm-avec-bord-travaille","10":"product_tag-bracelet-pour-incrustation-de-25-mm","11":"product_tag-kits-de-stylos-fr","12":"product_tag-kits-de-stylos","13":"product_tag-pendentif-en-chaine-pour-incrustation-de-25-mm","15":"first","16":"instock","17":"taxable","18":"shipping-taxable","19":"purchasable","20":"product-type-variable"},"_links":{"self":[{"href":"https:\/\/houtdraaiwerken-penkits.nl\/fr\/wp-json\/wp\/v2\/product\/80598","targetHints":{"allow":["GET"]}}],"collection":[{"href":"https:\/\/houtdraaiwerken-penkits.nl\/fr\/wp-json\/wp\/v2\/product"}],"about":[{"href":"https:\/\/houtdraaiwerken-penkits.nl\/fr\/wp-json\/wp\/v2\/types\/product"}],"replies":[{"embeddable":true,"href":"https:\/\/houtdraaiwerken-penkits.nl\/fr\/wp-json\/wp\/v2\/comments?post=80598"}],"wp:featuredmedia":[{"embeddable":true,"href":"https:\/\/houtdraaiwerken-penkits.nl\/fr\/wp-json\/wp\/v2\/media\/71075"}],"wp:attachment":[{"href":"https:\/\/houtdraaiwerken-penkits.nl\/fr\/wp-json\/wp\/v2\/media?parent=80598"}],"wp:term":[{"taxonomy":"product_brand","embeddable":true,"href":"https:\/\/houtdraaiwerken-penkits.nl\/fr\/wp-json\/wp\/v2\/product_brand?post=80598"},{"taxonomy":"product_cat","embeddable":true,"href":"https:\/\/houtdraaiwerken-penkits.nl\/fr\/wp-json\/wp\/v2\/product_cat?post=80598"},{"taxonomy":"product_tag","embeddable":true,"href":"https:\/\/houtdraaiwerken-penkits.nl\/fr\/wp-json\/wp\/v2\/product_tag?post=80598"}],"curies":[{"name":"wp","href":"https:\/\/api.w.org\/{rel}","templated":true}]}}