{"id":80958,"date":"2023-06-11T12:04:53","date_gmt":"2023-06-11T10:04:53","guid":{"rendered":"https:\/\/houtdraaiwerken-penkits.nl\/shop\/non class\u00e9\/kit-stylo-daction-kickstart-pour-moto-psi\/"},"modified":"2026-03-29T09:01:20","modified_gmt":"2026-03-29T07:01:20","slug":"kit-stylo-daction-kickstart-pour-moto-psi","status":"publish","type":"product","link":"https:\/\/houtdraaiwerken-penkits.nl\/fr\/shop\/kits-de-stylos\/kits-de-stylos-de-psi\/kit-stylo-action-moto-kickstart\/kit-stylo-daction-kickstart-pour-moto-psi\/","title":{"rendered":"Kit stylo d&rsquo;action Kickstart pour moto (PSI)"},"content":{"rendered":"<p>Mat\u00e9riel suppl\u00e9mentaire requis :<\/p>\n<p><a href=\"https:\/\/www.houtdraaiwerken-penkits.nl\/shop\/busjes-sets\/bu979\/bu979\/\">BU979<\/a> Entretoises<\/p>\n<p><a href=\"https:\/\/www.houtdraaiwerken-penkits.nl\/shop\/tools-drills\/drills\/db010\/\">DB010<\/a> Foret de 10 mm<\/p>\n<p><a href=\"https:\/\/www.houtdraaiwerken-penkits.nl\/shop\/gereedschap-en-boren\/gereedschap\/pen-mills\/pm014\/pm014pen-mills-hss-dia-9-15mm-l9-5cm-for-10mm-pen-tubes\/\">PM014<\/a> Fraise \u00e0 stylo<\/p>\n","protected":false},"excerpt":{"rendered":"<p>Mat\u00e9riel suppl\u00e9mentaire requis : BU979 Entretoises DB010 Foret de 10 mm PM014 Fraise \u00e0 stylo<\/p>\n","protected":false},"featured_media":67379,"comment_status":"closed","ping_status":"closed","template":"","meta":{"_et_pb_use_builder":"","_et_pb_old_content":"","_et_gb_content_width":""},"product_brand":[],"product_cat":[5455,3023,5287],"product_tag":[],"class_list":{"0":"post-80958","1":"product","2":"type-product","3":"status-publish","4":"has-post-thumbnail","6":"product_cat-kit-stylo-action-moto-kickstart","7":"product_cat-kits-de-stylos-a-encliqueter","8":"product_cat-kits-de-stylos-de-psi","10":"first","11":"instock","12":"taxable","13":"shipping-taxable","14":"purchasable","15":"product-type-variable"},"_links":{"self":[{"href":"https:\/\/houtdraaiwerken-penkits.nl\/fr\/wp-json\/wp\/v2\/product\/80958","targetHints":{"allow":["GET"]}}],"collection":[{"href":"https:\/\/houtdraaiwerken-penkits.nl\/fr\/wp-json\/wp\/v2\/product"}],"about":[{"href":"https:\/\/houtdraaiwerken-penkits.nl\/fr\/wp-json\/wp\/v2\/types\/product"}],"replies":[{"embeddable":true,"href":"https:\/\/houtdraaiwerken-penkits.nl\/fr\/wp-json\/wp\/v2\/comments?post=80958"}],"wp:featuredmedia":[{"embeddable":true,"href":"https:\/\/houtdraaiwerken-penkits.nl\/fr\/wp-json\/wp\/v2\/media\/67379"}],"wp:attachment":[{"href":"https:\/\/houtdraaiwerken-penkits.nl\/fr\/wp-json\/wp\/v2\/media?parent=80958"}],"wp:term":[{"taxonomy":"product_brand","embeddable":true,"href":"https:\/\/houtdraaiwerken-penkits.nl\/fr\/wp-json\/wp\/v2\/product_brand?post=80958"},{"taxonomy":"product_cat","embeddable":true,"href":"https:\/\/houtdraaiwerken-penkits.nl\/fr\/wp-json\/wp\/v2\/product_cat?post=80958"},{"taxonomy":"product_tag","embeddable":true,"href":"https:\/\/houtdraaiwerken-penkits.nl\/fr\/wp-json\/wp\/v2\/product_tag?post=80958"}],"curies":[{"name":"wp","href":"https:\/\/api.w.org\/{rel}","templated":true}]}}