{"id":81327,"date":"2025-04-14T13:10:11","date_gmt":"2025-04-14T11:10:11","guid":{"rendered":"https:\/\/houtdraaiwerken-penkits.nl\/shop\/non class\u00e9\/pb39-red-kabbes-pen-blank\/"},"modified":"2025-04-14T13:10:11","modified_gmt":"2025-04-14T11:10:11","slug":"pb39-red-kabbes-pen-blank","status":"publish","type":"product","link":"https:\/\/houtdraaiwerken-penkits.nl\/fr\/shop\/ebauches-de-stylos\/bois-pour-stylos\/pb39-red-kabbes-pen-blank\/","title":{"rendered":"PB39 Red Kabbes Pen Blank"},"content":{"rendered":"<p>La couleur peut varier l\u00e9g\u00e8rement par rapport \u00e0 la photo.<\/p>\n<p>&nbsp;<\/p>\n<p>&nbsp;<\/p>\n","protected":false},"excerpt":{"rendered":"<p>PB39 Red Kabbes Pen Blank. Prix par pi\u00e8ce.<\/p>\n<p>Taille +\/- 20x20x130mm<\/p>\n","protected":false},"featured_media":74133,"comment_status":"open","ping_status":"closed","template":"","meta":{"_et_pb_use_builder":"","_et_pb_old_content":"","_et_gb_content_width":""},"product_brand":[],"product_cat":[3070,5685],"product_tag":[2988,5666,5665],"class_list":{"0":"post-81327","1":"product","2":"type-product","3":"status-publish","4":"has-post-thumbnail","6":"product_cat-bois-pour-stylos","7":"product_cat-pb39-red-kabbes-pen-blank","8":"product_tag-ebauches-de-stylos-en-bois","9":"product_tag-stylo-a-bille-thuya-burl-blank","10":"product_tag-thuya-burl-large-pen-blank-fr","12":"first","13":"outofstock","14":"taxable","15":"shipping-taxable","16":"purchasable","17":"product-type-simple"},"_links":{"self":[{"href":"https:\/\/houtdraaiwerken-penkits.nl\/fr\/wp-json\/wp\/v2\/product\/81327","targetHints":{"allow":["GET"]}}],"collection":[{"href":"https:\/\/houtdraaiwerken-penkits.nl\/fr\/wp-json\/wp\/v2\/product"}],"about":[{"href":"https:\/\/houtdraaiwerken-penkits.nl\/fr\/wp-json\/wp\/v2\/types\/product"}],"replies":[{"embeddable":true,"href":"https:\/\/houtdraaiwerken-penkits.nl\/fr\/wp-json\/wp\/v2\/comments?post=81327"}],"wp:featuredmedia":[{"embeddable":true,"href":"https:\/\/houtdraaiwerken-penkits.nl\/fr\/wp-json\/wp\/v2\/media\/74133"}],"wp:attachment":[{"href":"https:\/\/houtdraaiwerken-penkits.nl\/fr\/wp-json\/wp\/v2\/media?parent=81327"}],"wp:term":[{"taxonomy":"product_brand","embeddable":true,"href":"https:\/\/houtdraaiwerken-penkits.nl\/fr\/wp-json\/wp\/v2\/product_brand?post=81327"},{"taxonomy":"product_cat","embeddable":true,"href":"https:\/\/houtdraaiwerken-penkits.nl\/fr\/wp-json\/wp\/v2\/product_cat?post=81327"},{"taxonomy":"product_tag","embeddable":true,"href":"https:\/\/houtdraaiwerken-penkits.nl\/fr\/wp-json\/wp\/v2\/product_tag?post=81327"}],"curies":[{"name":"wp","href":"https:\/\/api.w.org\/{rel}","templated":true}]}}