{"id":81758,"date":"2024-12-29T21:34:42","date_gmt":"2024-12-29T20:34:42","guid":{"rendered":"https:\/\/houtdraaiwerken-penkits.nl\/shop\/non class\u00e9\/ebauches-de-stylos-kat-inlay-pour-un-kit-de-stylos-avec-sierra-tube\/"},"modified":"2024-12-29T21:34:42","modified_gmt":"2024-12-29T20:34:42","slug":"ebauches-de-stylos-kat-inlay-pour-un-kit-de-stylos-avec-sierra-tube","status":"publish","type":"product","link":"https:\/\/houtdraaiwerken-penkits.nl\/fr\/shop\/ebauches-dincrustation\/ebauches-de-stylo-a-incrustation-de-chat-pour-un-kit-de-stylo-avec-sierra-tube\/ebauches-de-stylos-kat-inlay-pour-un-kit-de-stylos-avec-sierra-tube\/","title":{"rendered":"Ebauches de stylos Kat Inlay pour un kit de stylos avec Sierra Tube"},"content":{"rendered":"<p>Ces \u00e9bauches sont destin\u00e9es \u00e0 un kit de stylo qui utilise un tube mod\u00e8le Sierra.<\/p>\n<p>Cette \u00e9bauche est livr\u00e9e coll\u00e9e et avec le trou de taille 27\/64 pour le tube. Il ne vous reste donc plus qu&rsquo;\u00e0 coller le tube et \u00e0 tourner l&rsquo;\u00e9bauche. N&rsquo;utilisez pas de fraise pour \u00e9quarrir l&rsquo;extr\u00e9mit\u00e9, mais poncez-la \u00e0 l&rsquo;\u00e9querre.  <\/p>\n<p>Le kit de stylo et le tube pour cette \u00e9bauche ne sont pas inclus dans le prix.<\/p>\n<p>Si vous souhaitez cette \u00e9bauche pour un autre kit de stylo, envoyez-moi un e-mail et je verrai si je peux la fabriquer pour vous.<\/p>\n","protected":false},"excerpt":{"rendered":"<p>Ces \u00e9bauches sont destin\u00e9es \u00e0 un kit de stylo qui utilise un tube mod\u00e8le Sierra. Cette \u00e9bauche est livr\u00e9e coll\u00e9e et avec le trou de taille 27\/64 pour le tube. Il ne vous reste donc plus qu&rsquo;\u00e0 coller le tube et \u00e0 tourner l&rsquo;\u00e9bauche. N&rsquo;utilisez pas de fraise pour \u00e9quarrir l&rsquo;extr\u00e9mit\u00e9, mais poncez-la \u00e0 l&rsquo;\u00e9querre. [&hellip;]<\/p>\n","protected":false},"featured_media":72813,"comment_status":"closed","ping_status":"closed","template":"","meta":{"_et_pb_use_builder":"","_et_pb_old_content":"","_et_gb_content_width":""},"product_brand":[],"product_cat":[5582,5792],"product_tag":[],"class_list":{"0":"post-81758","1":"product","2":"type-product","3":"status-publish","4":"has-post-thumbnail","6":"product_cat-ebauches-dincrustation","7":"product_cat-ebauches-de-stylo-a-incrustation-de-chat-pour-un-kit-de-stylo-avec-sierra-tube","9":"first","10":"instock","11":"taxable","12":"shipping-taxable","13":"purchasable","14":"product-type-variable"},"_links":{"self":[{"href":"https:\/\/houtdraaiwerken-penkits.nl\/fr\/wp-json\/wp\/v2\/product\/81758","targetHints":{"allow":["GET"]}}],"collection":[{"href":"https:\/\/houtdraaiwerken-penkits.nl\/fr\/wp-json\/wp\/v2\/product"}],"about":[{"href":"https:\/\/houtdraaiwerken-penkits.nl\/fr\/wp-json\/wp\/v2\/types\/product"}],"replies":[{"embeddable":true,"href":"https:\/\/houtdraaiwerken-penkits.nl\/fr\/wp-json\/wp\/v2\/comments?post=81758"}],"wp:featuredmedia":[{"embeddable":true,"href":"https:\/\/houtdraaiwerken-penkits.nl\/fr\/wp-json\/wp\/v2\/media\/72813"}],"wp:attachment":[{"href":"https:\/\/houtdraaiwerken-penkits.nl\/fr\/wp-json\/wp\/v2\/media?parent=81758"}],"wp:term":[{"taxonomy":"product_brand","embeddable":true,"href":"https:\/\/houtdraaiwerken-penkits.nl\/fr\/wp-json\/wp\/v2\/product_brand?post=81758"},{"taxonomy":"product_cat","embeddable":true,"href":"https:\/\/houtdraaiwerken-penkits.nl\/fr\/wp-json\/wp\/v2\/product_cat?post=81758"},{"taxonomy":"product_tag","embeddable":true,"href":"https:\/\/houtdraaiwerken-penkits.nl\/fr\/wp-json\/wp\/v2\/product_tag?post=81758"}],"curies":[{"name":"wp","href":"https:\/\/api.w.org\/{rel}","templated":true}]}}