{"id":82000,"date":"2024-09-06T10:18:40","date_gmt":"2024-09-06T08:18:40","guid":{"rendered":"https:\/\/houtdraaiwerken-penkits.nl\/shop\/non%20class\u00e9\/kit-stylo-myron-twist\/"},"modified":"2026-04-13T12:30:51","modified_gmt":"2026-04-13T10:30:51","slug":"kit-stylo-myron-twist","status":"publish","type":"product","link":"https:\/\/houtdraaiwerken-penkits.nl\/fr\/shop\/kits-de-stylos\/kits-de-stylos-hpk\/kit-de-stylo-zeta-twist\/kit-stylo-myron-twist\/","title":{"rendered":"stylos bille Myron"},"content":{"rendered":"<p>Mat\u00e9riel suppl\u00e9mentaire requis :<\/p>\n<p><a href=\"https:\/\/houtdraaiwerken-penkits.nl\/fr\/shop\/jeu-dentretoises\/bu3007-fr\/bu3007\/\">BU3007<\/a> Entretoises<\/p>\n<p><a href=\"https:\/\/houtdraaiwerken-penkits.nl\/fr\/shop\/perceuse\/db007-fr\/db007-meche-de-7-mm\/\">DB007 <\/a>M\u00e8che<\/p>\n<p><a href=\"https:\/\/houtdraaiwerken-penkits.nl\/fr\/shop\/outils\/calibreur\/pm011-fraise-a-stylo-hss-dia-6-18mm-l9-5cm-pour-tube-de-stylo-de-7mm\/\">PM011<\/a>. Calibreur. Veuillez noter que pour une fraise \u00e0 stylo, vous avez \u00e9galement besoin d\u2019une fraise\u00a0<a href=\"https:\/\/houtdraaiwerken-penkits.nl\/fr\/shop\/outils\/calibreur\/pm006-fr\/pm006-tete-de-coupe-3-4-a-6-tranchants-pour-fraises-pen\/\">PM006<\/a>\u00a0ou\u00a0<a href=\"https:\/\/houtdraaiwerken-penkits.nl\/fr\/shop\/outils\/calibreur\/pm002-fr\/nlpm002-tete-de-coupe-3-4-avec-4-aretes-de-coupe-pour-fraises-pen\/\">PM002<\/a>. La fraise s\u2019adapte \u00e0 toutes les tailles de fraises \u00e0 stylo.<\/p>\n","protected":false},"excerpt":{"rendered":"<p>stylos bille Myron<\/p>\n<p>Le kit stylo est livr\u00e9 avec une recharge en forme de croix.<\/p>\n<p>Fabriqu\u00e9 \u00e0 Ta\u00efwan<\/p>\n","protected":false},"featured_media":72175,"comment_status":"open","ping_status":"closed","template":"","meta":{"_et_pb_use_builder":"","_et_pb_old_content":"","_et_gb_content_width":""},"product_brand":[],"product_cat":[5383,3340,5144,5145],"product_tag":[5386,5384,5385,2212],"class_list":{"0":"post-82000","1":"product","2":"type-product","3":"status-publish","4":"has-post-thumbnail","6":"product_cat-kit-de-stylo-zeta-twist","7":"product_cat-kits-biros-fr","8":"product_cat-kits-de-stylos-fabrique-a-taiwan","9":"product_cat-kits-de-stylos-hpk","10":"product_tag-kit-de-stylo-zeta-twist","11":"product_tag-kit-stylo-roller-tyrin","12":"product_tag-kit-stylo-serra-carbon","13":"product_tag-kits-de-stylos","15":"first","16":"instock","17":"taxable","18":"shipping-taxable","19":"purchasable","20":"product-type-variable"},"_links":{"self":[{"href":"https:\/\/houtdraaiwerken-penkits.nl\/fr\/wp-json\/wp\/v2\/product\/82000","targetHints":{"allow":["GET"]}}],"collection":[{"href":"https:\/\/houtdraaiwerken-penkits.nl\/fr\/wp-json\/wp\/v2\/product"}],"about":[{"href":"https:\/\/houtdraaiwerken-penkits.nl\/fr\/wp-json\/wp\/v2\/types\/product"}],"replies":[{"embeddable":true,"href":"https:\/\/houtdraaiwerken-penkits.nl\/fr\/wp-json\/wp\/v2\/comments?post=82000"}],"wp:featuredmedia":[{"embeddable":true,"href":"https:\/\/houtdraaiwerken-penkits.nl\/fr\/wp-json\/wp\/v2\/media\/72175"}],"wp:attachment":[{"href":"https:\/\/houtdraaiwerken-penkits.nl\/fr\/wp-json\/wp\/v2\/media?parent=82000"}],"wp:term":[{"taxonomy":"product_brand","embeddable":true,"href":"https:\/\/houtdraaiwerken-penkits.nl\/fr\/wp-json\/wp\/v2\/product_brand?post=82000"},{"taxonomy":"product_cat","embeddable":true,"href":"https:\/\/houtdraaiwerken-penkits.nl\/fr\/wp-json\/wp\/v2\/product_cat?post=82000"},{"taxonomy":"product_tag","embeddable":true,"href":"https:\/\/houtdraaiwerken-penkits.nl\/fr\/wp-json\/wp\/v2\/product_tag?post=82000"}],"curies":[{"name":"wp","href":"https:\/\/api.w.org\/{rel}","templated":true}]}}