{"id":82237,"date":"2024-06-19T13:51:35","date_gmt":"2024-06-19T11:51:35","guid":{"rendered":"https:\/\/houtdraaiwerken-penkits.nl\/shop\/non class\u00e9\/ys315-yunstone-pen-blank-blanc-avec-points-noirs\/"},"modified":"2024-06-19T13:51:35","modified_gmt":"2024-06-19T11:51:35","slug":"ys315-yunstone-pen-blank-blanc-avec-points-noirs","status":"publish","type":"product","link":"https:\/\/houtdraaiwerken-penkits.nl\/fr\/shop\/ebauches-de-stylos\/plume-yunstone\/blanc-avec-des-points-noirs\/ys315-yunstone-pen-blank-blanc-avec-points-noirs\/","title":{"rendered":"YS315 Yunstone pen blank, blanc avec points noirs"},"content":{"rendered":"","protected":false},"excerpt":{"rendered":"<p>Plume Yunstone blanche avec des points noirs. Ils sont fabriqu\u00e9s \u00e0 partir de poudre de pierre v\u00e9ritable et de colorants dans une r\u00e9sine acrylique. Dimensions approximatives : 18 mm x 18 mm x 130 mm.   <\/p>\n","protected":false},"featured_media":71581,"comment_status":"closed","ping_status":"closed","template":"","meta":{"_et_pb_use_builder":"","_et_pb_old_content":"","_et_gb_content_width":""},"product_brand":[],"product_cat":[5970,5968],"product_tag":[2990],"class_list":{"0":"post-82237","1":"product","2":"type-product","3":"status-publish","4":"has-post-thumbnail","6":"product_cat-blanc-avec-des-points-noirs","7":"product_cat-plume-yunstone-fr","8":"product_tag-plume-yunstone","10":"first","11":"instock","12":"taxable","13":"shipping-taxable","14":"purchasable","15":"product-type-simple"},"_links":{"self":[{"href":"https:\/\/houtdraaiwerken-penkits.nl\/fr\/wp-json\/wp\/v2\/product\/82237","targetHints":{"allow":["GET"]}}],"collection":[{"href":"https:\/\/houtdraaiwerken-penkits.nl\/fr\/wp-json\/wp\/v2\/product"}],"about":[{"href":"https:\/\/houtdraaiwerken-penkits.nl\/fr\/wp-json\/wp\/v2\/types\/product"}],"replies":[{"embeddable":true,"href":"https:\/\/houtdraaiwerken-penkits.nl\/fr\/wp-json\/wp\/v2\/comments?post=82237"}],"wp:featuredmedia":[{"embeddable":true,"href":"https:\/\/houtdraaiwerken-penkits.nl\/fr\/wp-json\/wp\/v2\/media\/71581"}],"wp:attachment":[{"href":"https:\/\/houtdraaiwerken-penkits.nl\/fr\/wp-json\/wp\/v2\/media?parent=82237"}],"wp:term":[{"taxonomy":"product_brand","embeddable":true,"href":"https:\/\/houtdraaiwerken-penkits.nl\/fr\/wp-json\/wp\/v2\/product_brand?post=82237"},{"taxonomy":"product_cat","embeddable":true,"href":"https:\/\/houtdraaiwerken-penkits.nl\/fr\/wp-json\/wp\/v2\/product_cat?post=82237"},{"taxonomy":"product_tag","embeddable":true,"href":"https:\/\/houtdraaiwerken-penkits.nl\/fr\/wp-json\/wp\/v2\/product_tag?post=82237"}],"curies":[{"name":"wp","href":"https:\/\/api.w.org\/{rel}","templated":true}]}}