{"id":83134,"date":"2016-05-11T21:35:28","date_gmt":"2016-05-11T19:35:28","guid":{"rendered":"https:\/\/houtdraaiwerken-penkits.nl\/shop\/non class\u00e9\/kits-de-stylos-a-billes-doux-au-toucher\/"},"modified":"2016-05-11T21:35:28","modified_gmt":"2016-05-11T19:35:28","slug":"kits-de-stylos-a-billes-doux-au-toucher","status":"publish","type":"product","link":"https:\/\/houtdraaiwerken-penkits.nl\/fr\/shop\/autres-kits\/kits-de-porte-cles\/kits-de-stylos-a-billes-doux-au-toucher\/","title":{"rendered":"Kits de stylos \u00e0 billes doux au toucher"},"content":{"rendered":"<p>Mat\u00e9riel suppl\u00e9mentaire requis :<\/p>\n<p><a href=\"https:\/\/houtdraaiwerken-penkits.nl\/shop\/busjes-sets\/bu23ts\/bu23ts\/\">BU23TS<\/a> Douilles<\/p>\n<p><a href=\"https:\/\/houtdraaiwerken-penkits.nl\/shop\/boren\/db007\/db007\/\">DB007<\/a> Foret 7mm ou <a href=\"https:\/\/houtdraaiwerken-penkits.nl\/shop\/boren\/langdb007\/tsdb007\/\">TSDB007<\/a> Foret 7mm<\/p>\n","protected":false},"excerpt":{"rendered":"<p>Kits de stylos \u00e0 billes doux au toucher<\/p>\n","protected":false},"featured_media":41045,"comment_status":"open","ping_status":"closed","template":"","meta":{"_et_pb_use_builder":"","_et_pb_old_content":"","_et_gb_content_width":""},"product_brand":[],"product_cat":[2255,3499,6083],"product_tag":[2213,2939,2212,6084],"class_list":{"0":"post-83134","1":"product","2":"type-product","3":"status-publish","4":"has-post-thumbnail","6":"product_cat-autres-kits","7":"product_cat-kits-de-porte-cles","8":"product_cat-kits-de-stylos-a-billes-doux-au-toucher","9":"product_tag-kits-de-projets","10":"product_tag-kits-de-stylos-fr","11":"product_tag-kits-de-stylos","12":"product_tag-kits-de-stylos-a-billes-doux-au-toucher","14":"first","15":"instock","16":"taxable","17":"shipping-taxable","18":"purchasable","19":"product-type-variable"},"_links":{"self":[{"href":"https:\/\/houtdraaiwerken-penkits.nl\/fr\/wp-json\/wp\/v2\/product\/83134","targetHints":{"allow":["GET"]}}],"collection":[{"href":"https:\/\/houtdraaiwerken-penkits.nl\/fr\/wp-json\/wp\/v2\/product"}],"about":[{"href":"https:\/\/houtdraaiwerken-penkits.nl\/fr\/wp-json\/wp\/v2\/types\/product"}],"replies":[{"embeddable":true,"href":"https:\/\/houtdraaiwerken-penkits.nl\/fr\/wp-json\/wp\/v2\/comments?post=83134"}],"wp:featuredmedia":[{"embeddable":true,"href":"https:\/\/houtdraaiwerken-penkits.nl\/fr\/wp-json\/wp\/v2\/media\/41045"}],"wp:attachment":[{"href":"https:\/\/houtdraaiwerken-penkits.nl\/fr\/wp-json\/wp\/v2\/media?parent=83134"}],"wp:term":[{"taxonomy":"product_brand","embeddable":true,"href":"https:\/\/houtdraaiwerken-penkits.nl\/fr\/wp-json\/wp\/v2\/product_brand?post=83134"},{"taxonomy":"product_cat","embeddable":true,"href":"https:\/\/houtdraaiwerken-penkits.nl\/fr\/wp-json\/wp\/v2\/product_cat?post=83134"},{"taxonomy":"product_tag","embeddable":true,"href":"https:\/\/houtdraaiwerken-penkits.nl\/fr\/wp-json\/wp\/v2\/product_tag?post=83134"}],"curies":[{"name":"wp","href":"https:\/\/api.w.org\/{rel}","templated":true}]}}