{"id":83137,"date":"2016-05-11T21:27:59","date_gmt":"2016-05-11T19:27:59","guid":{"rendered":"https:\/\/houtdraaiwerken-penkits.nl\/shop\/non class\u00e9\/bu49\/"},"modified":"2025-08-02T14:40:44","modified_gmt":"2025-08-02T12:40:44","slug":"bu49","status":"publish","type":"product","link":"https:\/\/houtdraaiwerken-penkits.nl\/fr\/shop\/jeu-dentretoises\/bu49-fr\/bu49\/","title":{"rendered":"BU49"},"content":{"rendered":"","protected":false},"excerpt":{"rendered":"<p>Douilles pour kits de porte-cl\u00e9s bo\u00eete \u00e0 pilules \u00e0 compartiment secret<\/p>\n","protected":false},"featured_media":41033,"comment_status":"open","ping_status":"closed","template":"","meta":{"_et_pb_use_builder":"","_et_pb_old_content":"","_et_gb_content_width":""},"product_brand":[],"product_cat":[6085,2601],"product_tag":[2605,2939,2212],"class_list":{"0":"post-83137","1":"product","2":"type-product","3":"status-publish","4":"has-post-thumbnail","6":"product_cat-bu49-fr","7":"product_cat-jeu-dentretoises","8":"product_tag-douille","9":"product_tag-kits-de-stylos-fr","10":"product_tag-kits-de-stylos","12":"first","13":"instock","14":"taxable","15":"shipping-taxable","16":"purchasable","17":"product-type-simple"},"_links":{"self":[{"href":"https:\/\/houtdraaiwerken-penkits.nl\/fr\/wp-json\/wp\/v2\/product\/83137","targetHints":{"allow":["GET"]}}],"collection":[{"href":"https:\/\/houtdraaiwerken-penkits.nl\/fr\/wp-json\/wp\/v2\/product"}],"about":[{"href":"https:\/\/houtdraaiwerken-penkits.nl\/fr\/wp-json\/wp\/v2\/types\/product"}],"replies":[{"embeddable":true,"href":"https:\/\/houtdraaiwerken-penkits.nl\/fr\/wp-json\/wp\/v2\/comments?post=83137"}],"wp:featuredmedia":[{"embeddable":true,"href":"https:\/\/houtdraaiwerken-penkits.nl\/fr\/wp-json\/wp\/v2\/media\/41033"}],"wp:attachment":[{"href":"https:\/\/houtdraaiwerken-penkits.nl\/fr\/wp-json\/wp\/v2\/media?parent=83137"}],"wp:term":[{"taxonomy":"product_brand","embeddable":true,"href":"https:\/\/houtdraaiwerken-penkits.nl\/fr\/wp-json\/wp\/v2\/product_brand?post=83137"},{"taxonomy":"product_cat","embeddable":true,"href":"https:\/\/houtdraaiwerken-penkits.nl\/fr\/wp-json\/wp\/v2\/product_cat?post=83137"},{"taxonomy":"product_tag","embeddable":true,"href":"https:\/\/houtdraaiwerken-penkits.nl\/fr\/wp-json\/wp\/v2\/product_tag?post=83137"}],"curies":[{"name":"wp","href":"https:\/\/api.w.org\/{rel}","templated":true}]}}