{"id":83144,"date":"2026-03-26T14:07:40","date_gmt":"2026-03-26T13:07:40","guid":{"rendered":"https:\/\/houtdraaiwerken-penkits.nl\/shop\/non%20class\u00e9\/pb28-bois-noir-de-tasmanie-plume-de-stylo\/"},"modified":"2026-03-26T14:38:25","modified_gmt":"2026-03-26T13:38:25","slug":"pb28-bois-noir-de-tasmanie-plume-de-stylo","status":"publish","type":"product","link":"https:\/\/houtdraaiwerken-penkits.nl\/fr\/shop\/ebauches-de-stylos\/bois-pour-stylos\/pb28-bois-noir-de-tasmanie-plume-de-stylo\/","title":{"rendered":"PB44 Californische redwood pen blank"},"content":{"rendered":"<p>La couleur peut varier l\u00e9g\u00e8rement par rapport \u00e0 la photo.<\/p>\n<p>&nbsp;<\/p>\n<p>&nbsp;<\/p>\n","protected":false},"excerpt":{"rendered":"<p>PB44 Californische redwood pen blank size: 2x2x13cm<\/p>\n<p>prix par pi\u00e8ce<\/p>\n","protected":false},"featured_media":104637,"comment_status":"open","ping_status":"closed","template":"","meta":{"_et_pb_use_builder":"","_et_pb_old_content":"","_et_gb_content_width":""},"product_brand":[],"product_cat":[3070],"product_tag":[2988,2989,2798],"class_list":{"0":"post-83144","1":"product","2":"type-product","3":"status-publish","4":"has-post-thumbnail","6":"product_cat-bois-pour-stylos","7":"product_tag-ebauches-de-stylos-en-bois","8":"product_tag-plume-en-bois-de-couleur","9":"product_tag-stylo-en-acrylique-vierge","11":"first","12":"instock","13":"taxable","14":"shipping-taxable","15":"purchasable","16":"product-type-simple"},"_links":{"self":[{"href":"https:\/\/houtdraaiwerken-penkits.nl\/fr\/wp-json\/wp\/v2\/product\/83144","targetHints":{"allow":["GET"]}}],"collection":[{"href":"https:\/\/houtdraaiwerken-penkits.nl\/fr\/wp-json\/wp\/v2\/product"}],"about":[{"href":"https:\/\/houtdraaiwerken-penkits.nl\/fr\/wp-json\/wp\/v2\/types\/product"}],"replies":[{"embeddable":true,"href":"https:\/\/houtdraaiwerken-penkits.nl\/fr\/wp-json\/wp\/v2\/comments?post=83144"}],"wp:featuredmedia":[{"embeddable":true,"href":"https:\/\/houtdraaiwerken-penkits.nl\/fr\/wp-json\/wp\/v2\/media\/104637"}],"wp:attachment":[{"href":"https:\/\/houtdraaiwerken-penkits.nl\/fr\/wp-json\/wp\/v2\/media?parent=83144"}],"wp:term":[{"taxonomy":"product_brand","embeddable":true,"href":"https:\/\/houtdraaiwerken-penkits.nl\/fr\/wp-json\/wp\/v2\/product_brand?post=83144"},{"taxonomy":"product_cat","embeddable":true,"href":"https:\/\/houtdraaiwerken-penkits.nl\/fr\/wp-json\/wp\/v2\/product_cat?post=83144"},{"taxonomy":"product_tag","embeddable":true,"href":"https:\/\/houtdraaiwerken-penkits.nl\/fr\/wp-json\/wp\/v2\/product_tag?post=83144"}],"curies":[{"name":"wp","href":"https:\/\/api.w.org\/{rel}","templated":true}]}}