{"id":83162,"date":"2017-09-23T17:47:38","date_gmt":"2017-09-23T15:47:38","guid":{"rendered":"https:\/\/houtdraaiwerken-penkits.nl\/shop\/non class\u00e9\/pm004-tete-de-coupe-de-25-mm-avec-4-aretes-de-coupe-pour-les-moulins-pen\/"},"modified":"2026-02-13T12:57:49","modified_gmt":"2026-02-13T11:57:49","slug":"pm004-tete-de-coupe-de-25-mm-avec-4-aretes-de-coupe-pour-les-moulins-pen","status":"publish","type":"product","link":"https:\/\/houtdraaiwerken-penkits.nl\/fr\/shop\/outils\/calibreur\/pm004-fr\/pm004-tete-de-coupe-de-25-mm-avec-4-aretes-de-coupe-pour-les-moulins-pen\/","title":{"rendered":"PM004 T\u00eate de coupe de 25 mm avec 4 ar\u00eates de coupe pour les moulins Pen"},"content":{"rendered":"","protected":false},"excerpt":{"rendered":"<p>T\u00eate de coupe de 25 mm avec 4 ar\u00eates de coupe pour les fraises de stylo<\/p>\n<p>T\u00eate de coupe extra large.<\/p>\n","protected":false},"featured_media":41057,"comment_status":"open","ping_status":"closed","template":"","meta":{"_et_pb_use_builder":"","_et_pb_old_content":"","_et_gb_content_width":""},"product_brand":[],"product_cat":[2295,6111],"product_tag":[6073],"class_list":{"0":"post-83162","1":"product","2":"type-product","3":"status-publish","4":"has-post-thumbnail","6":"product_cat-outils","7":"product_cat-pm004-fr","8":"product_tag-moulins-a-crayons-tete-de-coupe-3-4-avec-4-aretes","10":"first","11":"instock","12":"taxable","13":"shipping-taxable","14":"purchasable","15":"product-type-simple"},"_links":{"self":[{"href":"https:\/\/houtdraaiwerken-penkits.nl\/fr\/wp-json\/wp\/v2\/product\/83162","targetHints":{"allow":["GET"]}}],"collection":[{"href":"https:\/\/houtdraaiwerken-penkits.nl\/fr\/wp-json\/wp\/v2\/product"}],"about":[{"href":"https:\/\/houtdraaiwerken-penkits.nl\/fr\/wp-json\/wp\/v2\/types\/product"}],"replies":[{"embeddable":true,"href":"https:\/\/houtdraaiwerken-penkits.nl\/fr\/wp-json\/wp\/v2\/comments?post=83162"}],"wp:featuredmedia":[{"embeddable":true,"href":"https:\/\/houtdraaiwerken-penkits.nl\/fr\/wp-json\/wp\/v2\/media\/41057"}],"wp:attachment":[{"href":"https:\/\/houtdraaiwerken-penkits.nl\/fr\/wp-json\/wp\/v2\/media?parent=83162"}],"wp:term":[{"taxonomy":"product_brand","embeddable":true,"href":"https:\/\/houtdraaiwerken-penkits.nl\/fr\/wp-json\/wp\/v2\/product_brand?post=83162"},{"taxonomy":"product_cat","embeddable":true,"href":"https:\/\/houtdraaiwerken-penkits.nl\/fr\/wp-json\/wp\/v2\/product_cat?post=83162"},{"taxonomy":"product_tag","embeddable":true,"href":"https:\/\/houtdraaiwerken-penkits.nl\/fr\/wp-json\/wp\/v2\/product_tag?post=83162"}],"curies":[{"name":"wp","href":"https:\/\/api.w.org\/{rel}","templated":true}]}}