{"id":83460,"date":"2016-04-27T14:19:49","date_gmt":"2016-04-27T12:19:49","guid":{"rendered":"https:\/\/houtdraaiwerken-penkits.nl\/shop\/non class\u00e9\/etui-a-stylos-en-velours-noir-18-x-4-cm\/"},"modified":"2025-12-06T17:28:34","modified_gmt":"2025-12-06T16:28:34","slug":"etui-a-stylos-en-velours-noir-18-x-4-cm","status":"publish","type":"product","link":"https:\/\/houtdraaiwerken-penkits.nl\/fr\/shop\/coffrets-pour-stylos\/etui-a-stylos-en-velours-noir\/etui-a-stylos-en-velours-noir-18-x-4-cm\/","title":{"rendered":"\u00c9tui \u00e0 stylos en velours noir ( 18 x 4 cm )"},"content":{"rendered":"","protected":false},"excerpt":{"rendered":"<p>\u00c9tui \u00e0 stylos en velours noir ( 18 x 4 cm )<\/p>\n","protected":false},"featured_media":40433,"comment_status":"open","ping_status":"closed","template":"","meta":{"_et_pb_use_builder":"","_et_pb_old_content":"","_et_gb_content_width":""},"product_brand":[],"product_cat":[6351],"product_tag":[3619,2213,2212],"class_list":{"0":"post-83460","1":"product","2":"type-product","3":"status-publish","4":"has-post-thumbnail","6":"product_cat-etui-a-stylos-en-velours-noir","7":"product_tag-fourreaux-de-stylos-en-velours-noir","8":"product_tag-kits-de-projets","9":"product_tag-kits-de-stylos","11":"first","12":"instock","13":"taxable","14":"shipping-taxable","15":"purchasable","16":"product-type-simple"},"_links":{"self":[{"href":"https:\/\/houtdraaiwerken-penkits.nl\/fr\/wp-json\/wp\/v2\/product\/83460","targetHints":{"allow":["GET"]}}],"collection":[{"href":"https:\/\/houtdraaiwerken-penkits.nl\/fr\/wp-json\/wp\/v2\/product"}],"about":[{"href":"https:\/\/houtdraaiwerken-penkits.nl\/fr\/wp-json\/wp\/v2\/types\/product"}],"replies":[{"embeddable":true,"href":"https:\/\/houtdraaiwerken-penkits.nl\/fr\/wp-json\/wp\/v2\/comments?post=83460"}],"wp:featuredmedia":[{"embeddable":true,"href":"https:\/\/houtdraaiwerken-penkits.nl\/fr\/wp-json\/wp\/v2\/media\/40433"}],"wp:attachment":[{"href":"https:\/\/houtdraaiwerken-penkits.nl\/fr\/wp-json\/wp\/v2\/media?parent=83460"}],"wp:term":[{"taxonomy":"product_brand","embeddable":true,"href":"https:\/\/houtdraaiwerken-penkits.nl\/fr\/wp-json\/wp\/v2\/product_brand?post=83460"},{"taxonomy":"product_cat","embeddable":true,"href":"https:\/\/houtdraaiwerken-penkits.nl\/fr\/wp-json\/wp\/v2\/product_cat?post=83460"},{"taxonomy":"product_tag","embeddable":true,"href":"https:\/\/houtdraaiwerken-penkits.nl\/fr\/wp-json\/wp\/v2\/product_tag?post=83460"}],"curies":[{"name":"wp","href":"https:\/\/api.w.org\/{rel}","templated":true}]}}