{"id":83569,"date":"2016-04-15T21:09:12","date_gmt":"2016-04-15T19:09:12","guid":{"rendered":"https:\/\/houtdraaiwerken-penkits.nl\/shop\/non%20class\u00e9\/kit-stylo-plume-rouleau-a-bille-ameliore-jr-gentleman-i\/"},"modified":"2026-04-09T11:34:02","modified_gmt":"2026-04-09T09:34:02","slug":"kit-stylo-plume-rouleau-a-bille-ameliore-jr-gentleman-i","status":"publish","type":"product","link":"https:\/\/houtdraaiwerken-penkits.nl\/fr\/shop\/kits-de-stylos\/kits-stylo-plume-et-roller\/kit-stylo-plume-stylo-bille-roller-jr-gentleman-1-ameliore\/kit-stylo-plume-rouleau-a-bille-ameliore-jr-gentleman-i\/","title":{"rendered":"Kit stylo plume\/rouleau \u00e0 bille am\u00e9lior\u00e9 jr. gentleman I"},"content":{"rendered":"<p>Mat\u00e9riel suppl\u00e9mentaire requis :<\/p>\n<p><a href=\"https:\/\/houtdraaiwerken-penkits.nl\/fr\/shop\/jeu-dentretoises\/bu51-fr\/bu51\/\">BU51<\/a> Vans<\/p>\n<p><a href=\"https:\/\/www.houtdraaiwerken-penkits.nl\/shop\/gereedschap-en-boren\/boren\/rsdb123\/rsdb123-12-3mm-boor\/\">RSDB123<\/a>\u00a0 M\u00e8che de 12,3 mm<\/p>\n<p><a href=\"https:\/\/www.houtdraaiwerken-penkits.nl\/shop\/gereedschap-en-boren\/boren\/rsdb106\/rsdb106-boor-106-mm\/\">RSDB106<\/a> M\u00e8che de 10,6 mm<\/p>\n<p><a href=\"https:\/\/houtdraaiwerken-penkits.nl\/fr\/shop\/outils\/calibreur\/pm107-fraise-a-stylo-hss-dia-10-7mm-l9-5cm-pour-les-tubes-de-stylos-de-115-mm\/\">PM107<\/a>\u00a0et\u00a0<a href=\"https:\/\/houtdraaiwerken-penkits.nl\/fr\/shop\/outils\/calibreur\/pm015-fraises-a-stylo-hss-dia-9-9mm-l9-5cm-pour-tubes-de-stylos-de-10-45mm\/\">PM015<\/a>\u00a0moulins \u00e0 crayons. Veuillez noter que pour une fraise \u00e0 stylo, vous avez \u00e9galement besoin d\u2019une fraise\u00a0<a href=\"https:\/\/houtdraaiwerken-penkits.nl\/fr\/shop\/outils\/calibreur\/pm006-fr\/pm006-tete-de-coupe-3-4-a-6-tranchants-pour-fraises-pen\/\">PM006<\/a>\u00a0ou\u00a0<a href=\"https:\/\/houtdraaiwerken-penkits.nl\/fr\/shop\/outils\/calibreur\/pm002-fr\/nlpm002-tete-de-coupe-3-4-avec-4-aretes-de-coupe-pour-fraises-pen\/\">PM002<\/a>. La fraise s\u2019adapte \u00e0 toutes les tailles de fraises \u00e0 stylo.<\/p>\n","protected":false},"excerpt":{"rendered":"<p>kits stylo plume\/rouleau bille am\u00e9lior\u00e9s jr. gentleman I :<\/p>\n","protected":false},"featured_media":39737,"comment_status":"open","ping_status":"closed","template":"","meta":{"_et_pb_use_builder":"off","_et_pb_old_content":"Benodigde bijkomende materialen:\r\n\r\n<a href=\"https:\/\/houtdraaiwerken-penkits.nl\/shop\/bushing\/bu51\/\">BU51<\/a> Busjes\r\n\r\n<a href=\"https:\/\/www.houtdraaiwerken-penkits.nl\/shop\/gereedschap-en-boren\/boren\/rsdb123\/rsdb123-12-3mm-boor\/\">RSDB123<\/a> 12.3mm Boor\r\n\r\n<a href=\"https:\/\/www.houtdraaiwerken-penkits.nl\/shop\/gereedschap-en-boren\/boren\/rsdb106\/rsdb106-boor-106-mm\/\">RSDB106<\/a> 10.6mm Boor\r\n\r\n<a href=\"https:\/\/houtdraaiwerken-penkits.nl\/shop\/gereedschap-en-boren\/gereedschap\/pm015pen-mills-hss-dia-9-9mm-l9-5cm-for-10-45mm-pen-tubes\/\">PM107<\/a> en <a href=\"https:\/\/houtdraaiwerken-penkits.nl\/shop\/gereedschap-en-boren\/gereedschap\/pm014pen-mills-hss-dia-9-15mm-l9-5cm-for-10mm-pen-tubes\/\">PM014<\/a> pen mills.\u00a0Let op\u00a0voor een pen mill heeft u ook een cutter nodig <a href=\"https:\/\/houtdraaiwerken-penkits.nl\/shop\/gereedschap-en-boren\/gereedschap\/pm006pen-mills-34-cutter-head-with-6-edges\/\">PM006<\/a>\u00a0of <a href=\"https:\/\/houtdraaiwerken-penkits.nl\/shop\/gereedschap-en-boren\/gereedschap\/pm002pen-mills-34-cutter-head-with-4-edges\/\">PM002<\/a>\u00a0De cutter past op elke afmeting pen mill.\r\n\r\n<strong>Vulpen upgraden:<\/strong>\r\n\r\nU kunt ook een Upgrade van de Nib doen. U kunt dan de\u00a0<a href=\"https:\/\/www.houtdraaiwerken-penkits.nl\/shop\/vullingen-inkt-nibs\/nibs-bock-060-type-2\/nibs-bock-060-type-2\/\">Nibs Bock 060 type 2<\/a>\u00a0 of de\u00a0<a href=\"https:\/\/www.houtdraaiwerken-penkits.nl\/shop\/vullingen-inkt-nibs\/nibs-schmidt-fh241-type-2\/nibs-schmidt-fh241-type-2\/\">Nibs SCHMIDT FH241 type 2<\/a>\u00a0erbij nemen","_et_gb_content_width":""},"product_brand":[],"product_cat":[6462,3656],"product_tag":[2212,6463],"class_list":{"0":"post-83569","1":"product","2":"type-product","3":"status-publish","4":"has-post-thumbnail","6":"product_cat-kit-stylo-plume-stylo-bille-roller-jr-gentleman-1-ameliore","7":"product_cat-kits-stylo-plume-et-roller","8":"product_tag-kits-de-stylos","9":"product_tag-kits-de-stylos-plume-rollerball-jr-gentleman-i-ameliores","11":"first","12":"instock","13":"taxable","14":"shipping-taxable","15":"purchasable","16":"product-type-variable"},"_links":{"self":[{"href":"https:\/\/houtdraaiwerken-penkits.nl\/fr\/wp-json\/wp\/v2\/product\/83569","targetHints":{"allow":["GET"]}}],"collection":[{"href":"https:\/\/houtdraaiwerken-penkits.nl\/fr\/wp-json\/wp\/v2\/product"}],"about":[{"href":"https:\/\/houtdraaiwerken-penkits.nl\/fr\/wp-json\/wp\/v2\/types\/product"}],"replies":[{"embeddable":true,"href":"https:\/\/houtdraaiwerken-penkits.nl\/fr\/wp-json\/wp\/v2\/comments?post=83569"}],"wp:featuredmedia":[{"embeddable":true,"href":"https:\/\/houtdraaiwerken-penkits.nl\/fr\/wp-json\/wp\/v2\/media\/39737"}],"wp:attachment":[{"href":"https:\/\/houtdraaiwerken-penkits.nl\/fr\/wp-json\/wp\/v2\/media?parent=83569"}],"wp:term":[{"taxonomy":"product_brand","embeddable":true,"href":"https:\/\/houtdraaiwerken-penkits.nl\/fr\/wp-json\/wp\/v2\/product_brand?post=83569"},{"taxonomy":"product_cat","embeddable":true,"href":"https:\/\/houtdraaiwerken-penkits.nl\/fr\/wp-json\/wp\/v2\/product_cat?post=83569"},{"taxonomy":"product_tag","embeddable":true,"href":"https:\/\/houtdraaiwerken-penkits.nl\/fr\/wp-json\/wp\/v2\/product_tag?post=83569"}],"curies":[{"name":"wp","href":"https:\/\/api.w.org\/{rel}","templated":true}]}}