{"id":83574,"date":"2016-04-15T21:35:37","date_gmt":"2016-04-15T19:35:37","guid":{"rendered":"https:\/\/houtdraaiwerken-penkits.nl\/shop\/non%20class\u00e9\/grands-ensembles-stylo-plume-rouleau-a-bille-jr-gentleman\/"},"modified":"2026-03-28T15:29:30","modified_gmt":"2026-03-28T14:29:30","slug":"grands-ensembles-stylo-plume-rouleau-a-bille-jr-gentleman","status":"publish","type":"product","link":"https:\/\/houtdraaiwerken-penkits.nl\/fr\/shop\/kits-de-stylos\/kits-stylo-plume-et-roller\/grands-kits-stylo-plume-stylo-bille-roller-jr-gentleman\/grands-ensembles-stylo-plume-rouleau-a-bille-jr-gentleman\/","title":{"rendered":"grands ensembles stylo-plume\/rouleau \u00e0 bille jr gentleman"},"content":{"rendered":"<p>Mat\u00e9riel suppl\u00e9mentaire requis :<\/p>\n<p><a href=\"https:\/\/houtdraaiwerken-penkits.nl\/fr\/shop\/jeu-dentretoises\/bu50-fr\/bu50\/\">BU50<\/a> Fourgonnettes<\/p>\n<p><a href=\"https:\/\/houtdraaiwerken-penkits.nl\/fr\/shop\/perceuse\/rsdb37-64\/rsdb37-64-percer-37-64\/\">rsdb37\/64<\/a> 37\/64\u00a0\u00bb. Perceuse<\/p>\n<p><a href=\"https:\/\/houtdraaiwerken-penkits.nl\/fr\/shop\/perceuse\/rsdb117-fr\/meche-rsdb117-117-mm\/\">RSDB117<\/a>\u00a0 \u00a011.7mm M\u00e8che<\/p>\n<p>Les moulins \u00e0 crayons <a href=\"https:\/\/houtdraaiwerken-penkits.nl\/fr\/shop\/outils\/calibreur\/pm107-fraise-a-stylo-hss-dia-10-7mm-l9-5cm-pour-les-tubes-de-stylos-de-115-mm\/\">PM107<\/a> et <a href=\"https:\/\/houtdraaiwerken-penkits.nl\/fr\/shop\/outils\/calibreur\/pm137-fraises-a-stylo-hss-dia-13-7mm-l9-5cm-pour-tubes-de-stylo-de-14-5mm\/\">PM137<\/a>. Veuillez noter que pour une fraise \u00e0 stylo, vous avez \u00e9galement besoin d&rsquo;une fraise <a href=\"https:\/\/houtdraaiwerken-penkits.nl\/fr\/shop\/outils\/calibreur\/pm006-fr\/pm006-tete-de-coupe-3-4-a-6-tranchants-pour-fraises-pen\/\">PM006<\/a> ou <a href=\"https:\/\/houtdraaiwerken-penkits.nl\/fr\/shop\/outils\/calibreur\/pm002-fr\/nlpm002-tete-de-coupe-3-4-avec-4-aretes-de-coupe-pour-fraises-pen\/\">PM002<\/a>. La fraise s&rsquo;adapte \u00e0 toutes les tailles de fraises \u00e0 stylo.<\/p>\n<p><strong>Am\u00e9lioration du stylo-plume :<\/strong><\/p>\n<p>Vous pouvez \u00e9galement faire une mise \u00e0 jour de la plume. Vous pouvez alors ajouter la <a href=\"https:\/\/www.houtdraaiwerken-penkits.nl\/shop\/vullingen-inkt-nibs\/nibs-bock-250\/bock-nibs-250-voor-large-jr-gentleman\/\">plume Bock 250<\/a> ainsi qu&rsquo;une <a href=\"https:\/\/www.houtdraaiwerken-penkits.nl\/shop\/vullingen-inkt-nibs\/vulpen-tip-voor-bock-nib-voor-new-en-large-gentleman-vulpenkit\/vulpen-tip-voor-bock-nib-voor-new-en-large-gentleman-vulpenkit\/\">pointe<\/a> assortie \u00e0 la plume Bock.<\/p>\n","protected":false},"excerpt":{"rendered":"<p>grands ensembles stylo-plume\/rouleau \u00e0 bille jr gentleman<\/p>\n","protected":false},"featured_media":39533,"comment_status":"open","ping_status":"closed","template":"","meta":{"_et_pb_use_builder":"","_et_pb_old_content":"","_et_gb_content_width":""},"product_brand":[],"product_cat":[6464,3656],"product_tag":[5324,2212],"class_list":{"0":"post-83574","1":"product","2":"type-product","3":"status-publish","4":"has-post-thumbnail","6":"product_cat-grands-kits-stylo-plume-stylo-bille-roller-jr-gentleman","7":"product_cat-kits-stylo-plume-et-roller","8":"product_tag-grands-kits-de-stylos-plume-roller-jr-gentleman","9":"product_tag-kits-de-stylos","11":"first","12":"instock","13":"taxable","14":"shipping-taxable","15":"purchasable","16":"product-type-variable"},"_links":{"self":[{"href":"https:\/\/houtdraaiwerken-penkits.nl\/fr\/wp-json\/wp\/v2\/product\/83574","targetHints":{"allow":["GET"]}}],"collection":[{"href":"https:\/\/houtdraaiwerken-penkits.nl\/fr\/wp-json\/wp\/v2\/product"}],"about":[{"href":"https:\/\/houtdraaiwerken-penkits.nl\/fr\/wp-json\/wp\/v2\/types\/product"}],"replies":[{"embeddable":true,"href":"https:\/\/houtdraaiwerken-penkits.nl\/fr\/wp-json\/wp\/v2\/comments?post=83574"}],"wp:featuredmedia":[{"embeddable":true,"href":"https:\/\/houtdraaiwerken-penkits.nl\/fr\/wp-json\/wp\/v2\/media\/39533"}],"wp:attachment":[{"href":"https:\/\/houtdraaiwerken-penkits.nl\/fr\/wp-json\/wp\/v2\/media?parent=83574"}],"wp:term":[{"taxonomy":"product_brand","embeddable":true,"href":"https:\/\/houtdraaiwerken-penkits.nl\/fr\/wp-json\/wp\/v2\/product_brand?post=83574"},{"taxonomy":"product_cat","embeddable":true,"href":"https:\/\/houtdraaiwerken-penkits.nl\/fr\/wp-json\/wp\/v2\/product_cat?post=83574"},{"taxonomy":"product_tag","embeddable":true,"href":"https:\/\/houtdraaiwerken-penkits.nl\/fr\/wp-json\/wp\/v2\/product_tag?post=83574"}],"curies":[{"name":"wp","href":"https:\/\/api.w.org\/{rel}","templated":true}]}}