{"id":83624,"date":"2016-04-15T19:32:55","date_gmt":"2016-04-15T17:32:55","guid":{"rendered":"https:\/\/houtdraaiwerken-penkits.nl\/shop\/non%20class\u00e9\/pm043-4\/"},"modified":"2025-05-11T15:27:16","modified_gmt":"2025-05-11T13:27:16","slug":"pm043-4","status":"publish","type":"product","link":"https:\/\/houtdraaiwerken-penkits.nl\/fr\/shop\/outils\/calibreur\/pm043-4-fr\/pm043-4\/","title":{"rendered":"PM043-4"},"content":{"rendered":"","protected":false},"excerpt":{"rendered":"<p>Jeu de 4 fraises \u00e0 stylo de 6,18 mm, 7,2 mm, 8,64 mm, 9,15 mm et d&rsquo;une t\u00eate de coupe \u00e0 4 tranchants<\/p>\n","protected":false},"featured_media":39953,"comment_status":"open","ping_status":"closed","template":"","meta":{"_et_pb_use_builder":"","_et_pb_old_content":"","_et_gb_content_width":""},"product_brand":[],"product_cat":[8427,6491],"product_tag":[6492],"class_list":{"0":"post-83624","1":"product","2":"type-product","3":"status-publish","4":"has-post-thumbnail","6":"product_cat-calibreur","7":"product_cat-pm043-4-fr","8":"product_tag-moulin-a-plume-4-cutter","10":"first","11":"instock","12":"taxable","13":"shipping-taxable","14":"purchasable","15":"product-type-simple"},"_links":{"self":[{"href":"https:\/\/houtdraaiwerken-penkits.nl\/fr\/wp-json\/wp\/v2\/product\/83624","targetHints":{"allow":["GET"]}}],"collection":[{"href":"https:\/\/houtdraaiwerken-penkits.nl\/fr\/wp-json\/wp\/v2\/product"}],"about":[{"href":"https:\/\/houtdraaiwerken-penkits.nl\/fr\/wp-json\/wp\/v2\/types\/product"}],"replies":[{"embeddable":true,"href":"https:\/\/houtdraaiwerken-penkits.nl\/fr\/wp-json\/wp\/v2\/comments?post=83624"}],"wp:featuredmedia":[{"embeddable":true,"href":"https:\/\/houtdraaiwerken-penkits.nl\/fr\/wp-json\/wp\/v2\/media\/39953"}],"wp:attachment":[{"href":"https:\/\/houtdraaiwerken-penkits.nl\/fr\/wp-json\/wp\/v2\/media?parent=83624"}],"wp:term":[{"taxonomy":"product_brand","embeddable":true,"href":"https:\/\/houtdraaiwerken-penkits.nl\/fr\/wp-json\/wp\/v2\/product_brand?post=83624"},{"taxonomy":"product_cat","embeddable":true,"href":"https:\/\/houtdraaiwerken-penkits.nl\/fr\/wp-json\/wp\/v2\/product_cat?post=83624"},{"taxonomy":"product_tag","embeddable":true,"href":"https:\/\/houtdraaiwerken-penkits.nl\/fr\/wp-json\/wp\/v2\/product_tag?post=83624"}],"curies":[{"name":"wp","href":"https:\/\/api.w.org\/{rel}","templated":true}]}}