{"id":83627,"date":"2016-04-15T18:27:56","date_gmt":"2016-04-15T16:27:56","guid":{"rendered":"https:\/\/houtdraaiwerken-penkits.nl\/shop\/non class\u00e9\/mtrt2-support-de-mandrin-de-stylo-rotatif-a-cone-morse-mk2\/"},"modified":"2016-04-15T18:27:56","modified_gmt":"2016-04-15T16:27:56","slug":"mtrt2-support-de-mandrin-de-stylo-rotatif-a-cone-morse-mk2","status":"publish","type":"product","link":"https:\/\/houtdraaiwerken-penkits.nl\/fr\/shop\/outils\/mandrins-et-accessoires\/mtrt2-support-de-mandrin-de-stylo-rotatif-a-cone-morse-mk2\/","title":{"rendered":"MTRT2 Support de mandrin de stylo rotatif \u00e0 c\u00f4ne morse MK2"},"content":{"rendered":"","protected":false},"excerpt":{"rendered":"<p>Support de mandrin de stylo rotatif \u00e0 c\u00f4ne morse. Convient au mandrin de stylo MTM2. <\/p>\n<p>Si vous les utilisez, vous n&rsquo;avez plus besoin d&rsquo;utiliser l&rsquo;\u00e9crou molet\u00e9 et vous avez plus de chances d&rsquo;\u00e9viter que votre arbre ne se d\u00e9forme en appuyant trop fort avec le contre-centre sur l&rsquo;arbre.<\/p>\n","protected":false},"featured_media":46195,"comment_status":"open","ping_status":"closed","template":"","meta":{"_et_pb_use_builder":"","_et_pb_old_content":"","_et_gb_content_width":""},"product_brand":[],"product_cat":[3131,6497],"product_tag":[3132],"class_list":{"0":"post-83627","1":"product","2":"type-product","3":"status-publish","4":"has-post-thumbnail","6":"product_cat-mandrins-et-accessoires","7":"product_cat-mtrt2-fr","8":"product_tag-support-de-mandrin-pour-stylo-rotatif-a-cone-morse","10":"first","11":"outofstock","12":"taxable","13":"shipping-taxable","14":"purchasable","15":"product-type-simple"},"_links":{"self":[{"href":"https:\/\/houtdraaiwerken-penkits.nl\/fr\/wp-json\/wp\/v2\/product\/83627","targetHints":{"allow":["GET"]}}],"collection":[{"href":"https:\/\/houtdraaiwerken-penkits.nl\/fr\/wp-json\/wp\/v2\/product"}],"about":[{"href":"https:\/\/houtdraaiwerken-penkits.nl\/fr\/wp-json\/wp\/v2\/types\/product"}],"replies":[{"embeddable":true,"href":"https:\/\/houtdraaiwerken-penkits.nl\/fr\/wp-json\/wp\/v2\/comments?post=83627"}],"wp:featuredmedia":[{"embeddable":true,"href":"https:\/\/houtdraaiwerken-penkits.nl\/fr\/wp-json\/wp\/v2\/media\/46195"}],"wp:attachment":[{"href":"https:\/\/houtdraaiwerken-penkits.nl\/fr\/wp-json\/wp\/v2\/media?parent=83627"}],"wp:term":[{"taxonomy":"product_brand","embeddable":true,"href":"https:\/\/houtdraaiwerken-penkits.nl\/fr\/wp-json\/wp\/v2\/product_brand?post=83627"},{"taxonomy":"product_cat","embeddable":true,"href":"https:\/\/houtdraaiwerken-penkits.nl\/fr\/wp-json\/wp\/v2\/product_cat?post=83627"},{"taxonomy":"product_tag","embeddable":true,"href":"https:\/\/houtdraaiwerken-penkits.nl\/fr\/wp-json\/wp\/v2\/product_tag?post=83627"}],"curies":[{"name":"wp","href":"https:\/\/api.w.org\/{rel}","templated":true}]}}