{"id":83630,"date":"2016-04-15T19:28:17","date_gmt":"2016-04-15T17:28:17","guid":{"rendered":"https:\/\/houtdraaiwerken-penkits.nl\/shop\/non%20class\u00e9\/pm043-6\/"},"modified":"2026-04-10T16:06:33","modified_gmt":"2026-04-10T14:06:33","slug":"pm043-6","status":"publish","type":"product","link":"https:\/\/houtdraaiwerken-penkits.nl\/fr\/shop\/outils\/calibreur\/pm043-6-fr\/pm043-6\/","title":{"rendered":"PM043-6"},"content":{"rendered":"","protected":false},"excerpt":{"rendered":"<p>Jeu de 4 fraises \u00e0 stylo de 6,18 mm, 7,2 mm, 8,64 mm, 9,15 mm et d&rsquo;une t\u00eate de coupe \u00e0 6 tranchants<\/p>\n","protected":false},"featured_media":39965,"comment_status":"open","ping_status":"closed","template":"","meta":{"_et_pb_use_builder":"","_et_pb_old_content":"","_et_gb_content_width":""},"product_brand":[],"product_cat":[8427,2295,6501],"product_tag":[6502],"class_list":{"0":"post-83630","1":"product","2":"type-product","3":"status-publish","4":"has-post-thumbnail","6":"product_cat-calibreur","7":"product_cat-outils","8":"product_cat-pm043-6-fr","9":"product_tag-moulin-a-plume-6-cutter","11":"first","12":"instock","13":"taxable","14":"shipping-taxable","15":"purchasable","16":"product-type-simple"},"_links":{"self":[{"href":"https:\/\/houtdraaiwerken-penkits.nl\/fr\/wp-json\/wp\/v2\/product\/83630","targetHints":{"allow":["GET"]}}],"collection":[{"href":"https:\/\/houtdraaiwerken-penkits.nl\/fr\/wp-json\/wp\/v2\/product"}],"about":[{"href":"https:\/\/houtdraaiwerken-penkits.nl\/fr\/wp-json\/wp\/v2\/types\/product"}],"replies":[{"embeddable":true,"href":"https:\/\/houtdraaiwerken-penkits.nl\/fr\/wp-json\/wp\/v2\/comments?post=83630"}],"wp:featuredmedia":[{"embeddable":true,"href":"https:\/\/houtdraaiwerken-penkits.nl\/fr\/wp-json\/wp\/v2\/media\/39965"}],"wp:attachment":[{"href":"https:\/\/houtdraaiwerken-penkits.nl\/fr\/wp-json\/wp\/v2\/media?parent=83630"}],"wp:term":[{"taxonomy":"product_brand","embeddable":true,"href":"https:\/\/houtdraaiwerken-penkits.nl\/fr\/wp-json\/wp\/v2\/product_brand?post=83630"},{"taxonomy":"product_cat","embeddable":true,"href":"https:\/\/houtdraaiwerken-penkits.nl\/fr\/wp-json\/wp\/v2\/product_cat?post=83630"},{"taxonomy":"product_tag","embeddable":true,"href":"https:\/\/houtdraaiwerken-penkits.nl\/fr\/wp-json\/wp\/v2\/product_tag?post=83630"}],"curies":[{"name":"wp","href":"https:\/\/api.w.org\/{rel}","templated":true}]}}