{"id":84011,"date":"2019-08-24T21:47:51","date_gmt":"2019-08-24T19:47:51","guid":{"rendered":"https:\/\/houtdraaiwerken-penkits.nl\/shop\/non class\u00e9\/tube-bt143-pour-stylo-a-declic-pour-carabine\/"},"modified":"2019-08-24T21:47:51","modified_gmt":"2019-08-24T19:47:51","slug":"tube-bt143-pour-stylo-a-declic-pour-carabine","status":"publish","type":"product","link":"https:\/\/houtdraaiwerken-penkits.nl\/fr\/shop\/pieces-de-stylo\/bt143-tubes-pour-stylo-a-declic-pour-carabine\/tube-bt143-pour-stylo-a-declic-pour-carabine\/","title":{"rendered":"Tube BT143 pour stylo \u00e0 d\u00e9clic pour carabine"},"content":{"rendered":"","protected":false},"excerpt":{"rendered":"<p>BT143 tubes pour stylo \u00e0 d\u00e9clic pour carabine<\/p>\n","protected":false},"featured_media":44035,"comment_status":"open","ping_status":"closed","template":"","meta":{"_et_pb_use_builder":"","_et_pb_old_content":"","_et_gb_content_width":""},"product_brand":[],"product_cat":[6674,3279],"product_tag":[3280],"class_list":{"0":"post-84011","1":"product","2":"type-product","3":"status-publish","4":"has-post-thumbnail","6":"product_cat-bt143-tubes-pour-stylo-a-declic-pour-carabine","7":"product_cat-tubes-de-stylos","8":"product_tag-tube-de-stylo","10":"first","11":"instock","12":"taxable","13":"shipping-taxable","14":"purchasable","15":"product-type-simple"},"_links":{"self":[{"href":"https:\/\/houtdraaiwerken-penkits.nl\/fr\/wp-json\/wp\/v2\/product\/84011","targetHints":{"allow":["GET"]}}],"collection":[{"href":"https:\/\/houtdraaiwerken-penkits.nl\/fr\/wp-json\/wp\/v2\/product"}],"about":[{"href":"https:\/\/houtdraaiwerken-penkits.nl\/fr\/wp-json\/wp\/v2\/types\/product"}],"replies":[{"embeddable":true,"href":"https:\/\/houtdraaiwerken-penkits.nl\/fr\/wp-json\/wp\/v2\/comments?post=84011"}],"wp:featuredmedia":[{"embeddable":true,"href":"https:\/\/houtdraaiwerken-penkits.nl\/fr\/wp-json\/wp\/v2\/media\/44035"}],"wp:attachment":[{"href":"https:\/\/houtdraaiwerken-penkits.nl\/fr\/wp-json\/wp\/v2\/media?parent=84011"}],"wp:term":[{"taxonomy":"product_brand","embeddable":true,"href":"https:\/\/houtdraaiwerken-penkits.nl\/fr\/wp-json\/wp\/v2\/product_brand?post=84011"},{"taxonomy":"product_cat","embeddable":true,"href":"https:\/\/houtdraaiwerken-penkits.nl\/fr\/wp-json\/wp\/v2\/product_cat?post=84011"},{"taxonomy":"product_tag","embeddable":true,"href":"https:\/\/houtdraaiwerken-penkits.nl\/fr\/wp-json\/wp\/v2\/product_tag?post=84011"}],"curies":[{"name":"wp","href":"https:\/\/api.w.org\/{rel}","templated":true}]}}