{"id":84179,"date":"2019-05-26T12:31:33","date_gmt":"2019-05-26T10:31:33","guid":{"rendered":"https:\/\/houtdraaiwerken-penkits.nl\/shop\/non class\u00e9\/mecanisme-du-moulin-a-poivre-psi\/"},"modified":"2026-01-19T21:21:53","modified_gmt":"2026-01-19T20:21:53","slug":"mecanisme-du-moulin-a-poivre-psi","status":"publish","type":"product","link":"https:\/\/houtdraaiwerken-penkits.nl\/fr\/shop\/autres-kits\/kits-dustensiles-de-cuisine\/mecanisme-du-moulin-a-poivre\/mecanisme-du-moulin-a-poivre-psi\/","title":{"rendered":"M\u00e9canisme du moulin \u00e0 poivre ( PSI )"},"content":{"rendered":"<p>Mat\u00e9riel suppl\u00e9mentaire requis :<\/p>\n<p>1&Prime; Forstner bit FB1<br \/>\n1-3\/4&Prime; Forstner bit FB134<br \/>\n5\/16&Prime; Drill bit<\/p>\n","protected":false},"excerpt":{"rendered":"<p>Mat\u00e9riel suppl\u00e9mentaire requis : 1&Prime; Forstner bit FB1 1-3\/4&Prime; Forstner bit FB134 5\/16&Prime; Drill bit<\/p>\n","protected":false},"featured_media":50443,"comment_status":"open","ping_status":"closed","template":"","meta":{"_et_pb_use_builder":"","_et_pb_old_content":"","_et_gb_content_width":""},"product_brand":[],"product_cat":[6732],"product_tag":[5621,2212,2939,4840],"class_list":{"0":"post-84179","1":"product","2":"type-product","3":"status-publish","4":"has-post-thumbnail","6":"product_cat-mecanisme-du-moulin-a-poivre","7":"product_tag-kit-de-support-pour-smartphone-et-stylet","8":"product_tag-kits-de-stylos","9":"product_tag-kits-de-stylos-fr","10":"product_tag-kits-de-stylos-gear-click","12":"first","13":"instock","14":"taxable","15":"shipping-taxable","16":"purchasable","17":"product-type-variable"},"_links":{"self":[{"href":"https:\/\/houtdraaiwerken-penkits.nl\/fr\/wp-json\/wp\/v2\/product\/84179","targetHints":{"allow":["GET"]}}],"collection":[{"href":"https:\/\/houtdraaiwerken-penkits.nl\/fr\/wp-json\/wp\/v2\/product"}],"about":[{"href":"https:\/\/houtdraaiwerken-penkits.nl\/fr\/wp-json\/wp\/v2\/types\/product"}],"replies":[{"embeddable":true,"href":"https:\/\/houtdraaiwerken-penkits.nl\/fr\/wp-json\/wp\/v2\/comments?post=84179"}],"wp:featuredmedia":[{"embeddable":true,"href":"https:\/\/houtdraaiwerken-penkits.nl\/fr\/wp-json\/wp\/v2\/media\/50443"}],"wp:attachment":[{"href":"https:\/\/houtdraaiwerken-penkits.nl\/fr\/wp-json\/wp\/v2\/media?parent=84179"}],"wp:term":[{"taxonomy":"product_brand","embeddable":true,"href":"https:\/\/houtdraaiwerken-penkits.nl\/fr\/wp-json\/wp\/v2\/product_brand?post=84179"},{"taxonomy":"product_cat","embeddable":true,"href":"https:\/\/houtdraaiwerken-penkits.nl\/fr\/wp-json\/wp\/v2\/product_cat?post=84179"},{"taxonomy":"product_tag","embeddable":true,"href":"https:\/\/houtdraaiwerken-penkits.nl\/fr\/wp-json\/wp\/v2\/product_tag?post=84179"}],"curies":[{"name":"wp","href":"https:\/\/api.w.org\/{rel}","templated":true}]}}