{"id":84448,"date":"2019-11-28T19:54:38","date_gmt":"2019-11-28T18:54:38","guid":{"rendered":"https:\/\/houtdraaiwerken-penkits.nl\/shop\/non class\u00e9\/etui-a-stylos-en-velours-vert-16-x-3-cm\/"},"modified":"2019-11-28T19:54:38","modified_gmt":"2019-11-28T18:54:38","slug":"etui-a-stylos-en-velours-vert-16-x-3-cm","status":"publish","type":"product","link":"https:\/\/houtdraaiwerken-penkits.nl\/fr\/shop\/coffrets-pour-stylos\/etui-a-stylos-en-velours-vert\/etui-a-stylos-en-velours-vert-16-x-3-cm\/","title":{"rendered":"\u00c9tui \u00e0 stylos en velours vert ( 16 x 3 cm )"},"content":{"rendered":"","protected":false},"excerpt":{"rendered":"<p>\u00c9tui \u00e0 stylos en velours vert ( 16 x 3 cm )<\/p>\n","protected":false},"featured_media":51139,"comment_status":"open","ping_status":"closed","template":"","meta":{"_et_pb_use_builder":"","_et_pb_old_content":"","_et_gb_content_width":""},"product_brand":[],"product_cat":[6850],"product_tag":[3619,2213,2212],"class_list":{"0":"post-84448","1":"product","2":"type-product","3":"status-publish","4":"has-post-thumbnail","6":"product_cat-etui-a-stylos-en-velours-vert","7":"product_tag-fourreaux-de-stylos-en-velours-noir","8":"product_tag-kits-de-projets","9":"product_tag-kits-de-stylos","11":"first","12":"outofstock","13":"taxable","14":"shipping-taxable","15":"purchasable","16":"product-type-simple"},"_links":{"self":[{"href":"https:\/\/houtdraaiwerken-penkits.nl\/fr\/wp-json\/wp\/v2\/product\/84448","targetHints":{"allow":["GET"]}}],"collection":[{"href":"https:\/\/houtdraaiwerken-penkits.nl\/fr\/wp-json\/wp\/v2\/product"}],"about":[{"href":"https:\/\/houtdraaiwerken-penkits.nl\/fr\/wp-json\/wp\/v2\/types\/product"}],"replies":[{"embeddable":true,"href":"https:\/\/houtdraaiwerken-penkits.nl\/fr\/wp-json\/wp\/v2\/comments?post=84448"}],"wp:featuredmedia":[{"embeddable":true,"href":"https:\/\/houtdraaiwerken-penkits.nl\/fr\/wp-json\/wp\/v2\/media\/51139"}],"wp:attachment":[{"href":"https:\/\/houtdraaiwerken-penkits.nl\/fr\/wp-json\/wp\/v2\/media?parent=84448"}],"wp:term":[{"taxonomy":"product_brand","embeddable":true,"href":"https:\/\/houtdraaiwerken-penkits.nl\/fr\/wp-json\/wp\/v2\/product_brand?post=84448"},{"taxonomy":"product_cat","embeddable":true,"href":"https:\/\/houtdraaiwerken-penkits.nl\/fr\/wp-json\/wp\/v2\/product_cat?post=84448"},{"taxonomy":"product_tag","embeddable":true,"href":"https:\/\/houtdraaiwerken-penkits.nl\/fr\/wp-json\/wp\/v2\/product_tag?post=84448"}],"curies":[{"name":"wp","href":"https:\/\/api.w.org\/{rel}","templated":true}]}}