{"id":85474,"date":"2020-05-16T22:57:59","date_gmt":"2020-05-16T20:57:59","guid":{"rendered":"https:\/\/houtdraaiwerken-penkits.nl\/shop\/non class\u00e9\/cheque-cadeau\/"},"modified":"2020-05-16T22:57:59","modified_gmt":"2020-05-16T20:57:59","slug":"cheque-cadeau","status":"publish","type":"product","link":"https:\/\/houtdraaiwerken-penkits.nl\/fr\/shop\/cheque-cadeau\/cheque-cadeau\/","title":{"rendered":"ch\u00e8que-cadeau"},"content":{"rendered":"","protected":false},"excerpt":{"rendered":"<p>Si vous choisissez ce ch\u00e8que-cadeau, vous pouvez le faire envoyer \u00e0 votre propre e-mail ou directement \u00e0 la personne pour laquelle vous l&rsquo;avez achet\u00e9. Vous pouvez ajouter votre propre texte qui appara\u00eetra dans l&rsquo;e-mail. Sur le ch\u00e8que-cadeau figure un code \u00e0 utiliser lors de la commande. Le ch\u00e8que-cadeau reste valable ind\u00e9finiment.   <\/p>\n","protected":false},"featured_media":53551,"comment_status":"closed","ping_status":"closed","template":"","meta":{"_et_pb_use_builder":"","_et_pb_old_content":"","_et_gb_content_width":""},"product_brand":[],"product_cat":[7134],"product_tag":[],"class_list":{"0":"post-85474","1":"product","2":"type-product","3":"status-publish","4":"has-post-thumbnail","6":"product_cat-cheque-cadeau","8":"first","9":"instock","10":"taxable","11":"shipping-taxable","12":"purchasable","13":"product-type-pw-gift-card"},"_links":{"self":[{"href":"https:\/\/houtdraaiwerken-penkits.nl\/fr\/wp-json\/wp\/v2\/product\/85474","targetHints":{"allow":["GET"]}}],"collection":[{"href":"https:\/\/houtdraaiwerken-penkits.nl\/fr\/wp-json\/wp\/v2\/product"}],"about":[{"href":"https:\/\/houtdraaiwerken-penkits.nl\/fr\/wp-json\/wp\/v2\/types\/product"}],"replies":[{"embeddable":true,"href":"https:\/\/houtdraaiwerken-penkits.nl\/fr\/wp-json\/wp\/v2\/comments?post=85474"}],"wp:featuredmedia":[{"embeddable":true,"href":"https:\/\/houtdraaiwerken-penkits.nl\/fr\/wp-json\/wp\/v2\/media\/53551"}],"wp:attachment":[{"href":"https:\/\/houtdraaiwerken-penkits.nl\/fr\/wp-json\/wp\/v2\/media?parent=85474"}],"wp:term":[{"taxonomy":"product_brand","embeddable":true,"href":"https:\/\/houtdraaiwerken-penkits.nl\/fr\/wp-json\/wp\/v2\/product_brand?post=85474"},{"taxonomy":"product_cat","embeddable":true,"href":"https:\/\/houtdraaiwerken-penkits.nl\/fr\/wp-json\/wp\/v2\/product_cat?post=85474"},{"taxonomy":"product_tag","embeddable":true,"href":"https:\/\/houtdraaiwerken-penkits.nl\/fr\/wp-json\/wp\/v2\/product_tag?post=85474"}],"curies":[{"name":"wp","href":"https:\/\/api.w.org\/{rel}","templated":true}]}}