{"id":85806,"date":"2021-01-06T15:05:03","date_gmt":"2021-01-06T14:05:03","guid":{"rendered":"https:\/\/houtdraaiwerken-penkits.nl\/shop\/non class\u00e9\/kit-crochet-psi\/"},"modified":"2021-01-06T15:05:03","modified_gmt":"2021-01-06T14:05:03","slug":"kit-crochet-psi","status":"publish","type":"product","link":"https:\/\/houtdraaiwerken-penkits.nl\/fr\/shop\/autres-kits\/divers-kits\/kit-crochet-psi\/","title":{"rendered":"Kit crochet (PSI)"},"content":{"rendered":"<p>Mat\u00e9riel suppl\u00e9mentaire requis :<\/p>\n<p><a href=\"https:\/\/www.houtdraaiwerken-penkits.nl\/shop\/busjes-sets\/bu1001\/bu1001\/\">BU1001<\/a> Douilles pour kit de crochet<\/p>\n<p>Foret <a href=\"https:\/\/www.houtdraaiwerken-penkits.nl\/shop\/gereedschap-en-boren\/boren\/db008\/db008\/\">DB008<\/a> <\/p>\n<p>Moulin \u00e0 crayons <a href=\"https:\/\/www.houtdraaiwerken-penkits.nl\/shop\/gereedschap-en-boren\/gereedschap\/pm012pen-mills-hss-dia-7-2mm-l9-5cm-for-8mm-pen-tubes\/\">PM012<\/a>. Veuillez noter que pour une fraise \u00e0 stylo, vous avez \u00e9galement besoin d&rsquo;une fraise <a href=\"https:\/\/houtdraaiwerken-penkits.nl\/fr\/shop\/outils\/pm006-tete-de-coupe-3-4-a-6-tranchants-pour-fraises-pen\/\">PM006<\/a> ou <a href=\"https:\/\/houtdraaiwerken-penkits.nl\/fr\/shop\/outils\/nlpm002-tete-de-coupe-3-4-avec-4-aretes-de-coupe-pour-fraises-pen\/\">PM002<\/a>. La fraise s&rsquo;adapte \u00e0 toutes les tailles de fraises \u00e0 stylo.<\/p>\n","protected":false},"excerpt":{"rendered":"<p>Kit crochet (PSI)<\/p>\n<p>Le set comprend le mat\u00e9riel pour r\u00e9aliser 1 poign\u00e9e avec 6 aiguilles \u00e0 crochet m\u00e9talliques interchangeables. Tailles : C \/ 2 - 2,75 mm ; D3 - 3,25 mm ; E4 - 3,5 mm ; F5 - 3,75 mm ; G \/ 6 - 4 mm et H \/ 8 - 5 mm. Comprend une bo\u00eete de voyage pratique pour ranger le manche et 9 aiguilles \u00e0 crochet.  <\/p>\n","protected":false},"featured_media":55507,"comment_status":"open","ping_status":"closed","template":"","meta":{"_et_pb_use_builder":"","_et_pb_old_content":"","_et_gb_content_width":""},"product_brand":[],"product_cat":[2259,7226],"product_tag":[2939,2212,4840],"class_list":{"0":"post-85806","1":"product","2":"type-product","3":"status-publish","4":"has-post-thumbnail","6":"product_cat-divers-kits","7":"product_cat-kit-crochet-psi","8":"product_tag-kits-de-stylos-fr","9":"product_tag-kits-de-stylos","10":"product_tag-kits-de-stylos-gear-click","12":"first","13":"instock","14":"taxable","15":"shipping-taxable","16":"purchasable","17":"product-type-simple"},"_links":{"self":[{"href":"https:\/\/houtdraaiwerken-penkits.nl\/fr\/wp-json\/wp\/v2\/product\/85806","targetHints":{"allow":["GET"]}}],"collection":[{"href":"https:\/\/houtdraaiwerken-penkits.nl\/fr\/wp-json\/wp\/v2\/product"}],"about":[{"href":"https:\/\/houtdraaiwerken-penkits.nl\/fr\/wp-json\/wp\/v2\/types\/product"}],"replies":[{"embeddable":true,"href":"https:\/\/houtdraaiwerken-penkits.nl\/fr\/wp-json\/wp\/v2\/comments?post=85806"}],"wp:featuredmedia":[{"embeddable":true,"href":"https:\/\/houtdraaiwerken-penkits.nl\/fr\/wp-json\/wp\/v2\/media\/55507"}],"wp:attachment":[{"href":"https:\/\/houtdraaiwerken-penkits.nl\/fr\/wp-json\/wp\/v2\/media?parent=85806"}],"wp:term":[{"taxonomy":"product_brand","embeddable":true,"href":"https:\/\/houtdraaiwerken-penkits.nl\/fr\/wp-json\/wp\/v2\/product_brand?post=85806"},{"taxonomy":"product_cat","embeddable":true,"href":"https:\/\/houtdraaiwerken-penkits.nl\/fr\/wp-json\/wp\/v2\/product_cat?post=85806"},{"taxonomy":"product_tag","embeddable":true,"href":"https:\/\/houtdraaiwerken-penkits.nl\/fr\/wp-json\/wp\/v2\/product_tag?post=85806"}],"curies":[{"name":"wp","href":"https:\/\/api.w.org\/{rel}","templated":true}]}}