{"id":85913,"date":"2018-12-01T17:44:02","date_gmt":"2018-12-01T16:44:02","guid":{"rendered":"https:\/\/houtdraaiwerken-penkits.nl\/shop\/non class\u00e9\/activateur-ca-200ml\/"},"modified":"2026-04-10T14:53:16","modified_gmt":"2026-04-10T12:53:16","slug":"activateur-ca-200ml","status":"publish","type":"product","link":"https:\/\/houtdraaiwerken-penkits.nl\/fr\/shop\/papier-de-verre-colle-et-finition\/activateur-ca\/activateur-ca-200ml\/","title":{"rendered":"Activateur CA 200ml"},"content":{"rendered":"","protected":false},"excerpt":{"rendered":"<p>CA Activator. acc\u00e9l\u00e8re le durcissement. <\/p>\n<p>AVIS !!! Ce produit ne peut pas \u00eatre exp\u00e9di\u00e9 au Luxembourg, en Italie, en Espagne, au Portugal, en Gr\u00e8ce ou en dehors de l&rsquo;UE. Ceci est d\u00fb au fait qu&rsquo;il est souvent envoy\u00e9 par avion.  <\/p>\n","protected":false},"featured_media":49135,"comment_status":"open","ping_status":"closed","template":"","meta":{"_et_pb_use_builder":"","_et_pb_old_content":"","_et_gb_content_width":""},"product_brand":[],"product_cat":[7305],"product_tag":[3332,3333],"class_list":{"0":"post-85913","1":"product","2":"type-product","3":"status-publish","4":"has-post-thumbnail","6":"product_cat-activateur-ca","7":"product_tag-etui-a-stylo","8":"product_tag-penelope-en-cuir-noir","10":"first","11":"instock","12":"taxable","13":"shipping-taxable","14":"purchasable","15":"product-type-simple"},"_links":{"self":[{"href":"https:\/\/houtdraaiwerken-penkits.nl\/fr\/wp-json\/wp\/v2\/product\/85913","targetHints":{"allow":["GET"]}}],"collection":[{"href":"https:\/\/houtdraaiwerken-penkits.nl\/fr\/wp-json\/wp\/v2\/product"}],"about":[{"href":"https:\/\/houtdraaiwerken-penkits.nl\/fr\/wp-json\/wp\/v2\/types\/product"}],"replies":[{"embeddable":true,"href":"https:\/\/houtdraaiwerken-penkits.nl\/fr\/wp-json\/wp\/v2\/comments?post=85913"}],"wp:featuredmedia":[{"embeddable":true,"href":"https:\/\/houtdraaiwerken-penkits.nl\/fr\/wp-json\/wp\/v2\/media\/49135"}],"wp:attachment":[{"href":"https:\/\/houtdraaiwerken-penkits.nl\/fr\/wp-json\/wp\/v2\/media?parent=85913"}],"wp:term":[{"taxonomy":"product_brand","embeddable":true,"href":"https:\/\/houtdraaiwerken-penkits.nl\/fr\/wp-json\/wp\/v2\/product_brand?post=85913"},{"taxonomy":"product_cat","embeddable":true,"href":"https:\/\/houtdraaiwerken-penkits.nl\/fr\/wp-json\/wp\/v2\/product_cat?post=85913"},{"taxonomy":"product_tag","embeddable":true,"href":"https:\/\/houtdraaiwerken-penkits.nl\/fr\/wp-json\/wp\/v2\/product_tag?post=85913"}],"curies":[{"name":"wp","href":"https:\/\/api.w.org\/{rel}","templated":true}]}}