{"id":85989,"date":"2018-12-01T15:32:14","date_gmt":"2018-12-01T14:32:14","guid":{"rendered":"https:\/\/houtdraaiwerken-penkits.nl\/shop\/non class\u00e9\/ca-pen-finish-extra-low-viscosity\/"},"modified":"2026-02-12T08:47:22","modified_gmt":"2026-02-12T07:47:22","slug":"ca-pen-finish-extra-low-viscosity","status":"publish","type":"product","link":"https:\/\/houtdraaiwerken-penkits.nl\/fr\/shop\/papier-de-verre-colle-et-finition\/ca-pen-finish-20g-viscosite-extra-faible\/ca-pen-finish-extra-low-viscosity\/","title":{"rendered":"CA Pen Finish Extra Low Viscosity"},"content":{"rendered":"<p>&nbsp;<\/p>\n<p>&nbsp;<\/p>\n<p>&nbsp;<\/p>\n","protected":false},"excerpt":{"rendered":"<p>CA Pen Finish Viscosit\u00e9 tr\u00e8s faible. Adh\u00e9sif \u00e0 base de cyanoacrylate d&rsquo;\u00e9thyle <\/p>\n<p>Couramment utilis\u00e9 comme premi\u00e8re couche pour la finition des stylos avec de la colle CA.<\/p>\n","protected":false},"featured_media":49099,"comment_status":"open","ping_status":"closed","template":"","meta":{"_et_pb_use_builder":"","_et_pb_old_content":"","_et_gb_content_width":""},"product_brand":[],"product_cat":[7336,3705],"product_tag":[5270],"class_list":{"0":"post-85989","1":"product","2":"type-product","3":"status-publish","4":"has-post-thumbnail","6":"product_cat-ca-pen-finish-20g-viscosite-extra-faible","7":"product_cat-papier-de-verre-colle-et-finition","8":"product_tag-colle-instantanee","10":"first","11":"instock","12":"taxable","13":"shipping-taxable","14":"purchasable","15":"product-type-variable"},"_links":{"self":[{"href":"https:\/\/houtdraaiwerken-penkits.nl\/fr\/wp-json\/wp\/v2\/product\/85989","targetHints":{"allow":["GET"]}}],"collection":[{"href":"https:\/\/houtdraaiwerken-penkits.nl\/fr\/wp-json\/wp\/v2\/product"}],"about":[{"href":"https:\/\/houtdraaiwerken-penkits.nl\/fr\/wp-json\/wp\/v2\/types\/product"}],"replies":[{"embeddable":true,"href":"https:\/\/houtdraaiwerken-penkits.nl\/fr\/wp-json\/wp\/v2\/comments?post=85989"}],"wp:featuredmedia":[{"embeddable":true,"href":"https:\/\/houtdraaiwerken-penkits.nl\/fr\/wp-json\/wp\/v2\/media\/49099"}],"wp:attachment":[{"href":"https:\/\/houtdraaiwerken-penkits.nl\/fr\/wp-json\/wp\/v2\/media?parent=85989"}],"wp:term":[{"taxonomy":"product_brand","embeddable":true,"href":"https:\/\/houtdraaiwerken-penkits.nl\/fr\/wp-json\/wp\/v2\/product_brand?post=85989"},{"taxonomy":"product_cat","embeddable":true,"href":"https:\/\/houtdraaiwerken-penkits.nl\/fr\/wp-json\/wp\/v2\/product_cat?post=85989"},{"taxonomy":"product_tag","embeddable":true,"href":"https:\/\/houtdraaiwerken-penkits.nl\/fr\/wp-json\/wp\/v2\/product_tag?post=85989"}],"curies":[{"name":"wp","href":"https:\/\/api.w.org\/{rel}","templated":true}]}}